{"id":886,"date":"2022-10-02T11:01:23","date_gmt":"2022-10-02T09:01:23","guid":{"rendered":"https:\/\/mutuallogistics.com\/?page_id=886"},"modified":"2026-04-10T13:59:25","modified_gmt":"2026-04-10T11:59:25","slug":"contatto","status":"publish","type":"page","link":"https:\/\/mutuallogistics.com\/it\/contact\/","title":{"rendered":"Contatto"},"content":{"rendered":"<div id=\"fws_69e9008266c82\"  data-column-margin=\"default\" data-midnight=\"light\" data-top-percent=\"9%\" data-bottom-percent=\"9%\"  class=\"wpb_row vc_row-fluid vc_row full-width-section parallax_section mobile-disable-bg-image-animation\"  style=\"padding-top: calc(100vw * 0.09); padding-bottom: calc(100vw * 0.09); \"><div class=\"row-bg-wrap\" data-bg-animation=\"zoom-out-slow\" data-bg-animation-delay=\"\" data-bg-overlay=\"true\"><div class=\"inner-wrap row-bg-layer using-image\" ><div class=\"row-bg viewport-desktop using-image using-bg-color\" data-parallax-speed=\"fast\" style=\"background-image: url(https:\/\/mutuallogistics.com\/wp-content\/uploads\/2025\/07\/mutual_logistics_contact_01_1280x720.jpg); background-position: center center; background-repeat: no-repeat; background-color: #aa9a72; \"><\/div><\/div><div class=\"row-bg-overlay row-bg-layer\" style=\"background: #232322; background: linear-gradient(45deg,#232322 0%,rgba(70,70,68,0.42) 100%);  opacity: 0.3; \"><\/div><\/div><div class=\"row_col_wrap_12 col span_12 light center\">\n\t<div  class=\"vc_col-sm-12 wpb_column column_container vc_column_container col no-extra-padding inherit_tablet inherit_phone\"  data-padding-pos=\"all\" data-has-bg-color=\"false\" data-bg-color=\"\" data-bg-opacity=\"1\" data-animation=\"\" data-delay=\"0\" >\n\t\t<div class=\"vc_column-inner\" >\n\t\t\t<div class=\"wpb_wrapper\">\n\t\t\t\t<h1 style=\"text-align: center\" class=\"vc_custom_heading vc_do_custom_heading wpb_animate_when_almost_visible wpb_fadeInUp fadeInUp vc_custom_1664701078554\" >Contatto<\/h1>\n\t\t\t<\/div> \n\t\t<\/div>\n\t<\/div> \n<\/div><\/div>\n\t\t<div id=\"fws_69e9008267f65\"  data-column-margin=\"60px\" data-midnight=\"dark\" data-top-percent=\"5%\" data-bottom-percent=\"6%\"  class=\"wpb_row vc_row-fluid vc_row\"  style=\"padding-top: calc(100vw * 0.05); padding-bottom: calc(100vw * 0.06); \"><div class=\"row-bg-wrap\" data-bg-animation=\"none\" data-bg-animation-delay=\"\" data-bg-overlay=\"false\"><div class=\"inner-wrap row-bg-layer\" ><div class=\"row-bg viewport-desktop\"  style=\"\"><\/div><\/div><\/div><div class=\"row_col_wrap_12 col span_12 dark left\">\n\t<div  class=\"vc_col-sm-4 wpb_column column_container vc_column_container col no-extra-padding inherit_tablet inherit_phone\"  data-padding-pos=\"all\" data-has-bg-color=\"false\" data-bg-color=\"\" data-bg-opacity=\"1\" data-animation=\"\" data-delay=\"0\" >\n\t\t<div class=\"vc_column-inner\" >\n\t\t\t<div class=\"wpb_wrapper\">\n\t\t\t\t<div class=\"divider-wrap\" data-alignment=\"default\"><div style=\"margin-top: 12.5px; height: 1px; margin-bottom: 12.5px;\" data-width=\"100%\" data-animate=\"\" data-animation-delay=\"\" data-color=\"default\" class=\"divider-border\"><\/div><\/div>\n<div class=\"wpb_text_column wpb_content_element  vc_custom_1751555129555\" >\n\t<div class=\"wpb_wrapper\">\n\t\t<h3>Sede centrale<\/h3>\n\t<\/div>\n<\/div>\n\n\n\n\n<div class=\"wpb_text_column wpb_content_element\" >\n\t<div class=\"wpb_wrapper\">\n\t\t<p><a href=\"https:\/\/g.co\/kgs\/E5HvRAC\" target=\"_blank\" rel=\"noopener\">17 bis rue Sadi Carnot<br \/>\n14000 CAEN<br \/>\nFRANCIA<\/a><\/p>\n<h4>Tel: <a href=\"tel:0231249238\" rel=\"noopener\"><strong>02 31 24 92 38<\/strong><\/a><\/h4>\n<p>E-mail : <a href=\"mailto:contact@mutuallogistics.com\">contact@mutuallogistics.com<\/a><\/p>\n\t<\/div>\n<\/div>\n\n\n\n<div class=\"divider-wrap\" data-alignment=\"default\"><div style=\"margin-top: 12.5px; height: 1px; margin-bottom: 12.5px;\" data-width=\"100%\" data-animate=\"\" data-animation-delay=\"\" data-color=\"default\" class=\"divider-border\"><\/div><\/div>\n<div class=\"wpb_text_column wpb_content_element  vc_custom_1751387786617\" >\n\t<div class=\"wpb_wrapper\">\n\t\t<h3>Sede operativa \/ Contabilit\u00e0<\/h3>\n\t<\/div>\n<\/div>\n\n\n\n\n<div class=\"wpb_text_column wpb_content_element\" >\n\t<div class=\"wpb_wrapper\">\n\t\t<p><a href=\"https:\/\/g.co\/kgs\/ZhhCB7y\" target=\"_blank\" rel=\"noopener\">BAT H, parc mail, 523 cours du troisi\u00e8me Mill\u00e9naire<br \/>\n69800 SAINT-PRIEST<br \/>\nFRANCIA<\/a><\/p>\n<h4>Tel: <a href=\"tel:0472210980\" rel=\"noopener\"><strong>04 72 21 09 80<\/strong><\/a><\/h4>\n<p>E-mail : <a href=\"mailto:contact@mutuallogistics.com\">contact@mutuallogistics.com<\/a><\/p>\n\t<\/div>\n<\/div>\n\n\n\n<div class=\"divider-wrap\" data-alignment=\"default\"><div style=\"margin-top: 12.5px; height: 1px; margin-bottom: 12.5px;\" data-width=\"100%\" data-animate=\"\" data-animation-delay=\"\" data-color=\"default\" class=\"divider-border\"><\/div><\/div>\n<div class=\"wpb_text_column wpb_content_element\" >\n\t<div class=\"wpb_wrapper\">\n\t\t<p>Avete bisogno di contattare una delle nostre filiali?<br \/>\n<a href=\"https:\/\/mutuallogistics.com\/it\/luoghi\/\"><strong>&gt; Ricerca di agenzie di logistica reciproca<\/strong><\/a><\/p>\n\t<\/div>\n<\/div>\n\n\n\n<div class=\"divider-wrap\" data-alignment=\"default\"><div style=\"margin-top: 12.5px; height: 1px; margin-bottom: 12.5px;\" data-width=\"100%\" data-animate=\"\" data-animation-delay=\"\" data-color=\"default\" class=\"divider-border\"><\/div><\/div>\n\t\t\t<\/div> \n\t\t<\/div>\n\t<\/div> \n\n\t<div  class=\"vc_col-sm-8 wpb_column column_container vc_column_container col no-extra-padding inherit_tablet inherit_phone\"  data-padding-pos=\"all\" data-has-bg-color=\"false\" data-bg-color=\"\" data-bg-opacity=\"1\" data-animation=\"\" data-delay=\"0\" >\n\t\t<div class=\"vc_column-inner\" >\n\t\t\t<div class=\"wpb_wrapper\">\n\t\t\t\t\n<div class=\"wpb_text_column wpb_content_element\" >\n\t<div class=\"wpb_wrapper\">\n\t\t<h2>Modulo di contatto<\/h2>\n\t<\/div>\n<\/div>\n\n\n\n\n<div class=\"wpcf7 no-js\" id=\"wpcf7-f889-o1\" lang=\"fr-FR\" dir=\"ltr\" data-wpcf7-id=\"889\">\n<div class=\"screen-reader-response\"><p role=\"status\" aria-live=\"polite\" aria-atomic=\"true\"><\/p> <ul><\/ul><\/div>\n<form action=\"\/it\/wp-json\/wp\/v2\/pages\/886#wpcf7-f889-o1\" method=\"post\" class=\"wpcf7-form init\" aria-label=\"Modulo di contatto\" novalidate=\"novalidate\" data-status=\"init\" data-trp-original-action=\"\/it\/wp-json\/wp\/v2\/pages\/886#wpcf7-f889-o1\">\n<fieldset class=\"hidden-fields-container\"><input type=\"hidden\" name=\"_wpcf7\" value=\"889\" \/><input type=\"hidden\" name=\"_wpcf7_version\" value=\"6.1.5\" \/><input type=\"hidden\" name=\"_wpcf7_locale\" value=\"fr_FR\" \/><input type=\"hidden\" name=\"_wpcf7_unit_tag\" value=\"wpcf7-f889-o1\" \/><input type=\"hidden\" name=\"_wpcf7_container_post\" value=\"0\" \/><input type=\"hidden\" name=\"_wpcf7_posted_data_hash\" value=\"\" \/><input type=\"hidden\" name=\"_wpcf7_recaptcha_response\" value=\"\" \/>\n<\/fieldset>\n<p><label>Nome e cognome (obbligatorio) <span class=\"wpcf7-form-control-wrap\" data-name=\"your-name\"><input size=\"40\" maxlength=\"400\" class=\"wpcf7-form-control wpcf7-text wpcf7-validates-as-required\" aria-required=\"true\" aria-invalid=\"false\" value=\"\" type=\"text\" name=\"your-name\" \/><\/span><\/label><br \/>\n<label>E-mail (obbligatorio) <span class=\"wpcf7-form-control-wrap\" data-name=\"your-email\"><input size=\"40\" maxlength=\"400\" class=\"wpcf7-form-control wpcf7-email wpcf7-validates-as-required wpcf7-text wpcf7-validates-as-email\" aria-required=\"true\" aria-invalid=\"false\" value=\"\" type=\"email\" name=\"your-email\" \/><\/span><\/label><br \/>\n<label>Telefono <span class=\"wpcf7-form-control-wrap\" data-name=\"your-tel\"><input size=\"40\" maxlength=\"400\" class=\"wpcf7-form-control wpcf7-text\" aria-invalid=\"false\" value=\"\" type=\"text\" name=\"your-tel\" \/><\/span><\/label><br \/>\n<label>Oggetto (obbligatorio) <span class=\"wpcf7-form-control-wrap\" data-name=\"your-subject\"><input size=\"40\" maxlength=\"400\" class=\"wpcf7-form-control wpcf7-text wpcf7-validates-as-required\" aria-required=\"true\" aria-invalid=\"false\" value=\"\" type=\"text\" name=\"your-subject\" \/><\/span><\/label><br \/>\n<label>Messaggio <span class=\"wpcf7-form-control-wrap\" data-name=\"your-message\"><textarea cols=\"40\" rows=\"10\" maxlength=\"2000\" class=\"wpcf7-form-control wpcf7-textarea wpcf7-validates-as-required\" aria-required=\"true\" aria-invalid=\"false\" name=\"your-message\"><\/textarea><\/span><\/label><br \/>\n<span id=\"wpcf7-69e900826b9c7-wrapper\" class=\"wpcf7-form-control-wrap honeypot-562-wrap\" ><input type=\"hidden\" name=\"honeypot-562-time-start\" value=\"1776877698\"><input type=\"hidden\" name=\"honeypot-562-time-check\" value=\"4\"><label for=\"Entreprise\" class=\"hp-message\">Veuillez laisser ce champ vide.<\/label><input id=\"Entreprise\"  placeholder=\"Azienda\"  class=\"wpcf7-form-control wpcf7-text\" type=\"text\" name=\"honeypot-562\" value=\"\" size=\"40\" tabindex=\"-1\" autocomplete=\"off\" \/><\/span><br \/>\n<span id=\"wpcf7-69e900826ba2e-wrapper\" class=\"wpcf7-form-control-wrap honeypot-272-wrap\" ><input type=\"hidden\" name=\"honeypot-272-time-start\" value=\"1776877698\"><input type=\"hidden\" name=\"honeypot-272-time-check\" value=\"4\"><label for=\"Fonction\" class=\"hp-message\">Veuillez laisser ce champ vide.<\/label><input id=\"Fonction\"  placeholder=\"Funzione\"  class=\"wpcf7-form-control wpcf7-text\" type=\"text\" name=\"honeypot-272\" value=\"\" size=\"40\" tabindex=\"-1\" autocomplete=\"off\" \/><\/span><br \/>\n<span id=\"wpcf7-69e900826ba74-wrapper\" class=\"wpcf7-form-control-wrap honeypot-29-wrap\" ><input type=\"hidden\" name=\"honeypot-29-time-start\" value=\"1776877698\"><input type=\"hidden\" name=\"honeypot-29-time-check\" value=\"4\"><label for=\"ville\" class=\"hp-message\">Veuillez laisser ce champ vide.<\/label><input id=\"ville\"  placeholder=\"Citt\u00e0\"  class=\"wpcf7-form-control wpcf7-text\" type=\"text\" name=\"honeypot-29\" value=\"\" size=\"40\" tabindex=\"-1\" autocomplete=\"off\" \/><\/span><br \/>\n<input class=\"wpcf7-form-control wpcf7-submit has-spinner\" type=\"submit\" value=\"Inviare\" \/>\n<\/p><div class=\"wpcf7-response-output\" aria-hidden=\"true\"><\/div>\n<input type=\"hidden\" name=\"trp-form-language\" value=\"it\"\/><\/form>\n<\/div>\n\n\t\t\t<\/div> \n\t\t<\/div>\n\t<\/div> \n<\/div><\/div>","protected":false},"excerpt":{"rendered":"Contact Si\u00e8ge Social 17 bis rue Sadi Carnot 14000 CAEN FRANCE T\u00e9l : 02 31 24 92 38 E-mail : contact@mutuallogistics.com Si\u00e8ge Op\u00e9rationnel \/ Comptabilit\u00e9 BAT H, parc mail, 523...","protected":false},"author":1,"featured_media":2986,"parent":0,"menu_order":0,"comment_status":"closed","ping_status":"closed","template":"","meta":{"_seopress_robots_primary_cat":"","_seopress_titles_title":"","_seopress_titles_desc":"Besoin d'information sur nos solutions, nos secteurs d'activit\u00e9 ou sur un autre sujet ? Contactez-nous par t\u00e9l\u00e9phone ou via notre formulaire de contact.","_seopress_robots_index":"","inline_featured_image":false,"footnotes":""},"class_list":["post-886","page","type-page","status-publish","has-post-thumbnail"],"_links":{"self":[{"href":"https:\/\/mutuallogistics.com\/it\/wp-json\/wp\/v2\/pages\/886","targetHints":{"allow":["GET"]}}],"collection":[{"href":"https:\/\/mutuallogistics.com\/it\/wp-json\/wp\/v2\/pages"}],"about":[{"href":"https:\/\/mutuallogistics.com\/it\/wp-json\/wp\/v2\/types\/page"}],"author":[{"embeddable":true,"href":"https:\/\/mutuallogistics.com\/it\/wp-json\/wp\/v2\/users\/1"}],"replies":[{"embeddable":true,"href":"https:\/\/mutuallogistics.com\/it\/wp-json\/wp\/v2\/comments?post=886"}],"version-history":[{"count":14,"href":"https:\/\/mutuallogistics.com\/it\/wp-json\/wp\/v2\/pages\/886\/revisions"}],"predecessor-version":[{"id":6945,"href":"https:\/\/mutuallogistics.com\/it\/wp-json\/wp\/v2\/pages\/886\/revisions\/6945"}],"wp:featuredmedia":[{"embeddable":true,"href":"https:\/\/mutuallogistics.com\/it\/wp-json\/wp\/v2\/media\/2986"}],"wp:attachment":[{"href":"https:\/\/mutuallogistics.com\/it\/wp-json\/wp\/v2\/media?parent=886"}],"curies":[{"name":"wp","href":"https:\/\/api.w.org\/{rel}","templated":true}]}}