{"id":3339,"date":"2025-07-09T12:42:59","date_gmt":"2025-07-09T10:42:59","guid":{"rendered":"https:\/\/mutuallogistics.com\/?page_id=3339"},"modified":"2025-07-11T16:41:03","modified_gmt":"2025-07-11T14:41:03","slug":"domanda-non-richiesta","status":"publish","type":"page","link":"https:\/\/mutuallogistics.com\/it\/candidature-spontanee\/","title":{"rendered":"Domanda non richiesta"},"content":{"rendered":"<div id=\"fws_69e8fed9daffd\"  data-column-margin=\"default\" data-midnight=\"light\" data-top-percent=\"9%\" data-bottom-percent=\"9%\"  class=\"wpb_row vc_row-fluid vc_row full-width-section parallax_section mobile-disable-bg-image-animation\"  style=\"padding-top: calc(100vw * 0.09); padding-bottom: calc(100vw * 0.09); \"><div class=\"row-bg-wrap\" data-bg-animation=\"zoom-out-slow\" data-bg-animation-delay=\"\" data-bg-overlay=\"true\"><div class=\"inner-wrap row-bg-layer using-image\" ><div class=\"row-bg viewport-desktop using-image using-bg-color\" data-parallax-speed=\"fast\" style=\"background-image: url(https:\/\/mutuallogistics.com\/wp-content\/uploads\/2025\/05\/mutual_logistics_02_1280x720.jpg); background-position: center center; background-repeat: no-repeat; background-color: #aa9a72; \"><\/div><\/div><div class=\"row-bg-overlay row-bg-layer\" style=\"background: rgba(20,20,19,0.85); background: linear-gradient(45deg,rgba(20,20,19,0.85) 0%,rgba(70,70,68,0.42) 100%);  opacity: 0.95; \"><\/div><\/div><div class=\"row_col_wrap_12 col span_12 light center\">\n\t<div  class=\"vc_col-sm-12 wpb_column column_container vc_column_container col no-extra-padding inherit_tablet inherit_phone\"  data-padding-pos=\"all\" data-has-bg-color=\"false\" data-bg-color=\"\" data-bg-opacity=\"1\" data-animation=\"\" data-delay=\"0\" >\n\t\t<div class=\"vc_column-inner\" >\n\t\t\t<div class=\"wpb_wrapper\">\n\t\t\t\t<h1 style=\"text-align: center\" class=\"vc_custom_heading vc_do_custom_heading wpb_animate_when_almost_visible wpb_fadeInUp fadeInUp vc_custom_1752057301866\" >Domanda non richiesta<\/h1>\n\t\t\t<\/div> \n\t\t<\/div>\n\t<\/div> \n<\/div><\/div>\n\t\t<div id=\"fws_69e8fed9dbd95\"  data-column-margin=\"60px\" data-midnight=\"dark\" data-top-percent=\"5%\" data-bottom-percent=\"2%\"  class=\"wpb_row vc_row-fluid vc_row vc_row-o-equal-height vc_row-flex vc_row-o-content-middle  reverse_columns_column_tablet reverse_columns_column_phone bottom_padding_tablet_60px bottom_padding_phone_80px\"  style=\"padding-top: calc(100vw * 0.05); padding-bottom: calc(100vw * 0.02); \"><div class=\"row-bg-wrap\" data-bg-animation=\"none\" data-bg-animation-delay=\"\" data-bg-overlay=\"false\"><div class=\"inner-wrap row-bg-layer\" ><div class=\"row-bg viewport-desktop\"  style=\"\"><\/div><\/div><\/div><div class=\"row_col_wrap_12 col span_12 dark left\">\n\t<div style=\"margin-top: 20px; \" class=\"vc_col-sm-3 wpb_column column_container vc_column_container col has-animation no-extra-padding inherit_tablet inherit_phone mobile-disable-entrance-animation\"  data-padding-pos=\"all\" data-has-bg-color=\"false\" data-bg-color=\"\" data-bg-opacity=\"1\" data-animation=\"fade-in-from-bottom\" data-delay=\"0\" >\n\t\t<div class=\"vc_column-inner\" >\n\t\t\t<div class=\"wpb_wrapper\">\n\t\t\t\t\n\t\t\t<\/div> \n\t\t<\/div>\n\t<\/div> \n\n\t<div  class=\"vc_col-sm-6 wpb_column column_container vc_column_container col no-extra-padding inherit_tablet inherit_phone\"  data-padding-pos=\"all\" data-has-bg-color=\"false\" data-bg-color=\"\" data-bg-opacity=\"1\" data-animation=\"\" data-delay=\"0\" >\n\t\t<div class=\"vc_column-inner\" >\n\t\t\t<div class=\"wpb_wrapper\">\n\t\t\t\t\n<div class=\"wpb_text_column wpb_content_element\" >\n\t<div class=\"wpb_wrapper\">\n\t\t<h2>Invia la tua candidatura<\/h2>\n\t<\/div>\n<\/div>\n\n\n\n<div class=\"toggles\" data-br=\"none\" data-starting=\"default\" data-style=\"default\"><div class=\"toggle default\" data-inner-wrap=\"true\"><h3 class=\"toggle-title\"><a href=\"#\" role=\"button\" class=\"toggle-heading\"><i role=\"presentation\" class=\"fa fa-plus-circle\"><\/i>I vostri dati, i vostri diritti. Clicca qui per saperne di pi\u00f9.<\/a><\/h3><div><div class=\"inner-toggle-wrap\">\n<div class=\"wpb_text_column wpb_content_element\" >\n\t<div class=\"wpb_wrapper\">\n\t\t<p>I dati personali raccolti sono trattati da Mutual Logistics in qualit\u00e0 di titolare del trattamento. La finalit\u00e0 di questo trattamento, basato sul consenso dell'utente, \u00e8 la gestione del reclutamento. I dati contrassegnati dall'asterisco sono obbligatori in quanto strettamente necessari per la finalit\u00e0 indicata. L'eventuale rifiuto a fornire, in tutto o in parte, tali dati comporter\u00e0 l'impossibilit\u00e0 di gestire la Sua candidatura. Gli altri dati non sono obbligatori, ma restano rilevanti per perfezionare la candidatura e migliorarne l'elaborazione. Le candidature presentate potranno essere profilate mediante l'attribuzione di un punteggio in base alla loro corrispondenza con le aspettative della\/e posizione\/i (classifica delle candidature dalla pi\u00f9 vicina alla pi\u00f9 lontana dalle aspettative della posizione in termini di anni di esperienza, ad esempio). Questa profilazione pu\u00f2 essere presa in considerazione nell'esame delle candidature, ma non pu\u00f2 essere presa alcuna decisione completamente automatizzata sulla sua unica base. I dati saranno conservati per 2 anni dall'ultimo contatto con l'utente. I destinatari dei dati sono il personale di Mutual Logistics incaricato del reclutamento e il personale del nostro subappaltatore incaricato di implementare e mantenere la nostra piattaforma di reclutamento. I dati personali raccolti nel corso del trattamento in conformit\u00e0 agli scopi concordati non saranno trasferiti in nessun paese al di fuori dell'Unione Europea. Avete il diritto di accesso, rettifica, opposizione, portabilit\u00e0 dei vostri dati, limitazione del trattamento e cancellazione, e questo alle condizioni previste dal Regolamento 2016\/679 del 27 aprile 2016. Avete inoltre il diritto di proporre reclamo a un'autorit\u00e0 di controllo. Avete inoltre il diritto di definire le direttive relative alla conservazione, alla cancellazione e alla comunicazione dei vostri dati personali in caso di decesso, e questo ai sensi della Legge per una Repubblica Digitale del 7 ottobre 2016. Pu\u00f2 esercitare questi diritti, accompagnando la sua richiesta con una copia di qualsiasi documento d'identit\u00e0 firmato e certificato come copia conforme all'originale, al Responsabile della Protezione dei Dati del Dipartimento Reclutamento di Mutual Logistics, via e-mail a contact@mutuallogistics.com o per posta a Mutual Logistics, 17 bis rue Sadi Carnot, 14000 CAEN.<\/p>\n\t<\/div>\n<\/div>\n\n\n\n<\/div><\/div><\/div><\/div>\n\n\n\n\n\n\n\n\n\n\n\n\n\n\n\n\n\n\n\n\n<div class=\"wpcf7 no-js\" id=\"wpcf7-f3338-o1\" lang=\"fr-FR\" dir=\"ltr\" data-wpcf7-id=\"3338\">\n<div class=\"screen-reader-response\"><p role=\"status\" aria-live=\"polite\" aria-atomic=\"true\"><\/p> <ul><\/ul><\/div>\n<form action=\"\/it\/wp-json\/wp\/v2\/pages\/3339#wpcf7-f3338-o1\" method=\"post\" class=\"wpcf7-form init\" aria-label=\"Modulo di contatto\" enctype=\"multipart\/form-data\" novalidate=\"novalidate\" data-status=\"init\" data-trp-original-action=\"\/it\/wp-json\/wp\/v2\/pages\/3339#wpcf7-f3338-o1\">\n<fieldset class=\"hidden-fields-container\"><input type=\"hidden\" name=\"_wpcf7\" value=\"3338\" \/><input type=\"hidden\" name=\"_wpcf7_version\" value=\"6.1.5\" \/><input type=\"hidden\" name=\"_wpcf7_locale\" value=\"fr_FR\" \/><input type=\"hidden\" name=\"_wpcf7_unit_tag\" value=\"wpcf7-f3338-o1\" \/><input type=\"hidden\" name=\"_wpcf7_container_post\" value=\"0\" \/><input type=\"hidden\" name=\"_wpcf7_posted_data_hash\" value=\"\" \/><input type=\"hidden\" name=\"_wpcf7_recaptcha_response\" value=\"\" \/>\n<\/fieldset>\n<div id=\"form-candidature-spontanee\">\n\t<p><label> Civilit\u00e0 * <\/label><br \/>\n<span class=\"wpcf7-form-control-wrap\" data-name=\"civilite\"><select class=\"wpcf7-form-control wpcf7-select wpcf7-validates-as-required\" aria-required=\"true\" aria-invalid=\"false\" name=\"civilite\"><option value=\"\">&#8212;Veuillez choisir une option&#8212;<\/option><option value=\"Madame\">La signora<\/option><option value=\"Monsieur\">Il Sig.<\/option><\/select><\/span>\n\t<\/p>\n\t<p><label> Nome *<br \/>\n<span class=\"wpcf7-form-control-wrap\" data-name=\"your-name\"><input size=\"40\" maxlength=\"400\" class=\"wpcf7-form-control wpcf7-text wpcf7-validates-as-required\" aria-required=\"true\" aria-invalid=\"false\" value=\"\" type=\"text\" name=\"your-name\" \/><\/span> <\/label>\n\t<\/p>\n\t<p><label> Nome *<br \/>\n<span class=\"wpcf7-form-control-wrap\" data-name=\"your-firstname\"><input size=\"40\" maxlength=\"400\" class=\"wpcf7-form-control wpcf7-text wpcf7-validates-as-required\" aria-required=\"true\" aria-invalid=\"false\" value=\"\" type=\"text\" name=\"your-firstname\" \/><\/span> <\/label>\n\t<\/p>\n\t<p><label> E-mail *<br \/>\n<span class=\"wpcf7-form-control-wrap\" data-name=\"your-email\"><input size=\"40\" maxlength=\"400\" class=\"wpcf7-form-control wpcf7-email wpcf7-validates-as-required wpcf7-text wpcf7-validates-as-email\" aria-required=\"true\" aria-invalid=\"false\" value=\"\" type=\"email\" name=\"your-email\" \/><\/span> <\/label>\n\t<\/p>\n\t<p><label> Numero di telefono <\/label><br \/>\n<span class=\"wpcf7-form-control-wrap\" data-name=\"telephone\"><input size=\"40\" maxlength=\"400\" class=\"wpcf7-form-control wpcf7-tel wpcf7-validates-as-required wpcf7-text wpcf7-validates-as-tel\" aria-required=\"true\" aria-invalid=\"false\" value=\"\" type=\"tel\" name=\"telephone\" \/><\/span>\n\t<\/p>\n\t<p><label> CV *<br \/>\n<span class=\"wpcf7-form-control-wrap\" data-name=\"cv\"><input size=\"40\" class=\"wpcf7-form-control wpcf7-file wpcf7-validates-as-required\" accept=\".jpg,.jpeg,.png,.gif,.pdf,.doc,.docx,.ppt,.pptx,.odt\" aria-required=\"true\" aria-invalid=\"false\" type=\"file\" name=\"cv\" \/><\/span> <\/label>\n\t<\/p>\n\t<p><label> Altro documento<br \/>\n<span class=\"wpcf7-form-control-wrap\" data-name=\"ldm\"><input size=\"40\" class=\"wpcf7-form-control wpcf7-file\" accept=\".jpg,.jpeg,.png,.gif,.pdf,.doc,.docx,.ppt,.pptx,.odt\" aria-invalid=\"false\" type=\"file\" name=\"ldm\" \/><\/span> <\/label>\n\t<\/p>\n\t<p><label> Message * <\/label><br \/>\n<span class=\"wpcf7-form-control-wrap\" data-name=\"message\"><textarea cols=\"40\" rows=\"10\" maxlength=\"2000\" class=\"wpcf7-form-control wpcf7-textarea wpcf7-validates-as-required\" aria-required=\"true\" aria-invalid=\"false\" name=\"message\"><\/textarea><\/span><br \/>\n<span id=\"wpcf7-69e8fed9df323-wrapper\" class=\"wpcf7-form-control-wrap honeypot-414-wrap\" ><input type=\"hidden\" name=\"honeypot-414-time-start\" value=\"1776877273\"><input type=\"hidden\" name=\"honeypot-414-time-check\" value=\"4\"><label for=\"ville\" class=\"hp-message\">Veuillez laisser ce champ vide.<\/label><input id=\"ville\"  placeholder=\"Citt\u00e0\"  class=\"wpcf7-form-control wpcf7-text\" type=\"text\" name=\"honeypot-414\" value=\"\" size=\"40\" tabindex=\"-1\" autocomplete=\"off\" \/><\/span>\n\t<\/p>\n\t<p style=\"font-size: 14px; font-style: italic; line-height: 1.4em; color: #909090;\">* Les champs signal\u00e9s ci-dessus par un ast\u00e9risque sont obligatoires afin que nous puissions r\u00e9pondre \u00e0 votre demande.\n\t<\/p>\n\t<p>Acconsento al trattamento dei miei dati alle condizioni sopra indicate (cliccare sul pulsante o sul link \"I tuoi dati, i tuoi diritti. Clicca qui per saperne di pi\u00f9\"). Riconosco di avere il diritto di revocare il mio consenso in qualsiasi momento inviando una richiesta via e-mail a contact@mutuallogistics.com.\n\t<\/p>\n\t<p><span class=\"wpcf7-form-control-wrap\" data-name=\"Consentement\"><span class=\"wpcf7-form-control wpcf7-checkbox wpcf7-validates-as-required\"><span class=\"wpcf7-list-item first last\"><input type=\"checkbox\" name=\"Consentement[]\" value=\"Accepter le traitement des donn\u00e9es par Mutual Logistics\" \/><span class=\"wpcf7-list-item-label\">Acconsentire al trattamento dei dati da parte di Mutual Logistics<\/span><\/span><\/span><\/span>\n\t<\/p>\n\t<p><input class=\"wpcf7-form-control wpcf7-submit has-spinner\" type=\"submit\" value=\"Inviare\" \/>\n\t<\/p>\n<\/div><div class=\"wpcf7-response-output\" aria-hidden=\"true\"><\/div>\n<input type=\"hidden\" name=\"trp-form-language\" value=\"it\"\/><\/form>\n<\/div>\n\n\t\t\t<\/div> \n\t\t<\/div>\n\t<\/div> \n\n\t<div  class=\"vc_col-sm-3 wpb_column column_container vc_column_container col no-extra-padding inherit_tablet inherit_phone\"  data-padding-pos=\"all\" data-has-bg-color=\"false\" data-bg-color=\"\" data-bg-opacity=\"1\" data-animation=\"\" data-delay=\"0\" >\n\t\t<div class=\"vc_column-inner\" >\n\t\t\t<div class=\"wpb_wrapper\">\n\t\t\t\t\n\t\t\t<\/div> \n\t\t<\/div>\n\t<\/div> \n<\/div><\/div>\n\t\t<div id=\"fws_69e8fed9e07ea\"  data-column-margin=\"default\" data-midnight=\"light\" data-top-percent=\"2%\" data-bottom-percent=\"2%\"  class=\"wpb_row vc_row-fluid vc_row full-width-section vc_row-o-equal-height vc_row-flex vc_row-o-content-middle parallax_section top_padding_phone_40px bottom_padding_phone_60px\"  style=\"padding-top: calc(100vw * 0.02); padding-bottom: calc(100vw * 0.02); \"><div class=\"row-bg-wrap\" data-bg-animation=\"none\" data-bg-animation-delay=\"\" data-bg-overlay=\"false\"><div class=\"inner-wrap row-bg-layer\" ><div class=\"row-bg viewport-desktop using-bg-color\" data-parallax-speed=\"fixed\" style=\"background-color: #AA9A72; \"><\/div><\/div><\/div><div class=\"row_col_wrap_12 col span_12 light left\">\n\t<div  class=\"vc_col-sm-8 wpb_column column_container vc_column_container col no-extra-padding inherit_tablet inherit_phone\"  data-padding-pos=\"all\" data-has-bg-color=\"false\" data-bg-color=\"\" data-bg-opacity=\"1\" data-animation=\"\" data-delay=\"0\" >\n\t\t<div class=\"vc_column-inner\" >\n\t\t\t<div class=\"wpb_wrapper\">\n\t\t\t\t<div class=\"divider-wrap\" data-alignment=\"default\"><div style=\"height: 25px;\" class=\"divider\"><\/div><\/div><h4 style=\"text-align: left\" class=\"vc_custom_heading vc_do_custom_heading wpb_animate_when_almost_visible wpb_fadeInUp fadeInUp vc_custom_1752058787383\" >Siete pronti ad affrontare nuove sfide? Abbiamo quello che fa per voi:<\/h4>\n\t\t\t<\/div> \n\t\t<\/div>\n\t<\/div> \n\n\t<div  class=\"vc_col-sm-4 wpb_column column_container vc_column_container col no-extra-padding force-desktop-text-align-center inherit_tablet inherit_phone\"  data-padding-pos=\"all\" data-has-bg-color=\"false\" data-bg-color=\"\" data-bg-opacity=\"1\" data-animation=\"\" data-delay=\"0\" >\n\t\t<div class=\"vc_column-inner\" >\n\t\t\t<div class=\"wpb_wrapper\">\n\t\t\t\t<a class=\"nectar-button medium see-through-2  wpb_animate_when_almost_visible wpb_fadeInUp fadeInUp\"  role=\"button\" style=\"\"  href=\"https:\/\/mutuallogistics.com\/it\/le-nostre-offerte-di-lavoro\/\" data-color-override=\"false\"  data-hover-color-override=\"#CEB888\" data-hover-text-color-override=\"#ffffff\"><span>SCOPRI LE NOSTRE OFFERTE<\/span><\/a>\n\t\t\t<\/div> \n\t\t<\/div>\n\t<\/div> \n<\/div><\/div>","protected":false},"excerpt":{"rendered":"Candidature spontan\u00e9e D\u00e9posez votre candidature Vos donn\u00e9es, vos droits. Cliquez ici pour -&gt; en savoir plus. Les donn\u00e9es \u00e0 caract\u00e8re personnel recueillies font l\u2019objet d\u2019un traitement informatique mis en \u0153uvre...","protected":false},"author":1,"featured_media":2986,"parent":0,"menu_order":0,"comment_status":"closed","ping_status":"closed","template":"","meta":{"_seopress_robots_primary_cat":"","_seopress_titles_title":"","_seopress_titles_desc":"Vous ne trouvez pas d'offre correspondant \u00e0 vos attentes, mais vous pensez avoir le profil id\u00e9al pour rejoindre nos \u00e9quipes ? Postulez en candidature spontan\u00e9e !","_seopress_robots_index":"","inline_featured_image":false,"footnotes":""},"class_list":["post-3339","page","type-page","status-publish","has-post-thumbnail"],"_links":{"self":[{"href":"https:\/\/mutuallogistics.com\/it\/wp-json\/wp\/v2\/pages\/3339","targetHints":{"allow":["GET"]}}],"collection":[{"href":"https:\/\/mutuallogistics.com\/it\/wp-json\/wp\/v2\/pages"}],"about":[{"href":"https:\/\/mutuallogistics.com\/it\/wp-json\/wp\/v2\/types\/page"}],"author":[{"embeddable":true,"href":"https:\/\/mutuallogistics.com\/it\/wp-json\/wp\/v2\/users\/1"}],"replies":[{"embeddable":true,"href":"https:\/\/mutuallogistics.com\/it\/wp-json\/wp\/v2\/comments?post=3339"}],"version-history":[{"count":11,"href":"https:\/\/mutuallogistics.com\/it\/wp-json\/wp\/v2\/pages\/3339\/revisions"}],"predecessor-version":[{"id":6844,"href":"https:\/\/mutuallogistics.com\/it\/wp-json\/wp\/v2\/pages\/3339\/revisions\/6844"}],"wp:featuredmedia":[{"embeddable":true,"href":"https:\/\/mutuallogistics.com\/it\/wp-json\/wp\/v2\/media\/2986"}],"wp:attachment":[{"href":"https:\/\/mutuallogistics.com\/it\/wp-json\/wp\/v2\/media?parent=3339"}],"curies":[{"name":"wp","href":"https:\/\/api.w.org\/{rel}","templated":true}]}}