{"id":3226,"date":"2025-06-24T09:57:48","date_gmt":"2025-06-24T07:57:48","guid":{"rendered":"https:\/\/mutuallogistics.com\/?page_id=3226"},"modified":"2025-07-11T16:35:23","modified_gmt":"2025-07-11T14:35:23","slug":"settori-di-attivita","status":"publish","type":"page","link":"https:\/\/mutuallogistics.com\/it\/secteurs-dactivite\/","title":{"rendered":"Secteurs d&rsquo;activit\u00e9"},"content":{"rendered":"<div id=\"fws_69d625efe4f69\"  data-column-margin=\"default\" data-midnight=\"light\" data-top-percent=\"9%\" data-bottom-percent=\"9%\"  class=\"wpb_row vc_row-fluid vc_row full-width-section parallax_section mobile-disable-bg-image-animation\"  style=\"padding-top: calc(100vw * 0.09); padding-bottom: calc(100vw * 0.09); \"><div class=\"row-bg-wrap\" data-bg-animation=\"zoom-out-slow\" data-bg-animation-delay=\"\" data-bg-overlay=\"true\"><div class=\"inner-wrap row-bg-layer using-image\" ><div class=\"row-bg viewport-desktop using-image using-bg-color\" data-parallax-speed=\"fast\" style=\"background-image: url(https:\/\/mutuallogistics.com\/wp-content\/uploads\/2025\/07\/mutual_logistics_co-packing_03_1280x720.jpg); background-position: center center; background-repeat: no-repeat; background-color: #aa9a72; \"><\/div><\/div><div class=\"row-bg-overlay row-bg-layer\" style=\"background: rgba(20,20,19,0.85); background: linear-gradient(45deg,rgba(20,20,19,0.85) 0%,rgba(70,70,68,0.42) 100%);  opacity: 0.95; \"><\/div><\/div><div class=\"row_col_wrap_12 col span_12 light center\">\n\t<div  class=\"vc_col-sm-12 wpb_column column_container vc_column_container col no-extra-padding inherit_tablet inherit_phone\"  data-padding-pos=\"all\" data-has-bg-color=\"false\" data-bg-color=\"\" data-bg-opacity=\"1\" data-animation=\"\" data-delay=\"0\" >\n\t\t<div class=\"vc_column-inner\" >\n\t\t\t<div class=\"wpb_wrapper\">\n\t\t\t\t<h1 style=\"text-align: center\" class=\"vc_custom_heading vc_do_custom_heading wpb_animate_when_almost_visible wpb_fadeInUp fadeInUp vc_custom_1750753629634\" >Settori di attivit\u00e0<\/h1>\n\t\t\t<\/div> \n\t\t<\/div>\n\t<\/div> \n<\/div><\/div>\n\t\t<div id=\"fws_69d625efe5ba6\"  data-column-margin=\"60px\" data-midnight=\"dark\" data-top-percent=\"5%\" data-bottom-percent=\"5%\"  class=\"wpb_row vc_row-fluid vc_row full-width-section  reverse_columns_column_tablet reverse_columns_column_phone bottom_padding_tablet_60px bottom_padding_phone_80px\"  style=\"padding-top: calc(100vw * 0.05); padding-bottom: calc(100vw * 0.05); \"><div class=\"row-bg-wrap\" data-bg-animation=\"none\" data-bg-animation-delay=\"\" data-bg-overlay=\"true\"><div class=\"inner-wrap row-bg-layer\" ><div class=\"row-bg viewport-desktop\"  style=\"\"><\/div><\/div><div class=\"row-bg-overlay row-bg-layer\" style=\"background: linear-gradient(to bottom,rgba(255,255,255,0.001) 25%,#46464421 100%);  opacity: 0.3; \"><\/div><\/div><div class=\"row_col_wrap_12 col span_12 dark left\">\n\t<div style=\"margin-top: 20px; \" class=\"vc_col-sm-8 wpb_column column_container vc_column_container col has-animation no-extra-padding inherit_tablet inherit_phone mobile-disable-entrance-animation\"  data-padding-pos=\"all\" data-has-bg-color=\"false\" data-bg-color=\"\" data-bg-opacity=\"1\" data-animation=\"fade-in-from-bottom\" data-delay=\"0\" >\n\t\t<div class=\"vc_column-inner\" >\n\t\t\t<div class=\"wpb_wrapper\">\n\t\t\t\t<h2 style=\"text-align: left\" class=\"vc_custom_heading vc_do_custom_heading vc_custom_1750753030988\" ><strong>DISTRIBUZIONE<\/strong> Soluzioni flessibili per un'esperienza di consumo unica per i rivenditori e gli specialisti dell'e-commerce<\/h2>\n<div class=\"wpb_text_column wpb_content_element  vc_custom_1750751846541\" >\n\t<div class=\"wpb_wrapper\">\n\t\t<p><strong>La funzione logistica \u00e8 uno dei principali anelli della catena del valore delle imprese commerciali.<\/strong><\/p>\n<p>La sua efficienza \u00e8 fondamentale per la disponibilit\u00e0 delle gamme di prodotti sugli scaffali dei negozi e per l'ottimizzazione dei costi di distribuzione. La nostra esperienza nell'organizzazione delle sinergie, nella sincronizzazione dei flussi e nella gestione dei centri di distribuzione pu\u00f2 contribuire a questo obiettivo. Sono al servizio di tutti i canali di distribuzione.<\/p>\n<p>La logistica mutualistica \u00e8 presente a tutti i livelli della filiera distributiva: trasporto inbound delle merci su strada-aereo-mare, raccolta e deconsolidamento delle merci nelle aree di produzione, stoccaggio doganale, stoccaggio domestico a temperatura ambiente e controllata, preparazione degli ordini per tutti i formati di negozio, dai minimarket agli ipermercati, preparazione degli ordini per il break-down, preparazione degli ordini per gli stock mono e multi-proprietari, consegna ai negozi al dettaglio.<\/p>\n<p>Tutte le operazioni logistiche che gestiamo sono supportate da sistemi informativi, solitamente in tempo reale, che garantiscono tracciabilit\u00e0 e conformit\u00e0.<\/p>\n\t<\/div>\n<\/div>\n\n\n\n\n\t\t\t<\/div> \n\t\t<\/div>\n\t<\/div> \n\n\t<div  class=\"vc_col-sm-4 wpb_column column_container vc_column_container col no-extra-padding inherit_tablet inherit_phone\"  data-padding-pos=\"all\" data-has-bg-color=\"false\" data-bg-color=\"\" data-bg-opacity=\"1\" data-animation=\"\" data-delay=\"0\" >\n\t\t<div class=\"vc_column-inner\" >\n\t\t\t<div class=\"wpb_wrapper\">\n\t\t\t\t<div class=\"divider-wrap\" data-alignment=\"default\"><div style=\"height: 40px;\" class=\"divider\"><\/div><\/div><div class=\"img-with-aniamtion-wrap  custom-size nectar-el-parallax-scroll\" data-max-width=\"100%\" data-max-width-mobile=\"default\" data-shadow=\"medium_depth\" data-animation=\"fade-in-from-bottom\" data-scroll-animation=\"true\" data-scroll-animation-movement=\"transform_y\" data-scroll-animation-mobile=\"true\" data-scroll-animation-intensity=\"2\" >\n      <div class=\"inner\">\n        <div class=\"hover-wrap\"> \n          <div class=\"hover-wrap-inner\">\n            <img loading=\"lazy\" decoding=\"async\" class=\"img-with-animation skip-lazy\" data-delay=\"200\" height=\"800\" width=\"800\" data-animation=\"fade-in-from-bottom\" src=\"https:\/\/mutuallogistics.com\/wp-content\/uploads\/2025\/06\/logistique_secteur_grande_consommation-800x800.jpg\" alt=\"MUTUAL LOGISTICS pr\u00e9sent \u00e0 tous les niveaux de la supply chain de la distribution\" srcset=\"https:\/\/mutuallogistics.com\/wp-content\/uploads\/2025\/06\/logistique_secteur_grande_consommation-800x800.jpg 800w, https:\/\/mutuallogistics.com\/wp-content\/uploads\/2025\/06\/logistique_secteur_grande_consommation-150x150.jpg 150w, https:\/\/mutuallogistics.com\/wp-content\/uploads\/2025\/06\/logistique_secteur_grande_consommation-140x140.jpg 140w, https:\/\/mutuallogistics.com\/wp-content\/uploads\/2025\/06\/logistique_secteur_grande_consommation-100x100.jpg 100w, https:\/\/mutuallogistics.com\/wp-content\/uploads\/2025\/06\/logistique_secteur_grande_consommation-500x500.jpg 500w, https:\/\/mutuallogistics.com\/wp-content\/uploads\/2025\/06\/logistique_secteur_grande_consommation-350x350.jpg 350w\" sizes=\"auto, (max-width: 800px) 100vw, 800px\" \/>\n          <\/div>\n        <\/div>\n      <\/div>\n    <\/div>\n\t\t\t<\/div> \n\t\t<\/div>\n\t<\/div> \n<\/div><\/div>\n\t\t<div id=\"fws_69d625efea21c\"  data-column-margin=\"60px\" data-midnight=\"dark\" data-top-percent=\"5%\" data-bottom-percent=\"5%\"  class=\"wpb_row vc_row-fluid vc_row full-width-section  bottom_padding_tablet_60px bottom_padding_phone_80px\"  style=\"padding-top: calc(100vw * 0.05); padding-bottom: calc(100vw * 0.05); \"><div class=\"row-bg-wrap\" data-bg-animation=\"none\" data-bg-animation-delay=\"\" data-bg-overlay=\"true\"><div class=\"inner-wrap row-bg-layer\" ><div class=\"row-bg viewport-desktop\"  style=\"\"><\/div><\/div><div class=\"row-bg-overlay row-bg-layer\" style=\"background: linear-gradient(to bottom,rgba(255,255,255,0.001) 25%,#46464421 100%);  opacity: 0.3; \"><\/div><\/div><div class=\"row_col_wrap_12 col span_12 dark left\">\n\t<div style=\"margin-top: 20px; \" class=\"vc_col-sm-4 wpb_column column_container vc_column_container col has-animation no-extra-padding inherit_tablet inherit_phone mobile-disable-entrance-animation\"  data-padding-pos=\"all\" data-has-bg-color=\"false\" data-bg-color=\"\" data-bg-opacity=\"1\" data-animation=\"fade-in-from-bottom\" data-delay=\"0\" >\n\t\t<div class=\"vc_column-inner\" >\n\t\t\t<div class=\"wpb_wrapper\">\n\t\t\t\t<div class=\"divider-wrap\" data-alignment=\"default\"><div style=\"height: 40px;\" class=\"divider\"><\/div><\/div><div class=\"img-with-aniamtion-wrap  custom-size nectar-el-parallax-scroll\" data-max-width=\"100%\" data-max-width-mobile=\"default\" data-shadow=\"medium_depth\" data-animation=\"fade-in-from-bottom\" data-scroll-animation=\"true\" data-scroll-animation-movement=\"transform_y\" data-scroll-animation-mobile=\"true\" data-scroll-animation-intensity=\"2\" >\n      <div class=\"inner\">\n        <div class=\"hover-wrap\"> \n          <div class=\"hover-wrap-inner\">\n            <img loading=\"lazy\" decoding=\"async\" class=\"img-with-animation skip-lazy\" data-delay=\"200\" height=\"800\" width=\"800\" data-animation=\"fade-in-from-bottom\" src=\"https:\/\/mutuallogistics.com\/wp-content\/uploads\/2025\/07\/logistique_secteur_industriel_production_alimentaire_01-800x800.jpg\" alt=\"MUTUAL LOGISTICS pr\u00e9sent tout au long de la supply chain industrielle pour les industriels du secteur de la Grande Consommation\" srcset=\"https:\/\/mutuallogistics.com\/wp-content\/uploads\/2025\/07\/logistique_secteur_industriel_production_alimentaire_01-800x800.jpg 800w, https:\/\/mutuallogistics.com\/wp-content\/uploads\/2025\/07\/logistique_secteur_industriel_production_alimentaire_01-150x150.jpg 150w, https:\/\/mutuallogistics.com\/wp-content\/uploads\/2025\/07\/logistique_secteur_industriel_production_alimentaire_01-140x140.jpg 140w, https:\/\/mutuallogistics.com\/wp-content\/uploads\/2025\/07\/logistique_secteur_industriel_production_alimentaire_01-100x100.jpg 100w, https:\/\/mutuallogistics.com\/wp-content\/uploads\/2025\/07\/logistique_secteur_industriel_production_alimentaire_01-500x500.jpg 500w, https:\/\/mutuallogistics.com\/wp-content\/uploads\/2025\/07\/logistique_secteur_industriel_production_alimentaire_01-350x350.jpg 350w\" sizes=\"auto, (max-width: 800px) 100vw, 800px\" \/>\n          <\/div>\n        <\/div>\n      <\/div>\n    <\/div>\n\t\t\t<\/div> \n\t\t<\/div>\n\t<\/div> \n\n\t<div  class=\"vc_col-sm-8 wpb_column column_container vc_column_container col no-extra-padding inherit_tablet inherit_phone\"  data-padding-pos=\"all\" data-has-bg-color=\"false\" data-bg-color=\"\" data-bg-opacity=\"1\" data-animation=\"\" data-delay=\"0\" >\n\t\t<div class=\"vc_column-inner\" >\n\t\t\t<div class=\"wpb_wrapper\">\n\t\t\t\t<h2 style=\"text-align: left\" class=\"vc_custom_heading vc_do_custom_heading vc_custom_1750753398466\" ><strong>CONSUMO DI MASSA<\/strong> Logistica dedicata o condivisa<\/h2>\n<div class=\"wpb_text_column wpb_content_element  vc_custom_1750753410359\" >\n\t<div class=\"wpb_wrapper\">\n\t\t<p><b>Le nostre soluzioni logistiche forniscono alle aziende del settore FMCG risposte alle sfide del miglioramento dei livelli di servizio, della razionalizzazione dei flussi e della riduzione dei costi di distribuzione.\u00a0<\/b><\/p>\n<p>Specializzati nella gestione di magazzini e trasporti multi-cliente, implementiamo schemi di massificazione che migliorano la competitivit\u00e0 dei settori merceologici e consentono ai loro attori di affrontare le sfide della supply chain.<\/p>\n<p>Mutual logistics supporta i produttori del settore FMCG lungo tutta la filiera industriale: approvvigionamento delle materie prime, operazioni di logistica interna per i processi di trasformazione e produzione, stoccaggio dei semilavorati e dei prodotti finiti, mantenimento e gestione delle scorte con portale di accesso web, trasporto intersito, preparazione degli ordini, operazioni di confezionamento, consegne ai clienti.<\/p>\n<p>La qualit\u00e0 e la sicurezza dei processi utilizzati in queste diverse fasi, descritte nelle specifiche, sono certificate da organismi indipendenti.<\/p>\n\t<\/div>\n<\/div>\n\n\n\n\n\t\t\t<\/div> \n\t\t<\/div>\n\t<\/div> \n<\/div><\/div>\n\t\t<div id=\"fws_69d625efeb08f\"  data-column-margin=\"60px\" data-midnight=\"dark\" data-top-percent=\"5%\" data-bottom-percent=\"5%\"  class=\"wpb_row vc_row-fluid vc_row full-width-section  reverse_columns_column_tablet reverse_columns_column_phone bottom_padding_tablet_60px bottom_padding_phone_80px\"  style=\"padding-top: calc(100vw * 0.05); padding-bottom: calc(100vw * 0.05); \"><div class=\"row-bg-wrap\" data-bg-animation=\"none\" data-bg-animation-delay=\"\" data-bg-overlay=\"true\"><div class=\"inner-wrap row-bg-layer\" ><div class=\"row-bg viewport-desktop\"  style=\"\"><\/div><\/div><div class=\"row-bg-overlay row-bg-layer\" style=\"background: linear-gradient(to bottom,rgba(255,255,255,0.001) 25%,#46464421 100%);  opacity: 0.3; \"><\/div><\/div><div class=\"row_col_wrap_12 col span_12 dark left\">\n\t<div style=\"margin-top: 20px; \" class=\"vc_col-sm-8 wpb_column column_container vc_column_container col has-animation no-extra-padding inherit_tablet inherit_phone mobile-disable-entrance-animation\"  data-padding-pos=\"all\" data-has-bg-color=\"false\" data-bg-color=\"\" data-bg-opacity=\"1\" data-animation=\"fade-in-from-bottom\" data-delay=\"0\" >\n\t\t<div class=\"vc_column-inner\" >\n\t\t\t<div class=\"wpb_wrapper\">\n\t\t\t\t<h2 style=\"text-align: left\" class=\"vc_custom_heading vc_do_custom_heading vc_custom_1750753436779\" ><strong>INDUSTRIA<\/strong> Logistica su misura<\/h2>\n<div class=\"wpb_text_column wpb_content_element  vc_custom_1750753445795\" >\n\t<div class=\"wpb_wrapper\">\n\t\t<p>In un contesto di flussi tesi e di riduzione dei tempi di consegna, dei costi e delle scorte, la funzione logistica \u00e8 una fonte di competitivit\u00e0 per le aziende industriali. Le tecnologie che mettiamo a disposizione e la competenza dei nostri team ci permettono di soddisfare tutte le loro esigenze di trasporto, stoccaggio ed estero, indipendentemente dalle caratteristiche dei loro prodotti.<\/p>\n<p>La logistica reciproca \u00e8 coinvolta in ogni fase della catena di fornitura industriale: approvvigionamento delle materie prime, operazioni di logistica interna per i processi di trasformazione e produzione, stoccaggio di semilavorati e prodotti finiti, trasporto tra i siti, containerizzazione, preparazione degli ordini e consegne ai clienti.<\/p>\n<p>La qualit\u00e0 e la sicurezza dei processi utilizzati in queste diverse fasi, descritte nelle specifiche, sono certificate da organismi indipendenti.<\/p>\n\t<\/div>\n<\/div>\n\n\n\n\n\t\t\t<\/div> \n\t\t<\/div>\n\t<\/div> \n\n\t<div  class=\"vc_col-sm-4 wpb_column column_container vc_column_container col no-extra-padding inherit_tablet inherit_phone\"  data-padding-pos=\"all\" data-has-bg-color=\"false\" data-bg-color=\"\" data-bg-opacity=\"1\" data-animation=\"\" data-delay=\"0\" >\n\t\t<div class=\"vc_column-inner\" >\n\t\t\t<div class=\"wpb_wrapper\">\n\t\t\t\t<div class=\"divider-wrap\" data-alignment=\"default\"><div style=\"height: 40px;\" class=\"divider\"><\/div><\/div><div class=\"img-with-aniamtion-wrap  custom-size nectar-el-parallax-scroll\" data-max-width=\"100%\" data-max-width-mobile=\"default\" data-shadow=\"medium_depth\" data-animation=\"fade-in-from-bottom\" data-scroll-animation=\"true\" data-scroll-animation-movement=\"transform_y\" data-scroll-animation-mobile=\"true\" data-scroll-animation-intensity=\"2\" >\n      <div class=\"inner\">\n        <div class=\"hover-wrap\"> \n          <div class=\"hover-wrap-inner\">\n            <img loading=\"lazy\" decoding=\"async\" class=\"img-with-animation skip-lazy\" data-delay=\"200\" height=\"800\" width=\"800\" data-animation=\"fade-in-from-bottom\" src=\"https:\/\/mutuallogistics.com\/wp-content\/uploads\/2025\/06\/logistique_secteur_industriel-800x800.jpg\" alt=\"Logistique s\u00fbr-mesure, MUTUAL LOGISTICS intervient \u00e0 tous les stades de la supply chain industrielle\" srcset=\"https:\/\/mutuallogistics.com\/wp-content\/uploads\/2025\/06\/logistique_secteur_industriel-800x800.jpg 800w, https:\/\/mutuallogistics.com\/wp-content\/uploads\/2025\/06\/logistique_secteur_industriel-150x150.jpg 150w, https:\/\/mutuallogistics.com\/wp-content\/uploads\/2025\/06\/logistique_secteur_industriel-140x140.jpg 140w, https:\/\/mutuallogistics.com\/wp-content\/uploads\/2025\/06\/logistique_secteur_industriel-100x100.jpg 100w, https:\/\/mutuallogistics.com\/wp-content\/uploads\/2025\/06\/logistique_secteur_industriel-500x500.jpg 500w, https:\/\/mutuallogistics.com\/wp-content\/uploads\/2025\/06\/logistique_secteur_industriel-350x350.jpg 350w\" sizes=\"auto, (max-width: 800px) 100vw, 800px\" \/>\n          <\/div>\n        <\/div>\n      <\/div>\n    <\/div>\n\t\t\t<\/div> \n\t\t<\/div>\n\t<\/div> \n<\/div><\/div>","protected":false},"excerpt":{"rendered":"Secteurs d'activit\u00e9 DISTRIBUTION : Des solutions flexible pour une exp\u00e9rience de consommation unique \u00e0 destination des distributeurs et sp\u00e9cialistes du e-commerce La fonction logistique\u00a0est l\u2019un des principaux maillons de la...","protected":false},"author":1,"featured_media":2986,"parent":0,"menu_order":0,"comment_status":"closed","ping_status":"closed","template":"","meta":{"_seopress_robots_primary_cat":"","_seopress_titles_title":"","_seopress_titles_desc":"Logistique \u00e0 destination des distributeurs et sp\u00e9cialistes du e-commerce, logistique d\u00e9di\u00e9e ou mutualis\u00e9e pour la grande consommation et logistique s\u00fbr-mesure pour l'industrie...","_seopress_robots_index":"","inline_featured_image":false,"footnotes":""},"class_list":["post-3226","page","type-page","status-publish","has-post-thumbnail"],"_links":{"self":[{"href":"https:\/\/mutuallogistics.com\/it\/wp-json\/wp\/v2\/pages\/3226","targetHints":{"allow":["GET"]}}],"collection":[{"href":"https:\/\/mutuallogistics.com\/it\/wp-json\/wp\/v2\/pages"}],"about":[{"href":"https:\/\/mutuallogistics.com\/it\/wp-json\/wp\/v2\/types\/page"}],"author":[{"embeddable":true,"href":"https:\/\/mutuallogistics.com\/it\/wp-json\/wp\/v2\/users\/1"}],"replies":[{"embeddable":true,"href":"https:\/\/mutuallogistics.com\/it\/wp-json\/wp\/v2\/comments?post=3226"}],"version-history":[{"count":7,"href":"https:\/\/mutuallogistics.com\/it\/wp-json\/wp\/v2\/pages\/3226\/revisions"}],"predecessor-version":[{"id":3371,"href":"https:\/\/mutuallogistics.com\/it\/wp-json\/wp\/v2\/pages\/3226\/revisions\/3371"}],"wp:featuredmedia":[{"embeddable":true,"href":"https:\/\/mutuallogistics.com\/it\/wp-json\/wp\/v2\/media\/2986"}],"wp:attachment":[{"href":"https:\/\/mutuallogistics.com\/it\/wp-json\/wp\/v2\/media?parent=3226"}],"curies":[{"name":"wp","href":"https:\/\/api.w.org\/{rel}","templated":true}]}}