{"id":3197,"date":"2025-06-13T18:05:12","date_gmt":"2025-06-13T16:05:12","guid":{"rendered":"https:\/\/mutuallogistics.com\/?page_id=3197"},"modified":"2025-07-11T19:34:22","modified_gmt":"2025-07-11T17:34:22","slug":"innovazione-csr","status":"publish","type":"page","link":"https:\/\/mutuallogistics.com\/it\/innovation-rse\/","title":{"rendered":"Innovazione e CSR"},"content":{"rendered":"<div id=\"fws_69e8ffe6bc07f\"  data-column-margin=\"default\" data-midnight=\"light\" data-top-percent=\"9%\" data-bottom-percent=\"9%\"  class=\"wpb_row vc_row-fluid vc_row full-width-section parallax_section mobile-disable-bg-image-animation\"  style=\"padding-top: calc(100vw * 0.09); padding-bottom: calc(100vw * 0.09); \"><div class=\"row-bg-wrap\" data-bg-animation=\"zoom-out-slow\" data-bg-animation-delay=\"\" data-bg-overlay=\"true\"><div class=\"inner-wrap row-bg-layer using-image\" ><div class=\"row-bg viewport-desktop using-image using-bg-color\" data-parallax-speed=\"fast\" style=\"background-image: url(https:\/\/mutuallogistics.com\/wp-content\/uploads\/2025\/05\/ml_rse_02_1440x710.jpg); background-position: center center; background-repeat: no-repeat; background-color: #aa9a72; \"><\/div><\/div><div class=\"row-bg-overlay row-bg-layer\" style=\"background: rgba(20,20,19,0.85); background: linear-gradient(45deg,rgba(20,20,19,0.85) 0%,rgba(70,70,68,0.42) 100%);  opacity: 0.8; \"><\/div><\/div><div class=\"row_col_wrap_12 col span_12 light center\">\n\t<div  class=\"vc_col-sm-12 wpb_column column_container vc_column_container col no-extra-padding inherit_tablet inherit_phone\"  data-padding-pos=\"all\" data-has-bg-color=\"false\" data-bg-color=\"\" data-bg-opacity=\"1\" data-animation=\"\" data-delay=\"0\" >\n\t\t<div class=\"vc_column-inner\" >\n\t\t\t<div class=\"wpb_wrapper\">\n\t\t\t\t<h1 style=\"text-align: center\" class=\"vc_custom_heading vc_do_custom_heading wpb_animate_when_almost_visible wpb_fadeInUp fadeInUp vc_custom_1749830710853\" >Innovazione e CSR<\/h1>\n\t\t\t<\/div> \n\t\t<\/div>\n\t<\/div> \n<\/div><\/div>\n\t\t<div id=\"fws_69e8ffe6bcec3\"  data-column-margin=\"60px\" data-midnight=\"dark\" data-top-percent=\"5%\" data-bottom-percent=\"6%\"  class=\"wpb_row vc_row-fluid vc_row full-width-section  bottom_padding_tablet_60px bottom_padding_phone_80px\"  style=\"padding-top: calc(100vw * 0.05); padding-bottom: calc(100vw * 0.06); \"><div class=\"row-bg-wrap\" data-bg-animation=\"none\" data-bg-animation-delay=\"\" data-bg-overlay=\"true\"><div class=\"inner-wrap row-bg-layer\" ><div class=\"row-bg viewport-desktop\"  style=\"\"><\/div><\/div><div class=\"row-bg-overlay row-bg-layer\" style=\"background: linear-gradient(to bottom,rgba(255,255,255,0.001) 25%,#46464421 100%);  opacity: 0.3; \"><\/div><\/div><div class=\"row_col_wrap_12 col span_12 dark left\">\n\t<div style=\"margin-top: 20px; \" class=\"vc_col-sm-8 wpb_column column_container vc_column_container col has-animation no-extra-padding inherit_tablet inherit_phone mobile-disable-entrance-animation\"  data-padding-pos=\"all\" data-has-bg-color=\"false\" data-bg-color=\"\" data-bg-opacity=\"1\" data-animation=\"fade-in-from-bottom\" data-delay=\"0\" >\n\t\t<div class=\"vc_column-inner\" >\n\t\t\t<div class=\"wpb_wrapper\">\n\t\t\t\t<h2 style=\"text-align: left\" class=\"vc_custom_heading vc_do_custom_heading vc_custom_1751387386306\" ><strong>ECCELLENZA<\/strong> OPERATIVO<\/h2>\n<div class=\"wpb_text_column wpb_content_element  vc_custom_1751992870755\" >\n\t<div class=\"wpb_wrapper\">\n\t\t<p><strong>Oggi MUTUAL LOGISTICS impiega nei suoi siti le due forze motrici della logistica moderna: Eccellenza operativa e innovazione.\u00a0<\/strong><\/p>\n<p>In un mondo in cui velocit\u00e0 e affidabilit\u00e0 sono diventati requisiti essenziali, la logistica sta cambiando. L'eccellenza operativa, che fa parte del nostro DNA, mira a ottimizzare ogni anello della catena per garantire un servizio di qualit\u00e0, al minor costo e nel minor tempo possibile. Per raggiungere questo obiettivo, utilizziamo metodi collaudati come la gestione snella, la standardizzazione dei processi e il miglioramento continuo.<\/p>\n<p>Ma l'eccellenza da sola non basta pi\u00f9. Di fronte alla crescente complessit\u00e0 dei flussi e alle mutate aspettative dei clienti, l'innovazione sta diventando una leva strategica. L'Internet delle cose (IoT), l'intelligenza artificiale e l'automazione stanno rivoluzionando le nostre pratiche logistiche e in MUTUAL LOGISTICS ogni pratica dei clienti \u00e8 oggetto di uno studio specifico in questi ambiti.  Queste tecnologie ci permettono di migliorare la tracciabilit\u00e0, anticipare le interruzioni e aumentare l'automazione.<\/p>\n<p>La combinazione di rigore operativo e innovazione tecnologica ci permette di diventare pi\u00f9 agili, resilienti e competitivi. \u00c8 questa sinergia che stiamo attuando nei nostri siti e che sta dando forma alla logistica di domani: pi\u00f9 intelligente, pi\u00f9 sostenibile e incentrata sui nostri clienti e sui nostri dipendenti.<\/p>\n\t<\/div>\n<\/div>\n\n\n\n\n\t\t\t<\/div> \n\t\t<\/div>\n\t<\/div> \n\n\t<div  class=\"vc_col-sm-4 wpb_column column_container vc_column_container col no-extra-padding inherit_tablet inherit_phone\"  data-padding-pos=\"all\" data-has-bg-color=\"false\" data-bg-color=\"\" data-bg-opacity=\"1\" data-animation=\"\" data-delay=\"0\" >\n\t\t<div class=\"vc_column-inner\" >\n\t\t\t<div class=\"wpb_wrapper\">\n\t\t\t\t<div class=\"divider-wrap height_phone_0px\" data-alignment=\"default\"><div style=\"height: 40px;\" class=\"divider\"><\/div><\/div><div class=\"img-with-aniamtion-wrap  nectar-el-parallax-scroll\" data-max-width=\"100%\" data-max-width-mobile=\"default\" data-shadow=\"medium_depth\" data-animation=\"fade-in-from-bottom\" data-scroll-animation=\"true\" data-scroll-animation-movement=\"transform_y\" data-scroll-animation-mobile=\"true\" data-scroll-animation-intensity=\"2\" >\n      <div class=\"inner\">\n        <div class=\"hover-wrap\"> \n          <div class=\"hover-wrap-inner\">\n            <img loading=\"lazy\" decoding=\"async\" class=\"img-with-animation skip-lazy\" data-delay=\"200\" height=\"960\" width=\"720\" data-animation=\"fade-in-from-bottom\" src=\"https:\/\/mutuallogistics.com\/wp-content\/uploads\/2025\/07\/mutual_logistics_logistique_720x960.jpg\" alt=\"MUTUAL LOGISTICS - Eccellenza operativa e innovazione\" srcset=\"https:\/\/mutuallogistics.com\/wp-content\/uploads\/2025\/07\/mutual_logistics_logistique_720x960.jpg 720w, https:\/\/mutuallogistics.com\/wp-content\/uploads\/2025\/07\/mutual_logistics_logistique_720x960-225x300.jpg 225w\" sizes=\"auto, (max-width: 720px) 100vw, 720px\" \/>\n          <\/div>\n        <\/div>\n      <\/div>\n    <\/div>\n\t\t\t<\/div> \n\t\t<\/div>\n\t<\/div> \n<\/div><\/div>\n\t\t<div id=\"fws_69e8ffe6be952\"  data-column-margin=\"60px\" data-midnight=\"light\" data-top-percent=\"5%\" data-bottom-percent=\"6%\"  class=\"wpb_row vc_row-fluid vc_row full-width-section parallax_section left top_padding_phone_40px bottom_padding_phone_50px\"  style=\"padding-top: calc(100vw * 0.05); padding-bottom: calc(100vw * 0.06); \"><div class=\"row-bg-wrap\" data-bg-animation=\"none\" data-bg-animation-delay=\"\" data-bg-overlay=\"true\"><div class=\"inner-wrap row-bg-layer using-image\" ><div class=\"row-bg viewport-desktop using-image using-bg-color\" data-parallax-speed=\"fixed\" style=\"background-image: url(https:\/\/mutuallogistics.com\/wp-content\/uploads\/2025\/05\/fond-background_MUTUAL_LOGISTICS_1920x1200.png); background-position: center center; background-repeat: no-repeat; background-color: #ceb888; \"><\/div><\/div><div class=\"row-bg-overlay row-bg-layer\" style=\"background: #aa9a72; background: linear-gradient(45deg,#aa9a72 0%,rgba(170,154,114,0.28) 100%);  opacity: 0.8; \"><\/div><\/div><div class=\"row_col_wrap_12 col span_12 light center\">\n\t<div  class=\"vc_col-sm-4 wpb_column column_container vc_column_container col has-animation no-extra-padding force-desktop-text-align-left inherit_tablet inherit_phone mobile-disable-entrance-animation\"  data-padding-pos=\"all\" data-has-bg-color=\"false\" data-bg-color=\"\" data-bg-opacity=\"1\" data-animation=\"fade-in-from-bottom\" data-delay=\"0\" >\n\t\t<div class=\"vc_column-inner\" >\n\t\t\t<div class=\"wpb_wrapper\">\n\t\t\t\t<div class=\"nectar_icon_wrap\" data-style=\"default\" data-padding=\"20px\" data-color=\"extra-color-2\" style=\"\" >\n\t\t<div class=\"nectar_icon\" ><span class=\"im-icon-wrap\" data-color=\"extra-color-2\" style=\"height: 75px; width: 75px;\"><span><svg role=\"presentation\" version=\"1.1\" xmlns=\"http:\/\/www.w3.org\/2000\/svg\" width=\"75\" height=\"75\" viewbox=\"0 0 32 32\">\n        <path d=\"M24.088 14.481c-0.251 0-0.505-0.011-0.771-0.033-0.32-0.028-0.576-0.28-0.607-0.597-0.18-1.861 0.304-3.519 1.399-4.789 1.277-1.479 3.341-2.364 5.812-2.492 0.352-0.033 0.664 0.247 0.697 0.597 0.193 1.953-0.429 3.932-1.664 5.296-1.197 1.32-2.879 2.019-4.867 2.019zM24.008 13.148c1.671 0.001 3.008-0.528 3.964-1.584 0.849-0.936 1.333-2.251 1.352-3.609-1.803 0.211-3.279 0.904-4.203 1.973-0.741 0.864-1.121 1.967-1.113 3.22zM16.345 12.723v0c-3.136 0-5.787-1.095-7.669-3.175-1.943-2.14-2.92-5.26-2.617-8.345 0.035-0.355 0.347-0.617 0.697-0.6 3.933 0.201 7.211 1.601 9.227 3.94 1.719 1.992 2.475 4.595 2.192 7.528-0.031 0.317-0.285 0.573-0.607 0.597-0.423 0.037-0.825 0.055-1.223 0.055zM7.341 1.98c-0.084 2.496 0.763 4.952 2.321 6.672 1.623 1.791 3.933 2.737 6.681 2.737v0c0.177 0 0.36-0.004 0.541-0.012 0.107-2.328-0.551-4.381-1.915-5.964-1.665-1.933-4.357-3.14-7.629-3.433zM7.312 29.481h-6.667c-0.368 0-0.667-0.299-0.667-0.667v-12c0-0.368 0.299-0.667 0.667-0.667h6.667c0.368 0 0.667 0.299 0.667 0.667v12c0 0.369-0.299 0.667-0.667 0.667zM1.312 28.148h5.333v-10.667h-5.333v10.667zM18.437 31.399c-2.288 0-5.121-1.339-7.399-2.415-1.348-0.636-2.743-1.295-3.309-1.295-0.368 0-0.667-0.301-0.667-0.667 0-0.368 0.299-0.667 0.667-0.667 0.867 0 2.196 0.628 3.879 1.42 2.156 1.021 4.84 2.288 6.829 2.288 3.927 0 12.251-4.965 12.251-6.333 0-1.152-0.487-1.667-1.584-1.667-0.347 0-1.26 0.749-1.928 1.295-1.463 1.195-3.115 2.561-4.715 2.096-0.328-0.093-0.533-0.421-0.472-0.759 0.101-0.56-0.055-0.817-0.18-0.964-0.705-0.815-2.981-0.733-4.205-0.689-0.273 0.009-0.516 0.021-0.708 0.021-0.72 0-1.316-0.383-2.071-0.867-1.313-0.843-3.111-1.997-6.856-2.049-0.368-0.005-0.663-0.305-0.657-0.676 0.005-0.364 0.303-0.657 0.667-0.657 0.003 0 0.005 0 0.009 0 4.125 0.057 6.191 1.383 7.557 2.26 0.571 0.364 1.023 0.656 1.351 0.656 0.18 0 0.407-0.011 0.66-0.021 1.649-0.057 4.137-0.148 5.261 1.145 0.323 0.373 0.5 0.82 0.532 1.331 0.889-0.151 2.029-1.085 2.981-1.863 1.089-0.891 1.951-1.592 2.772-1.592 1.853 0 2.917 1.091 2.917 3 0.001 2.828-10.019 7.668-13.583 7.668zM22.645 25.481h-9.333c-0.368 0-0.667-0.299-0.667-0.667s0.299-0.667 0.667-0.667h9.333c0.367 0 0.667 0.299 0.667 0.667s-0.299 0.667-0.667 0.667zM19.541 19.037c-0.368 0-0.667-0.299-0.667-0.667 0-1.305-1.089-4.96-1.885-5.948-0.229-0.288-0.185-0.707 0.101-0.937 0.289-0.232 0.708-0.187 0.937 0.101 0.648 0.805 1.383 2.795 1.811 4.511 1.129-1.465 2.879-2.676 3.161-2.865 0.305-0.205 0.72-0.127 0.925 0.181 0.205 0.305 0.127 0.72-0.18 0.923-1.367 0.925-3.539 2.841-3.539 4.035 0.001 0.369-0.297 0.667-0.665 0.667z\"><\/path>\n        <\/svg><\/span><\/span><\/div>\n\t<\/div><h3 style=\"text-align: left\" class=\"vc_custom_heading vc_do_custom_heading vc_custom_1750758402705\" ><strong>RESPONSABILIT\u00c0 SOCIALE E AMBIENTALE<\/strong><\/h3>\n<div class=\"wpb_text_column wpb_content_element  vc_custom_1751992906625\" >\n\t<div class=\"wpb_wrapper\">\n\t\t<p><strong>Sviluppo sostenibile<\/strong> L'azienda sta adottando misure concrete per ridurre la propria impronta ecologica, come l'installazione di illuminazione a LED per ridurre il consumo energetico di 90 % e l'applicazione dello standard di gestione energetica ISO 50 001.<\/p>\n<p><strong>Certificazione IFS Logistics 2.3<\/strong> I siti di Attignat e Poupry sono certificati IFS Logistics 2.3, che garantisce qualit\u00e0, tracciabilit\u00e0 e sicurezza alimentare lungo tutta la filiera.<\/p>\n\t<\/div>\n<\/div>\n\n\n\n\n\t\t\t<\/div> \n\t\t<\/div>\n\t<\/div> \n\n\t<div  class=\"vc_col-sm-4 wpb_column column_container vc_column_container col has-animation no-extra-padding force-desktop-text-align-left inherit_tablet inherit_phone mobile-disable-entrance-animation\"  data-padding-pos=\"all\" data-has-bg-color=\"false\" data-bg-color=\"\" data-bg-opacity=\"1\" data-animation=\"fade-in-from-bottom\" data-delay=\"200\" >\n\t\t<div class=\"vc_column-inner\" >\n\t\t\t<div class=\"wpb_wrapper\">\n\t\t\t\t<div class=\"nectar_icon_wrap\" data-style=\"default\" data-padding=\"20px\" data-color=\"extra-color-2\" style=\"\" >\n\t\t<div class=\"nectar_icon\" ><span class=\"im-icon-wrap\" data-color=\"extra-color-2\" style=\"height: 75px; width: 75px;\"><span><svg role=\"presentation\" version=\"1.1\" xmlns=\"http:\/\/www.w3.org\/2000\/svg\" width=\"75\" height=\"75\" viewbox=\"0 0 32 32\">\n        <path d=\"M11.985 31.573h-6.667c-0.368 0-0.667-0.3-0.667-0.667v-8.203l-1.139-1.139c-0.124-0.125-0.195-0.295-0.195-0.472v-8.705c0-1.885 1.507-3.479 3.292-3.479h4.084c1.784 0 3.292 1.593 3.292 3.479v8.705c0 0.18-0.071 0.349-0.195 0.472l-1.14 1.137v8.203c0 0.368-0.299 0.668-0.667 0.668zM5.985 30.24h5.333v-7.813c0-0.177 0.071-0.347 0.195-0.472l1.139-1.139v-8.428c0-1.125-0.933-2.145-1.959-2.145h-4.083c-1.025-0.003-1.959 1.020-1.959 2.143v8.429l1.139 1.139c0.125 0.125 0.195 0.295 0.195 0.472v7.815zM8.652 8.427c-2.205 0-4-1.795-4-4 0-2.203 1.795-4 4-4s4 1.797 4 4c0 2.207-1.795 4-4 4zM8.652 1.76c-1.471 0-2.667 1.196-2.667 2.667 0 1.472 1.196 2.667 2.667 2.667s2.667-1.195 2.667-2.667c0-1.469-1.196-2.667-2.667-2.667zM25.319 31.573h-6.667c-0.368 0-0.667-0.3-0.667-0.667v-4.667h-2.063c-0.199 0-0.388-0.088-0.515-0.245-0.127-0.152-0.179-0.357-0.14-0.549l1.396-7.145-0.012-5.915c0-1.885 1.507-3.479 3.292-3.479h4.084c1.784 0 3.292 1.593 3.292 3.479v6.039l1.289 6.847c0.045 0.088 0.072 0.195 0.072 0.303 0 0.367-0.3 0.667-0.667 0.667-0.005 0.001-0.017 0.001-0.028 0h-2.001v4.667c0 0.367-0.299 0.667-0.667 0.667zM19.319 30.24h5.333v-4.667c0-0.367 0.3-0.667 0.667-0.667h1.864l-1.189-6.357-0.009-6.164c0-1.125-0.933-2.145-1.959-2.145h-4.084c-1.025 0-1.959 1.024-1.959 2.145v6.039l-1.252 6.48h1.92c0.368 0 0.667 0.301 0.667 0.667v4.669zM21.985 8.427c-2.204 0-4-1.795-4-4 0-2.203 1.796-4 4-4 2.205 0 4 1.797 4 4 0 2.207-1.793 4-4 4zM21.985 1.76c-1.471 0-2.667 1.196-2.667 2.667 0 1.472 1.196 2.667 2.667 2.667 1.472 0 2.667-1.195 2.667-2.667 0-1.469-1.195-2.667-2.667-2.667z\"><\/path>\n        <\/svg><\/span><\/span><\/div>\n\t<\/div><h3 style=\"text-align: left\" class=\"vc_custom_heading vc_do_custom_heading vc_custom_1750758492023\" ><strong>UGUAGLIANZA E DIVERSIT\u00c0<\/strong><\/h3><div class=\"divider-wrap\" data-alignment=\"default\"><div style=\"height: 15px;\" class=\"divider\"><\/div><\/div>\n<div class=\"wpb_text_column wpb_content_element  vc_custom_1750758526703\" >\n\t<div class=\"wpb_wrapper\">\n\t\t<p><strong>Indice di parit\u00e0 di genere<\/strong> Con un punteggio di 93 su 100, Mutual Logistics EFR ha dimostrato il suo impegno nel ridurre le disuguaglianze di genere sul posto di lavoro.<\/p>\n<p><strong>Carta delle diversit\u00e0<\/strong> L'azienda ha sottoscritto la Carta delle diversit\u00e0, impegnandosi a promuovere il pluralismo e la ricerca della diversit\u00e0 nelle sue assunzioni.<\/p>\n\t<\/div>\n<\/div>\n\n\n\n\n\t\t\t<\/div> \n\t\t<\/div>\n\t<\/div> \n\n\t<div  class=\"vc_col-sm-4 wpb_column column_container vc_column_container col has-animation no-extra-padding force-desktop-text-align-left inherit_tablet inherit_phone mobile-disable-entrance-animation\"  data-padding-pos=\"all\" data-has-bg-color=\"false\" data-bg-color=\"\" data-bg-opacity=\"1\" data-animation=\"fade-in-from-bottom\" data-delay=\"400\" >\n\t\t<div class=\"vc_column-inner\" >\n\t\t\t<div class=\"wpb_wrapper\">\n\t\t\t\t<div class=\"nectar_icon_wrap\" data-style=\"default\" data-padding=\"20px\" data-color=\"extra-color-2\" style=\"\" >\n\t\t<div class=\"nectar_icon\" ><span class=\"im-icon-wrap\" data-color=\"extra-color-2\" style=\"height: 75px; width: 75px;\"><span><svg role=\"presentation\" version=\"1.1\" xmlns=\"http:\/\/www.w3.org\/2000\/svg\" width=\"75\" height=\"75\" viewbox=\"0 0 32 32\">\n        <path d=\"M6.417 12.833c-3.539 0-6.417-2.879-6.417-6.416 0-3.54 2.88-6.417 6.417-6.417s6.416 2.879 6.416 6.417c0 3.539-2.879 6.416-6.416 6.416zM6.417 1.333c-2.805 0-5.084 2.28-5.084 5.084s2.28 5.084 5.084 5.084c2.803 0 5.083-2.28 5.083-5.084s-2.279-5.084-5.083-5.084zM6.417 9.12c-0.039 0-0.077-0.003-0.115-0.009-0.192-0.032-0.359-0.148-0.459-0.315l-2.276-3.833c-0.187-0.317-0.084-0.727 0.233-0.916 0.313-0.188 0.725-0.083 0.913 0.233l1.88 3.165 8.863-7.293c0.284-0.235 0.704-0.195 0.939 0.091 0.233 0.284 0.193 0.703-0.091 0.937l-9.465 7.789c-0.119 0.097-0.268 0.151-0.423 0.151zM6.417 32c-3.539 0-6.417-2.879-6.417-6.416 0-3.539 2.879-6.417 6.417-6.417 3.537 0 6.416 2.879 6.416 6.417 0 3.537-2.879 6.416-6.416 6.416zM6.417 20.5c-2.805 0-5.084 2.28-5.084 5.084s2.28 5.084 5.084 5.084c2.803 0 5.083-2.28 5.083-5.084s-2.279-5.084-5.083-5.084zM6.417 28.287c-0.039 0-0.077-0.003-0.115-0.009-0.192-0.032-0.359-0.148-0.459-0.315l-2.276-3.833c-0.188-0.317-0.084-0.727 0.233-0.916 0.315-0.188 0.725-0.084 0.915 0.233l1.879 3.167 8.863-7.293c0.284-0.233 0.704-0.195 0.939 0.091 0.233 0.284 0.193 0.703-0.091 0.937l-9.465 7.789c-0.119 0.096-0.268 0.149-0.423 0.149zM25.584 12.833c-3.536 0-6.417-2.879-6.417-6.417s2.88-6.417 6.417-6.417c3.539 0.001 6.416 2.88 6.416 6.419s-2.877 6.416-6.416 6.416zM25.584 1.333c-2.803 0-5.084 2.28-5.084 5.084s2.281 5.084 5.084 5.084 5.083-2.28 5.083-5.084c0-2.804-2.281-5.084-5.083-5.084zM25.584 32c-3.536 0-6.417-2.879-6.417-6.417s2.88-6.417 6.417-6.417c3.539 0 6.417 2.879 6.417 6.417-0.001 3.539-2.879 6.417-6.417 6.417zM25.584 20.5c-2.803 0-5.084 2.28-5.084 5.084s2.281 5.084 5.084 5.084 5.083-2.28 5.083-5.084c0-2.804-2.281-5.084-5.083-5.084z\"><\/path>\n        <\/svg><\/span><\/span><\/div>\n\t<\/div><h3 style=\"text-align: left\" class=\"vc_custom_heading vc_do_custom_heading vc_custom_1750758570832\" ><strong>IMPEGNO UMANO<\/strong><\/h3><div class=\"divider-wrap\" data-alignment=\"default\"><div style=\"height: 15px;\" class=\"divider\"><\/div><\/div>\n<div class=\"wpb_text_column wpb_content_element  vc_custom_1750758597290\" >\n\t<div class=\"wpb_wrapper\">\n\t\t<p><strong>Formazione e sensibilizzazione<\/strong> \u00c8 stato definito un piano d'azione per sensibilizzare il personale e la dirigenza sulle pratiche di diversit\u00e0 e non discriminazione, compreso il lancio di un \"Osservatorio della diversit\u00e0\" all'interno dell'azienda.<\/p>\n<p><strong>Assunzione basata sulle competenze<\/strong> Il metodo delle competenze viene utilizzato per il reclutamento, consentendo una selezione basata sulla capacit\u00e0 di svolgere una funzione, indipendentemente dal CV.<\/p>\n\t<\/div>\n<\/div>\n\n\n\n\n\t\t\t<\/div> \n\t\t<\/div>\n\t<\/div> \n<\/div><\/div>","protected":false},"excerpt":{"rendered":"Innovation &amp; RSE L'EXCELLENCE OP\u00c9RATIONNELLE MUTUAL \u00a0LOGISTICS d\u00e9ploie aujourd\u2019hui au sein de ses sites, les deux moteurs de la logistique moderne : L\u2019excellence op\u00e9rationnelle et l\u2019innovation.\u00a0 Dans un monde o\u00f9...","protected":false},"author":1,"featured_media":2986,"parent":0,"menu_order":0,"comment_status":"closed","ping_status":"closed","template":"","meta":{"_seopress_robots_primary_cat":"","_seopress_titles_title":"","_seopress_titles_desc":"MUTUAL  LOGISTICS d\u00e9ploie aujourd\u2019hui au sein de ses sites, les deux moteurs de la logistique moderne : L\u2019excellence op\u00e9rationnelle et l\u2019innovation. Dans un monde o\u00f9 la rapidit\u00e9 et la fiabilit\u00e9 sont devenues des exigences incontournables, la logistique se transforme...","_seopress_robots_index":"","inline_featured_image":false,"footnotes":""},"class_list":["post-3197","page","type-page","status-publish","has-post-thumbnail"],"_links":{"self":[{"href":"https:\/\/mutuallogistics.com\/it\/wp-json\/wp\/v2\/pages\/3197","targetHints":{"allow":["GET"]}}],"collection":[{"href":"https:\/\/mutuallogistics.com\/it\/wp-json\/wp\/v2\/pages"}],"about":[{"href":"https:\/\/mutuallogistics.com\/it\/wp-json\/wp\/v2\/types\/page"}],"author":[{"embeddable":true,"href":"https:\/\/mutuallogistics.com\/it\/wp-json\/wp\/v2\/users\/1"}],"replies":[{"embeddable":true,"href":"https:\/\/mutuallogistics.com\/it\/wp-json\/wp\/v2\/comments?post=3197"}],"version-history":[{"count":10,"href":"https:\/\/mutuallogistics.com\/it\/wp-json\/wp\/v2\/pages\/3197\/revisions"}],"predecessor-version":[{"id":6857,"href":"https:\/\/mutuallogistics.com\/it\/wp-json\/wp\/v2\/pages\/3197\/revisions\/6857"}],"wp:featuredmedia":[{"embeddable":true,"href":"https:\/\/mutuallogistics.com\/it\/wp-json\/wp\/v2\/media\/2986"}],"wp:attachment":[{"href":"https:\/\/mutuallogistics.com\/it\/wp-json\/wp\/v2\/media?parent=3197"}],"curies":[{"name":"wp","href":"https:\/\/api.w.org\/{rel}","templated":true}]}}