{"id":3194,"date":"2025-06-13T18:03:59","date_gmt":"2025-06-13T16:03:59","guid":{"rendered":"https:\/\/mutuallogistics.com\/?page_id=3194"},"modified":"2025-07-11T19:32:11","modified_gmt":"2025-07-11T17:32:11","slug":"luoghi","status":"publish","type":"page","link":"https:\/\/mutuallogistics.com\/it\/implantations\/","title":{"rendered":"Luoghi"},"content":{"rendered":"<div id=\"fws_69d625dbb8a8c\"  data-column-margin=\"default\" data-midnight=\"light\" data-top-percent=\"9%\" data-bottom-percent=\"9%\"  class=\"wpb_row vc_row-fluid vc_row full-width-section parallax_section mobile-disable-bg-image-animation\"  style=\"padding-top: calc(100vw * 0.09); padding-bottom: calc(100vw * 0.09); \"><div class=\"row-bg-wrap\" data-bg-animation=\"zoom-out-slow\" data-bg-animation-delay=\"\" data-bg-overlay=\"true\"><div class=\"inner-wrap row-bg-layer using-image\" ><div class=\"row-bg viewport-desktop using-image using-bg-color\" data-parallax-speed=\"fast\" style=\"background-image: url(https:\/\/mutuallogistics.com\/wp-content\/uploads\/2025\/07\/mutual_logistics_transport_paysage_1440x810.jpg); background-position: center center; background-repeat: no-repeat; background-color: #aa9a72; \"><\/div><\/div><div class=\"row-bg-overlay row-bg-layer\" style=\"background: rgba(20,20,19,0.85); background: linear-gradient(45deg,rgba(20,20,19,0.85) 0%,rgba(70,70,68,0.42) 100%);  opacity: 0.8; \"><\/div><\/div><div class=\"row_col_wrap_12 col span_12 light center\">\n\t<div  class=\"vc_col-sm-12 wpb_column column_container vc_column_container col no-extra-padding inherit_tablet inherit_phone\"  data-padding-pos=\"all\" data-has-bg-color=\"false\" data-bg-color=\"\" data-bg-opacity=\"1\" data-animation=\"\" data-delay=\"0\" >\n\t\t<div class=\"vc_column-inner\" >\n\t\t\t<div class=\"wpb_wrapper\">\n\t\t\t\t<h1 style=\"text-align: center\" class=\"vc_custom_heading vc_do_custom_heading wpb_animate_when_almost_visible wpb_fadeInUp fadeInUp vc_custom_1749830637539\" >Luoghi<\/h1>\n\t\t\t<\/div> \n\t\t<\/div>\n\t<\/div> \n<\/div><\/div>\n\t\t<div id=\"fws_69d625dbb9639\"  data-column-margin=\"60px\" data-midnight=\"dark\" data-top-percent=\"4%\" data-bottom-percent=\"2%\"  class=\"wpb_row vc_row-fluid vc_row vc_row-o-equal-height vc_row-flex vc_row-o-content-middle  top_padding_phone_40px bottom_padding_phone_0px\"  style=\"padding-top: calc(100vw * 0.04); padding-bottom: calc(100vw * 0.02); \"><div class=\"row-bg-wrap\" data-bg-animation=\"none\" data-bg-animation-delay=\"\" data-bg-overlay=\"false\"><div class=\"inner-wrap row-bg-layer\" ><div class=\"row-bg viewport-desktop\"  style=\"\"><\/div><\/div><\/div><div class=\"row_col_wrap_12 col span_12 dark left\">\n\t<div  class=\"vc_col-sm-8 wpb_column column_container vc_column_container col has-animation no-extra-padding inherit_tablet inherit_phone mobile-disable-entrance-animation\"  data-padding-pos=\"all\" data-has-bg-color=\"false\" data-bg-color=\"\" data-bg-opacity=\"1\" data-animation=\"fade-in-from-bottom\" data-delay=\"0\" >\n\t\t<div class=\"vc_column-inner\" >\n\t\t\t<div class=\"wpb_wrapper\">\n\t\t\t\t<h2 style=\"text-align: left\" class=\"vc_custom_heading vc_do_custom_heading vc_custom_1752254793714\" ><strong>LA FORZA DI UNA RETE EFFICIENTE, FLESSIBILE E COMPETITIVA<\/strong> : SERVIRE IL CLIENTE<\/h2><div class=\"divider-wrap height_phone_0px\" data-alignment=\"default\"><div style=\"height: 10px;\" class=\"divider\"><\/div><\/div>\n\t\t\t<\/div> \n\t\t<\/div>\n\t<\/div> \n\n\t<div  class=\"vc_col-sm-4 wpb_column column_container vc_column_container col no-extra-padding top_margin_phone_-40px inherit_tablet inherit_phone\"  data-padding-pos=\"all\" data-has-bg-color=\"false\" data-bg-color=\"\" data-bg-opacity=\"1\" data-animation=\"\" data-delay=\"0\" >\n\t\t<div class=\"vc_column-inner\" >\n\t\t\t<div class=\"wpb_wrapper\">\n\t\t\t\t\n<div class=\"wpb_text_column wpb_content_element  wpb_animate_when_almost_visible wpb_fadeInUp fadeInUp vc_custom_1751992835666\" >\n\t<div class=\"wpb_wrapper\">\n\t\t<p>Sedi nel cuore delle regioni pi\u00f9 dinamiche del loro territorio. Mutual Logistics offre soluzioni su misura in Francia e in Italia per soddisfare le esigenze specifiche della vostra azienda.<\/p>\n\t<\/div>\n<\/div>\n\n\n\n\n\t\t\t<\/div> \n\t\t<\/div>\n\t<\/div> \n<\/div><\/div>\n\t\t<div id=\"fws_69d625dbba181\"  data-column-margin=\"default\" data-midnight=\"dark\" data-bottom-percent=\"5%\"  class=\"wpb_row vc_row-fluid vc_row  bottom_padding_phone_40px\"  style=\"padding-top: 0px; padding-bottom: calc(100vw * 0.05); \"><div class=\"row-bg-wrap\" data-bg-animation=\"none\" data-bg-animation-delay=\"\" data-bg-overlay=\"false\"><div class=\"inner-wrap row-bg-layer\" ><div class=\"row-bg viewport-desktop\"  style=\"\"><\/div><\/div><\/div><div class=\"row_col_wrap_12 col span_12 dark left\">\n\t<div  class=\"vc_col-sm-12 wpb_column column_container vc_column_container col no-extra-padding inherit_tablet inherit_phone\"  data-padding-pos=\"all\" data-has-bg-color=\"false\" data-bg-color=\"\" data-bg-opacity=\"1\" data-animation=\"\" data-delay=\"0\" >\n\t\t<div class=\"vc_column-inner\" >\n\t\t\t<div class=\"wpb_wrapper\">\n\t\t\t\t\n<div class=\"wpb_text_column wpb_content_element\" >\n\t<div class=\"wpb_wrapper\">\n\t\t<h5><em><strong>Fare clic sui simboli delle agenzie\u00a0<\/strong>per visualizzare le loro informazioni.<\/em><\/h5>\n\t<\/div>\n<\/div>\n\n\n\n\n\t<div class=\"wpb_raw_code wpb_raw_html wpb_content_element\" >\n\t\t<div class=\"wpb_wrapper\">\n\t\t\t<iframe loading=\"lazy\" src=\"https:\/\/www.google.com\/maps\/d\/u\/0\/embed?mid=1SmZ7ChVaJRNz6GNBi3-RC5sV36_sPIA&ehbc=2E312F&noprof=1\" width=\"1440\" height=\"640\"><\/iframe>\n\t\t<\/div>\n\t<\/div>\n\n\t\t\t<\/div> \n\t\t<\/div>\n\t<\/div> \n<\/div><\/div>","protected":false},"excerpt":{"rendered":"Implantations LA FORCE D\u2019UN R\u00c9SEAU PERFORMANT, FLEXIBLE ET COMP\u00c9TITIF : AU SERVICE DU CLIENT Des implantations au c\u0153ur des r\u00e9gions les plus dynamiques sur leur territoire. Mutual Logistics propose des...","protected":false},"author":1,"featured_media":2986,"parent":0,"menu_order":0,"comment_status":"closed","ping_status":"closed","template":"","meta":{"_seopress_robots_primary_cat":"","_seopress_titles_title":"","_seopress_titles_desc":"Mutual Logistics propose des solutions sur mesure en France & en Italie pour r\u00e9pondre aux besoins sp\u00e9cifiques de votre entreprise. D\u00e9couvrez nos implantations...","_seopress_robots_index":"","inline_featured_image":false,"footnotes":""},"class_list":["post-3194","page","type-page","status-publish","has-post-thumbnail"],"_links":{"self":[{"href":"https:\/\/mutuallogistics.com\/it\/wp-json\/wp\/v2\/pages\/3194","targetHints":{"allow":["GET"]}}],"collection":[{"href":"https:\/\/mutuallogistics.com\/it\/wp-json\/wp\/v2\/pages"}],"about":[{"href":"https:\/\/mutuallogistics.com\/it\/wp-json\/wp\/v2\/types\/page"}],"author":[{"embeddable":true,"href":"https:\/\/mutuallogistics.com\/it\/wp-json\/wp\/v2\/users\/1"}],"replies":[{"embeddable":true,"href":"https:\/\/mutuallogistics.com\/it\/wp-json\/wp\/v2\/comments?post=3194"}],"version-history":[{"count":13,"href":"https:\/\/mutuallogistics.com\/it\/wp-json\/wp\/v2\/pages\/3194\/revisions"}],"predecessor-version":[{"id":6856,"href":"https:\/\/mutuallogistics.com\/it\/wp-json\/wp\/v2\/pages\/3194\/revisions\/6856"}],"wp:featuredmedia":[{"embeddable":true,"href":"https:\/\/mutuallogistics.com\/it\/wp-json\/wp\/v2\/media\/2986"}],"wp:attachment":[{"href":"https:\/\/mutuallogistics.com\/it\/wp-json\/wp\/v2\/media?parent=3194"}],"curies":[{"name":"wp","href":"https:\/\/api.w.org\/{rel}","templated":true}]}}