{"id":3191,"date":"2025-06-13T18:02:57","date_gmt":"2025-06-13T16:02:57","guid":{"rendered":"https:\/\/mutuallogistics.com\/?page_id=3191"},"modified":"2025-07-15T16:21:32","modified_gmt":"2025-07-15T14:21:32","slug":"imballaggio-co","status":"publish","type":"page","link":"https:\/\/mutuallogistics.com\/it\/co-packing\/","title":{"rendered":"Co-imballaggio"},"content":{"rendered":"<div id=\"fws_69d625b23b512\"  data-column-margin=\"default\" data-midnight=\"light\" data-top-percent=\"9%\" data-bottom-percent=\"9%\"  class=\"wpb_row vc_row-fluid vc_row full-width-section parallax_section mobile-disable-bg-image-animation\"  style=\"padding-top: calc(100vw * 0.09); padding-bottom: calc(100vw * 0.09); \"><div class=\"row-bg-wrap\" data-bg-animation=\"zoom-out-slow\" data-bg-animation-delay=\"\" data-bg-overlay=\"true\"><div class=\"inner-wrap row-bg-layer using-image\" ><div class=\"row-bg viewport-desktop using-image using-bg-color\" data-parallax-speed=\"fast\" style=\"background-image: url(https:\/\/mutuallogistics.com\/wp-content\/uploads\/2025\/07\/mutual_logistics_co-packing_02_1280x720.jpg); background-position: center center; background-repeat: no-repeat; background-color: #aa9a72; \"><\/div><\/div><div class=\"row-bg-overlay row-bg-layer\" style=\"background: rgba(20,20,19,0.85); background: linear-gradient(45deg,rgba(20,20,19,0.85) 0%,rgba(70,70,68,0.42) 100%);  opacity: 0.95; \"><\/div><\/div><div class=\"row_col_wrap_12 col span_12 light center\">\n\t<div  class=\"vc_col-sm-12 wpb_column column_container vc_column_container col no-extra-padding inherit_tablet inherit_phone\"  data-padding-pos=\"all\" data-has-bg-color=\"false\" data-bg-color=\"\" data-bg-opacity=\"1\" data-animation=\"\" data-delay=\"0\" >\n\t\t<div class=\"vc_column-inner\" >\n\t\t\t<div class=\"wpb_wrapper\">\n\t\t\t\t<h1 style=\"text-align: center\" class=\"vc_custom_heading vc_do_custom_heading wpb_animate_when_almost_visible wpb_fadeInUp fadeInUp vc_custom_1751385421110\" >Co-imballaggio<\/h1><div style=\"font-size: 27px;line-height: 1.4;text-align: center\" class=\"vc_custom_heading vc_do_custom_heading wpb_animate_when_almost_visible wpb_fadeInUp fadeInUp vc_custom_1751385541882\" >Soluzioni di imballaggio su misura, pronte per l'uso<\/div>\n\t\t\t<\/div> \n\t\t<\/div>\n\t<\/div> \n<\/div><\/div>\n\t\t<div id=\"fws_69d625b23c08c\"  data-column-margin=\"60px\" data-midnight=\"dark\" data-top-percent=\"5%\" data-bottom-percent=\"5%\"  class=\"wpb_row vc_row-fluid vc_row  bottom_padding_tablet_60px bottom_padding_phone_40px\"  style=\"padding-top: calc(100vw * 0.05); padding-bottom: calc(100vw * 0.05); \"><div class=\"row-bg-wrap\" data-bg-animation=\"none\" data-bg-animation-delay=\"\" data-bg-overlay=\"false\"><div class=\"inner-wrap row-bg-layer\" ><div class=\"row-bg viewport-desktop\"  style=\"\"><\/div><\/div><\/div><div class=\"row_col_wrap_12 col span_12 dark left\">\n\t<div style=\"margin-top: 20px; \" class=\"vc_col-sm-6 wpb_column column_container vc_column_container col has-animation no-extra-padding inherit_tablet inherit_phone mobile-disable-entrance-animation\"  data-padding-pos=\"all\" data-has-bg-color=\"false\" data-bg-color=\"\" data-bg-opacity=\"1\" data-animation=\"fade-in-from-bottom\" data-delay=\"0\" >\n\t\t<div class=\"vc_column-inner\" >\n\t\t\t<div class=\"wpb_wrapper\">\n\t\t\t\t<h2 style=\"text-align: left\" class=\"vc_custom_heading vc_do_custom_heading vc_custom_1751376183822\" ><strong>I NOSTRI TEAM SONO AL VOSTRO FIANCO <\/strong> PER TUTTE LE VOSTRE OPERAZIONI DI MARKETING!<\/h2>\n<div class=\"wpb_text_column wpb_content_element  vc_custom_1750230991463\" >\n\t<div class=\"wpb_wrapper\">\n\t\t<p>Avrete un unico punto di contatto per la logistica e il confezionamento dei contratti.<\/p>\n<ul>\n<li><strong>Imballaggio e coimballaggio<\/strong>confezionamento o riconfezionamento, dosaggio, etichettatura BRI.<\/li>\n<li><strong>Montaggio delle custodie<\/strong>insacchettare, incartonare...<\/li>\n<li><strong>Scatola di montaggio,<\/strong> riempimento di scatole multiprodotto.<\/li>\n<li><strong>Imballaggio su richiesta<\/strong>.<\/li>\n<li><strong>Etichettatura o rietichettatura dei prodotti<\/strong>.<\/li>\n<\/ul>\n\t<\/div>\n<\/div>\n\n\n\n\n\t\t\t<\/div> \n\t\t<\/div>\n\t<\/div> \n\n\t<div  class=\"vc_col-sm-6 wpb_column column_container vc_column_container col no-extra-padding inherit_tablet inherit_phone\"  data-padding-pos=\"all\" data-has-bg-color=\"false\" data-bg-color=\"\" data-bg-opacity=\"1\" data-animation=\"\" data-delay=\"0\" >\n\t\t<div class=\"vc_column-inner\" >\n\t\t\t<div class=\"wpb_wrapper\">\n\t\t\t\t<div class=\"divider-wrap height_phone_0px\" data-alignment=\"default\"><div style=\"height: 40px;\" class=\"divider\"><\/div><\/div>\n<div class=\"wpb_text_column wpb_content_element  vc_custom_1751376384708\" >\n\t<div class=\"wpb_wrapper\">\n\t\t<p><iframe loading=\"lazy\" title=\"Film Co-Packing Logistica reciproca\" width=\"1080\" height=\"608\" src=\"https:\/\/www.youtube.com\/embed\/SYD3FZ896YU?feature=oembed\" frameborder=\"0\" allow=\"accelerometer; autoplay; clipboard-write; encrypted-media; gyroscope; picture-in-picture; web-share\" referrerpolicy=\"strict-origin-when-cross-origin\" allowfullscreen><\/iframe><\/p>\n\t<\/div>\n<\/div>\n\n\n\n\n<div class=\"wpb_text_column wpb_content_element  vc_custom_1751376361253\" >\n\t<div class=\"wpb_wrapper\">\n\t\t<p><em>Guarda il video del nostro <strong>Co-imballaggio<\/strong><\/em><\/p>\n\t<\/div>\n<\/div>\n\n\n\n\n\t\t\t<\/div> \n\t\t<\/div>\n\t<\/div> \n<\/div><\/div>\n\t\t<div id=\"fws_69d625b23d2c2\"  data-column-margin=\"60px\" data-midnight=\"light\" data-top-percent=\"4%\" data-bottom-percent=\"4%\"  class=\"wpb_row vc_row-fluid vc_row full-width-section parallax_section left top_padding_phone_50px bottom_padding_phone_50px\"  style=\"padding-top: calc(100vw * 0.04); padding-bottom: calc(100vw * 0.04); \"><div class=\"row-bg-wrap\" data-bg-animation=\"none\" data-bg-animation-delay=\"\" data-bg-overlay=\"true\"><div class=\"inner-wrap row-bg-layer using-image\" ><div class=\"row-bg viewport-desktop using-image using-bg-color\" data-parallax-speed=\"fixed\" style=\"background-image: url(https:\/\/mutuallogistics.com\/wp-content\/uploads\/2025\/05\/fond-background_MUTUAL_LOGISTICS_1920x1200.png); background-position: center center; background-repeat: no-repeat; background-color: #ceb888; \"><\/div><\/div><div class=\"row-bg-overlay row-bg-layer\" style=\"background: #aa9a72; background: linear-gradient(45deg,#aa9a72 0%,rgba(170,154,114,0.28) 100%);  opacity: 0.8; \"><\/div><\/div><div class=\"row_col_wrap_12 col span_12 light center\">\n\t<div  class=\"vc_col-sm-6 wpb_column column_container vc_column_container col has-animation no-extra-padding force-desktop-text-align-left inherit_tablet inherit_phone mobile-disable-entrance-animation\"  data-padding-pos=\"all\" data-has-bg-color=\"false\" data-bg-color=\"\" data-bg-opacity=\"1\" data-animation=\"fade-in-from-bottom\" data-delay=\"0\" >\n\t\t<div class=\"vc_column-inner\" >\n\t\t\t<div class=\"wpb_wrapper\">\n\t\t\t\t<div id=\"fws_69d625b23d938\" data-midnight=\"\" data-column-margin=\"none\" class=\"wpb_row vc_row-fluid vc_row inner_row  vc_custom_1750751073069 right_padding_20px left_padding_20px\"  style=\"padding-top: 20px; padding-bottom: 20px; \"><div class=\"row-bg-wrap\"> <div class=\"row-bg\" ><\/div> <\/div><div class=\"row_col_wrap_12_inner col span_12  left\">\n\t<div  class=\"vc_col-sm-3 wpb_column column_container vc_column_container col child_column no-extra-padding inherit_tablet inherit_phone\"   data-padding-pos=\"all\" data-has-bg-color=\"false\" data-bg-color=\"\" data-bg-opacity=\"1\" data-animation=\"\" data-delay=\"0\" >\n\t\t<div class=\"vc_column-inner\" >\n\t\t<div class=\"wpb_wrapper\">\n\t\t\t<div class=\"nectar_icon_wrap\" data-style=\"default\" data-padding=\"20px\" data-color=\"extra-color-2\" style=\"\" >\n\t\t<div class=\"nectar_icon\" ><span class=\"im-icon-wrap\" data-color=\"extra-color-2\" style=\"height: 75px; width: 75px;\"><span><svg role=\"presentation\" version=\"1.1\" xmlns=\"http:\/\/www.w3.org\/2000\/svg\" width=\"75\" height=\"75\" viewbox=\"0 0 32 32\">\n        <path d=\"M26.483 28.645h-12.305c-1.111 0-3.36-1.459-3.36-2.651v-10.861c0-0.243 0.131-0.467 0.341-0.584 2.455-1.371 3.696-3.805 4.992-7.543v-3.581c0-0.121 0.032-0.24 0.095-0.344 0.405-0.675 1.107-1.061 1.924-1.061 1.052 0 2.159 0.636 2.961 1.695 0.809 1.073 1.964 3.443 1.011 7.595h5.617c1.251 0 4.087 1.288 4.087 3.405 0 0.697-0.083 1.761-0.527 2.384 0.349 0.977 0.416 2.563-0.657 3.68 0.088 1.883-0.385 3.251-1.384 4-0.017 0.995-0.475 2.211-1.165 3.003-0.487 0.565-1.052 0.864-1.629 0.864zM12.153 15.512v10.48c0.109 0.357 1.461 1.317 2.027 1.317h12.304c0.176 0 0.407-0.151 0.633-0.411 0.539-0.62 0.917-1.712 0.824-2.388-0.039-0.276 0.097-0.543 0.344-0.68 1.083-0.584 1.112-2.305 1.036-3.281-0.020-0.213 0.072-0.423 0.237-0.565 0.968-0.805 0.669-2.283 0.392-2.705-0.119-0.183-0.14-0.413-0.061-0.612 0.083-0.2 0.253-0.353 0.468-0.401-0.028-0.036 0.164-0.58 0.164-1.557 0-1.084-1.981-2.072-2.752-2.072h-6.477c-0.209 0-0.405-0.096-0.529-0.263s-0.167-0.383-0.109-0.584c0.853-3.017 0.641-5.668-0.573-7.277-0.648-0.861-1.408-1.165-1.899-1.165-0.292 0-0.523 0.095-0.688 0.284v3.476c0 0.077-0.013 0.145-0.036 0.217-1.329 3.844-2.693 6.571-5.304 8.188zM9.815 29.979h-7.323c-1.289 0-2.339-1.049-2.339-2.339v-13.992c0-1.289 1.049-2.337 2.339-2.337h7.323c1.289 0 2.339 1.048 2.339 2.337v13.992c0 1.289-1.049 2.339-2.339 2.339zM2.492 12.644c-0.555 0-1.005 0.451-1.005 1.004v13.992c0 0.555 0.451 1.005 1.005 1.005h7.323c0.555 0 1.005-0.451 1.005-1.005v-13.992c0-0.553-0.451-1.004-1.005-1.004h-7.323z\"><\/path>\n        <\/svg><\/span><\/span><\/div>\n\t<\/div>\n\t\t<\/div> \n\t<\/div>\n\t<\/div> \n\n\t<div  class=\"vc_col-sm-9 wpb_column column_container vc_column_container col child_column no-extra-padding inherit_tablet inherit_phone\"   data-padding-pos=\"all\" data-has-bg-color=\"false\" data-bg-color=\"\" data-bg-opacity=\"1\" data-animation=\"\" data-delay=\"0\" >\n\t\t<div class=\"vc_column-inner\" >\n\t\t<div class=\"wpb_wrapper\">\n\t\t\t<h2 style=\"text-align: left\" class=\"vc_custom_heading vc_do_custom_heading vc_custom_1750751131617\" >NOSTRO <strong>PI\u00d9<\/strong><\/h2>\n<div class=\"wpb_text_column wpb_content_element  vc_custom_1750750740825\" >\n\t<div class=\"wpb_wrapper\">\n\t\t<ul>\n<li><strong>Ufficio progettazione<\/strong> : proposte di mock-up per il co-packing<\/li>\n<li><strong>Consegna rapida<\/strong> del personale<\/li>\n<li><strong>Design e\/o stampa <\/strong>etichette personalizzate<\/li>\n<\/ul>\n\t<\/div>\n<\/div>\n\n\n\n<div class=\"divider-wrap\" data-alignment=\"default\"><div style=\"height: 29px;\" class=\"divider\"><\/div><\/div>\n\t\t<\/div> \n\t<\/div>\n\t<\/div> \n<\/div><\/div>\n\t\t\t<\/div> \n\t\t<\/div>\n\t<\/div> \n\n\t<div  class=\"vc_col-sm-6 wpb_column column_container vc_column_container col has-animation no-extra-padding force-desktop-text-align-left inherit_tablet inherit_phone mobile-disable-entrance-animation\"  data-padding-pos=\"all\" data-has-bg-color=\"false\" data-bg-color=\"\" data-bg-opacity=\"1\" data-animation=\"fade-in-from-bottom\" data-delay=\"200\" >\n\t\t<div class=\"vc_column-inner\" >\n\t\t\t<div class=\"wpb_wrapper\">\n\t\t\t\t<div id=\"fws_69d625b23ec97\" data-midnight=\"\" data-column-margin=\"none\" class=\"wpb_row vc_row-fluid vc_row inner_row  vc_custom_1750751045236 right_padding_20px left_padding_20px\"  style=\"padding-top: 20px; padding-bottom: 20px; \"><div class=\"row-bg-wrap\"> <div class=\"row-bg\" ><\/div> <\/div><div class=\"row_col_wrap_12_inner col span_12  left\">\n\t<div  class=\"vc_col-sm-3 wpb_column column_container vc_column_container col child_column no-extra-padding inherit_tablet inherit_phone\"   data-padding-pos=\"all\" data-has-bg-color=\"false\" data-bg-color=\"\" data-bg-opacity=\"1\" data-animation=\"\" data-delay=\"0\" >\n\t\t<div class=\"vc_column-inner\" >\n\t\t<div class=\"wpb_wrapper\">\n\t\t\t<div class=\"nectar_icon_wrap\" data-style=\"default\" data-padding=\"20px\" data-color=\"extra-color-2\" style=\"\" >\n\t\t<div class=\"nectar_icon\" ><span class=\"im-icon-wrap\" data-color=\"extra-color-2\" style=\"height: 75px; width: 75px;\"><span><svg role=\"presentation\" version=\"1.1\" xmlns=\"http:\/\/www.w3.org\/2000\/svg\" width=\"75\" height=\"75\" viewbox=\"0 0 32 32\">\n        <path d=\"M21.063 20.216c-1.316 0-2.404-1.004-2.531-2.288-0.403-0.132-0.793-0.293-1.171-0.483-0.959 0.789-2.505 0.727-3.407-0.175-0.48-0.476-0.745-1.117-0.745-1.799 0-0.592 0.201-1.155 0.572-1.607-0.192-0.377-0.353-0.769-0.484-1.172-1.284-0.128-2.288-1.215-2.288-2.529s1.004-2.404 2.288-2.529c0.131-0.403 0.293-0.796 0.484-1.171-0.368-0.449-0.572-1.013-0.572-1.608 0-0.68 0.265-1.316 0.745-1.801 0.899-0.899 2.435-0.971 3.407-0.172 0.376-0.193 0.768-0.356 1.171-0.483 0.131-1.284 1.215-2.288 2.531-2.288 1.315 0 2.401 1.005 2.529 2.288 0.403 0.132 0.793 0.296 1.171 0.483 0.964-0.796 2.505-0.729 3.409 0.172 0.479 0.479 0.744 1.12 0.744 1.801 0 0.592-0.201 1.155-0.572 1.607 0.192 0.377 0.355 0.769 0.484 1.172 1.284 0.132 2.287 1.215 2.287 2.529s-1.003 2.401-2.287 2.529c-0.131 0.403-0.293 0.796-0.484 1.172 0.369 0.449 0.572 1.012 0.572 1.607 0 0.68-0.264 1.319-0.747 1.799-0.896 0.901-2.435 0.969-3.404 0.175-0.377 0.193-0.768 0.356-1.172 0.483-0.128 1.284-1.216 2.288-2.531 2.288zM17.213 15.935c0.115 0 0.235 0.031 0.341 0.093 0.565 0.339 1.177 0.591 1.82 0.755 0.325 0.084 0.539 0.399 0.495 0.733l-0.019 0.149c0 0.669 0.541 1.211 1.211 1.211 0.667 0 1.211-0.54 1.211-1.211l-0.020-0.149c-0.043-0.335 0.168-0.647 0.496-0.733 0.643-0.164 1.255-0.417 1.82-0.755 0.292-0.175 0.667-0.104 0.872 0.167 0.021 0.027 0.091 0.139 0.107 0.167 0.391 0.385 1.224 0.421 1.68-0.033 0.229-0.228 0.356-0.531 0.356-0.857 0-0.323-0.127-0.629-0.353-0.857-0.031-0.019-0.115-0.060-0.141-0.084-0.261-0.205-0.331-0.579-0.157-0.863 0.339-0.567 0.592-1.179 0.755-1.816 0.084-0.328 0.392-0.555 0.733-0.497l0.153 0.020c0.668 0 1.209-0.543 1.209-1.211s-0.541-1.211-1.209-1.211c-0.004 0-0.151 0.020-0.153 0.020-0.341 0.035-0.649-0.172-0.733-0.497-0.163-0.639-0.417-1.251-0.755-1.815-0.175-0.291-0.104-0.664 0.163-0.869 0.028-0.021 0.139-0.089 0.168-0.107 0.195-0.196 0.323-0.503 0.323-0.825s-0.123-0.631-0.352-0.859c-0.459-0.461-1.253-0.457-1.712 0-0.017 0.028-0.056 0.109-0.077 0.139-0.205 0.265-0.579 0.339-0.867 0.164-0.568-0.339-1.18-0.593-1.821-0.757-0.327-0.084-0.54-0.399-0.496-0.733l0.019-0.152c0-0.667-0.541-1.211-1.211-1.211-0.667 0-1.209 0.544-1.209 1.211l0.020 0.152c0.043 0.335-0.169 0.649-0.497 0.733-0.64 0.164-1.252 0.419-1.82 0.757-0.287 0.167-0.652 0.101-0.861-0.156-0.023-0.028-0.099-0.144-0.116-0.177-0.396-0.391-1.224-0.425-1.683 0.031-0.229 0.228-0.355 0.531-0.355 0.857s0.125 0.629 0.355 0.857c0.028 0.016 0.109 0.056 0.135 0.076 0.269 0.205 0.34 0.584 0.167 0.872-0.34 0.565-0.595 1.177-0.756 1.817-0.084 0.325-0.4 0.529-0.732 0.497l-0.155-0.023c-0.668 0-1.211 0.543-1.211 1.211s0.543 1.211 1.211 1.211c0.003 0 0.152-0.020 0.155-0.023 0.332-0.057 0.649 0.172 0.732 0.497 0.163 0.64 0.417 1.252 0.756 1.819 0.172 0.288 0.104 0.66-0.161 0.865-0.028 0.023-0.139 0.092-0.169 0.112-0.197 0.195-0.323 0.5-0.323 0.823s0.125 0.629 0.355 0.857c0.457 0.459 1.255 0.459 1.712 0 0.019-0.031 0.061-0.115 0.084-0.143 0.124-0.16 0.319-0.249 0.515-0.249zM21.063 13.176c-1.661 0-3.013-1.353-3.013-3.013s1.352-3.015 3.013-3.015 3.013 1.353 3.013 3.015-1.352 3.013-3.013 3.013zM21.063 8.481c-0.927 0-1.68 0.751-1.68 1.681 0 0.925 0.752 1.68 1.68 1.68s1.68-0.753 1.68-1.68-0.753-1.681-1.68-1.681zM7.015 31.888c-0.195 0-0.389-0.027-0.579-0.081-1.024-0.296-1.659-1.296-1.525-2.316-0.223-0.155-0.437-0.324-0.639-0.507-0.953 0.361-2.105-0.057-2.604-0.952-0.276-0.496-0.343-1.069-0.188-1.615 0.127-0.444 0.388-0.827 0.747-1.103-0.048-0.267-0.080-0.536-0.093-0.809-0.944-0.425-1.459-1.492-1.168-2.516 0.283-0.997 1.295-1.656 2.316-1.527 0.155-0.224 0.324-0.437 0.505-0.639-0.161-0.42-0.181-0.885-0.055-1.329 0.155-0.545 0.513-0.999 1.008-1.272 0.895-0.507 2.1-0.244 2.715 0.557 0.268-0.049 0.54-0.083 0.812-0.092 0.419-0.921 1.515-1.456 2.515-1.167 1.024 0.289 1.659 1.289 1.525 2.312 0.224 0.156 0.439 0.324 0.64 0.507 0.977-0.365 2.107 0.057 2.604 0.953 0.276 0.495 0.343 1.068 0.188 1.613-0.127 0.444-0.388 0.827-0.747 1.103 0.048 0.268 0.080 0.535 0.093 0.808 0.944 0.427 1.459 1.492 1.168 2.517-0.284 0.997-1.292 1.66-2.316 1.528-0.155 0.221-0.323 0.435-0.505 0.639 0.16 0.419 0.181 0.884 0.055 1.329-0.153 0.544-0.513 0.997-1.008 1.272-0.896 0.501-2.101 0.241-2.715-0.559-0.268 0.048-0.539 0.081-0.812 0.093-0.341 0.751-1.096 1.251-1.937 1.251zM4.371 27.481c0.179 0 0.356 0.073 0.487 0.211 0.34 0.361 0.731 0.672 1.163 0.92 0.295 0.171 0.413 0.535 0.275 0.851-0.156 0.503 0.088 0.943 0.507 1.063 0.401 0.109 0.857-0.139 0.973-0.547 0.056-0.328 0.368-0.649 0.695-0.669l0.152 0.003c0.447 0 0.891-0.057 1.321-0.175 0.329-0.091 0.68 0.084 0.8 0.413 0.009 0.025 0.037 0.123 0.043 0.147 0.16 0.271 0.669 0.451 1.043 0.241 0.185-0.103 0.317-0.271 0.376-0.472 0.057-0.2 0.032-0.417-0.069-0.599-0.001 0.017-0.043-0.028-0.077-0.075-0.199-0.272-0.164-0.647 0.083-0.879 0.364-0.343 0.675-0.733 0.921-1.161 0.168-0.289 0.523-0.409 0.831-0.284 0.175 0.067 0.247 0.079 0.32 0.079 0.351 0 0.663-0.239 0.759-0.576 0.119-0.419-0.125-0.857-0.544-0.976-0.335-0.047-0.679-0.356-0.669-0.693 0.015-0.497-0.043-0.993-0.173-1.473-0.088-0.325 0.083-0.667 0.396-0.792 0.031-0.013 0.139-0.044 0.171-0.052 0.112-0.071 0.245-0.24 0.304-0.441 0.057-0.201 0.032-0.416-0.069-0.6-0.205-0.369-0.701-0.509-1.073-0.305v0c0.021 0-0.020 0.035-0.064 0.072-0.271 0.201-0.653 0.173-0.888-0.077-0.339-0.361-0.731-0.672-1.163-0.921-0.289-0.168-0.411-0.527-0.28-0.835 0.161-0.517-0.083-0.955-0.5-1.075-0.412-0.115-0.86 0.136-0.975 0.544-0.048 0.333-0.36 0.609-0.692 0.667l-0.143-0.003c-0.451 0-0.899 0.060-1.332 0.177-0.323 0.084-0.659-0.080-0.787-0.385-0.015-0.032-0.049-0.143-0.057-0.18-0.159-0.265-0.669-0.443-1.041-0.235-0.185 0.101-0.319 0.271-0.376 0.472-0.057 0.2-0.032 0.417 0.069 0.597 0-0.023 0.041 0.025 0.080 0.080 0.195 0.271 0.159 0.643-0.085 0.872-0.363 0.341-0.673 0.732-0.923 1.164-0.169 0.296-0.543 0.413-0.855 0.271-0.148-0.055-0.22-0.065-0.293-0.065-0.351 0-0.663 0.24-0.759 0.576-0.119 0.417 0.125 0.859 0.544 0.975 0.333 0.049 0.677 0.356 0.668 0.695-0.015 0.497 0.044 0.995 0.173 1.472 0.087 0.325-0.081 0.665-0.393 0.795-0.029 0.011-0.135 0.040-0.165 0.049-0.12 0.075-0.253 0.243-0.311 0.445-0.057 0.2-0.032 0.416 0.069 0.599 0.205 0.365 0.701 0.513 1.075 0.305-0.023-0.001 0.027-0.045 0.084-0.084 0.112-0.081 0.247-0.124 0.377-0.124zM8.609 26.668v0c-0.231 0-0.461-0.032-0.685-0.095-0.643-0.184-1.177-0.607-1.503-1.192-0.327-0.584-0.405-1.259-0.223-1.905 0.368-1.296 1.796-2.096 3.095-1.724 1.329 0.377 2.103 1.765 1.724 3.093-0.304 1.073-1.295 1.823-2.408 1.823zM8.609 22.991c-0.521 0-0.984 0.351-1.127 0.853-0.085 0.303-0.049 0.617 0.104 0.891 0.152 0.273 0.401 0.472 0.703 0.555 0.613 0.18 1.276-0.199 1.447-0.805 0.176-0.623-0.185-1.272-0.805-1.448-0.105-0.029-0.213-0.045-0.321-0.045z\"><\/path>\n        <\/svg><\/span><\/span><\/div>\n\t<\/div>\n\t\t<\/div> \n\t<\/div>\n\t<\/div> \n\n\t<div  class=\"vc_col-sm-9 wpb_column column_container vc_column_container col child_column no-extra-padding inherit_tablet inherit_phone\"   data-padding-pos=\"all\" data-has-bg-color=\"false\" data-bg-color=\"\" data-bg-opacity=\"1\" data-animation=\"\" data-delay=\"0\" >\n\t\t<div class=\"vc_column-inner\" >\n\t\t<div class=\"wpb_wrapper\">\n\t\t\t<h2 style=\"text-align: left\" class=\"vc_custom_heading vc_do_custom_heading vc_custom_1750751137390\" >NOSTRO <strong>STRUMENTI<\/strong><\/h2>\n<div class=\"wpb_text_column wpb_content_element  vc_custom_1750750756650\" >\n\t<div class=\"wpb_wrapper\">\n\t\t<ul>\n<li>Fardelli termoretraibili<\/li>\n<li>Macchine di ripresa integrali<\/li>\n<li>Forni di termoretrazione<\/li>\n<li>\u00a0Taglierine e cucitrici automatiche<\/li>\n<\/ul>\n\t<\/div>\n<\/div>\n\n\n\n\n\t\t<\/div> \n\t<\/div>\n\t<\/div> \n<\/div><\/div>\n\t\t\t<\/div> \n\t\t<\/div>\n\t<\/div> \n<\/div><\/div>\n\t\t<div id=\"fws_69d625b23fe38\"  data-column-margin=\"default\" data-midnight=\"light\" data-top-percent=\"5%\" data-bottom-percent=\"4%\"  class=\"wpb_row vc_row-fluid vc_row full-width-section parallax_section top_padding_phone_40px bottom_padding_phone_60px\"  style=\"padding-top: calc(100vw * 0.05); padding-bottom: calc(100vw * 0.04); \"><div class=\"row-bg-wrap\" data-bg-animation=\"none\" data-bg-animation-delay=\"\" data-bg-overlay=\"true\"><div class=\"inner-wrap row-bg-layer using-image\" ><div class=\"row-bg viewport-desktop using-image\" data-parallax-speed=\"fixed\" style=\"background-image: url(https:\/\/mutuallogistics.com\/wp-content\/uploads\/2025\/06\/mutual_logistics_logistique_04_1280x720.jpg); background-position: center center; background-repeat: no-repeat; \"><\/div><\/div><div class=\"row-bg-overlay row-bg-layer\" style=\"background: #000000; background: linear-gradient(45deg,#000000 0%,rgba(0,0,0,0.3) 100%);  opacity: 0.8; \"><\/div><\/div><div class=\"row_col_wrap_12 col span_12 light left\">\n\t<div  class=\"vc_col-sm-8 wpb_column column_container vc_column_container col no-extra-padding inherit_tablet inherit_phone\"  data-padding-pos=\"all\" data-has-bg-color=\"false\" data-bg-color=\"\" data-bg-opacity=\"1\" data-animation=\"\" data-delay=\"0\" >\n\t\t<div class=\"vc_column-inner\" >\n\t\t\t<div class=\"wpb_wrapper\">\n\t\t\t\t<div class=\"divider-wrap\" data-alignment=\"default\"><div style=\"height: 10px;\" class=\"divider\"><\/div><\/div><h2 style=\"text-align: center\" class=\"vc_custom_heading vc_do_custom_heading wpb_animate_when_almost_visible wpb_fadeInUp fadeInUp vc_custom_1750231028589\" >Siete alla ricerca di un <strong>Soluzione di co-packing<\/strong><\/h2>\n\t\t\t<\/div> \n\t\t<\/div>\n\t<\/div> \n\n\t<div  class=\"vc_col-sm-4 wpb_column column_container vc_column_container col no-extra-padding force-desktop-text-align-center inherit_tablet inherit_phone\"  data-padding-pos=\"all\" data-has-bg-color=\"false\" data-bg-color=\"\" data-bg-opacity=\"1\" data-animation=\"\" data-delay=\"0\" >\n\t\t<div class=\"vc_column-inner\" >\n\t\t\t<div class=\"wpb_wrapper\">\n\t\t\t\t<a class=\"nectar-button jumbo regular accent-color  wpb_animate_when_almost_visible wpb_fadeInUp fadeInUp regular-button\"  role=\"button\" style=\"\"  href=\"https:\/\/mutuallogistics.com\/it\/contatto\/\" data-color-override=\"false\" data-hover-color-override=\"false\" data-hover-text-color-override=\"#fff\"><span>CONTATTO<\/span><\/a>\n\t\t\t<\/div> \n\t\t<\/div>\n\t<\/div> \n<\/div><\/div>","protected":false},"excerpt":{"rendered":"Co-packingDes solutions de conditionnement sur-mesure, pr\u00eates \u00e0 performer NOS \u00c9QUIPES VOUS ACCOMPAGNENT : DANS TOUTES VOS OP\u00c9RATIONS MARKETING ! Vous n\u2019aurez plus qu\u2019un interlocuteur pour votre logistique et votre conditionnement...","protected":false},"author":1,"featured_media":2986,"parent":0,"menu_order":0,"comment_status":"closed","ping_status":"closed","template":"","meta":{"_seopress_robots_primary_cat":"","_seopress_titles_title":"","_seopress_titles_desc":"Vous n\u2019aurez plus qu\u2019un interlocuteur pour votre logistique et votre conditionnement \u00e0 fa\u00e7on : packing et co-packing, assemblage de coffrets, montage box, \u00e9tiquetage ou r\u00e9-\u00e9tiquetage de produits,...","_seopress_robots_index":"","inline_featured_image":false,"footnotes":""},"class_list":["post-3191","page","type-page","status-publish","has-post-thumbnail"],"_links":{"self":[{"href":"https:\/\/mutuallogistics.com\/it\/wp-json\/wp\/v2\/pages\/3191","targetHints":{"allow":["GET"]}}],"collection":[{"href":"https:\/\/mutuallogistics.com\/it\/wp-json\/wp\/v2\/pages"}],"about":[{"href":"https:\/\/mutuallogistics.com\/it\/wp-json\/wp\/v2\/types\/page"}],"author":[{"embeddable":true,"href":"https:\/\/mutuallogistics.com\/it\/wp-json\/wp\/v2\/users\/1"}],"replies":[{"embeddable":true,"href":"https:\/\/mutuallogistics.com\/it\/wp-json\/wp\/v2\/comments?post=3191"}],"version-history":[{"count":15,"href":"https:\/\/mutuallogistics.com\/it\/wp-json\/wp\/v2\/pages\/3191\/revisions"}],"predecessor-version":[{"id":6865,"href":"https:\/\/mutuallogistics.com\/it\/wp-json\/wp\/v2\/pages\/3191\/revisions\/6865"}],"wp:featuredmedia":[{"embeddable":true,"href":"https:\/\/mutuallogistics.com\/it\/wp-json\/wp\/v2\/media\/2986"}],"wp:attachment":[{"href":"https:\/\/mutuallogistics.com\/it\/wp-json\/wp\/v2\/media?parent=3191"}],"curies":[{"name":"wp","href":"https:\/\/api.w.org\/{rel}","templated":true}]}}