{"id":3124,"date":"2025-05-26T12:44:07","date_gmt":"2025-05-26T10:44:07","guid":{"rendered":"https:\/\/mutuallogistics.com\/?page_id=3124"},"modified":"2025-07-15T16:21:05","modified_gmt":"2025-07-15T14:21:05","slug":"logistica","status":"publish","type":"page","link":"https:\/\/mutuallogistics.com\/it\/logistique\/","title":{"rendered":"Logistica"},"content":{"rendered":"<div id=\"fws_69e8ffcd5deca\"  data-column-margin=\"default\" data-midnight=\"light\" data-top-percent=\"9%\" data-bottom-percent=\"9%\"  class=\"wpb_row vc_row-fluid vc_row full-width-section parallax_section mobile-disable-bg-image-animation\"  style=\"padding-top: calc(100vw * 0.09); padding-bottom: calc(100vw * 0.09); \"><div class=\"row-bg-wrap\" data-bg-animation=\"zoom-out-slow\" data-bg-animation-delay=\"\" data-bg-overlay=\"true\"><div class=\"inner-wrap row-bg-layer using-image\" ><div class=\"row-bg viewport-desktop using-image using-bg-color\" data-parallax-speed=\"fast\" style=\"background-image: url(https:\/\/mutuallogistics.com\/wp-content\/uploads\/2024\/09\/mutual_logistics_07_1280x854.jpg); background-position: center center; background-repeat: no-repeat; background-color: #aa9a72; \"><\/div><\/div><div class=\"row-bg-overlay row-bg-layer\" style=\"background: rgba(20,20,19,0.85); background: linear-gradient(45deg,rgba(20,20,19,0.85) 0%,rgba(70,70,68,0.42) 100%);  opacity: 0.95; \"><\/div><\/div><div class=\"row_col_wrap_12 col span_12 light center\">\n\t<div  class=\"vc_col-sm-12 wpb_column column_container vc_column_container col no-extra-padding inherit_tablet inherit_phone\"  data-padding-pos=\"all\" data-has-bg-color=\"false\" data-bg-color=\"\" data-bg-opacity=\"1\" data-animation=\"\" data-delay=\"0\" >\n\t\t<div class=\"vc_column-inner\" >\n\t\t\t<div class=\"wpb_wrapper\">\n\t\t\t\t<h1 style=\"font-size: 3em;text-align: center\" class=\"vc_custom_heading vc_do_custom_heading wpb_animate_when_almost_visible wpb_fadeInUp fadeInUp vc_custom_1751385386301\" >Logistica<\/h1><div style=\"font-size: 27px;line-height: 1.4;text-align: center\" class=\"vc_custom_heading vc_do_custom_heading wpb_animate_when_almost_visible wpb_fadeInUp fadeInUp vc_custom_1751385474146\" >Un'organizzazione collaborativa per soddisfare le vostre esigenze<\/div>\n\t\t\t<\/div> \n\t\t<\/div>\n\t<\/div> \n<\/div><\/div>\n\t\t<div id=\"fws_69e8ffcd5ecd8\"  data-column-margin=\"60px\" data-midnight=\"dark\" data-top-percent=\"5%\" data-bottom-percent=\"6%\"  class=\"wpb_row vc_row-fluid vc_row  reverse_columns_column_tablet reverse_columns_column_phone bottom_padding_tablet_60px bottom_padding_phone_80px\"  style=\"padding-top: calc(100vw * 0.05); padding-bottom: calc(100vw * 0.06); \"><div class=\"row-bg-wrap\" data-bg-animation=\"none\" data-bg-animation-delay=\"\" data-bg-overlay=\"false\"><div class=\"inner-wrap row-bg-layer\" ><div class=\"row-bg viewport-desktop\"  style=\"\"><\/div><\/div><\/div><div class=\"row_col_wrap_12 col span_12 dark left\">\n\t<div style=\"margin-top: 20px; \" class=\"vc_col-sm-6 wpb_column column_container vc_column_container col has-animation no-extra-padding inherit_tablet inherit_phone mobile-disable-entrance-animation\"  data-padding-pos=\"all\" data-has-bg-color=\"false\" data-bg-color=\"\" data-bg-opacity=\"1\" data-animation=\"fade-in-from-bottom\" data-delay=\"0\" >\n\t\t<div class=\"vc_column-inner\" >\n\t\t\t<div class=\"wpb_wrapper\">\n\t\t\t\t<h2 style=\"text-align: left\" class=\"vc_custom_heading vc_do_custom_heading vc_custom_1748256320323\" ><strong>COMPETENZE LOGISTICHE RECIPROCHE<\/strong> :<br \/>\nSOLUZIONI PERSONALIZZATE<\/h2>\n<div class=\"wpb_text_column wpb_content_element  vc_custom_1751385815164\" >\n\t<div class=\"wpb_wrapper\">\n\t\t<p><strong>L'esperienza di Mutual Logistics nell'immagazzinamento \u00e8 riconosciuta e apprezzata da tutti i suoi clienti. Il nostro personale altamente qualificato \u00e8 in grado di soddisfare tutte le vostre esigenze logistiche.<\/strong><\/p>\n<p>Mutual Logistics si occupa della gestione delle operazioni di logistica e trasporto nell'ambito di rapporti contrattuali adeguati alle esigenze dei propri clienti. L'utilizzo di un sistema informativo in tempo reale garantisce la qualit\u00e0 delle operazioni e la totale tracciabilit\u00e0 delle informazioni. Grazie alle tecnologie utilizzate, i servizi di Mutual Logistics rispondono a tutte le esigenze dei diversi settori a cui vengono offerti: Industria, Beni di Consumo, Distribuzione, e forniscono loro vantaggi strutturali.<br \/>\nL'esperienza di Mutual Logistics nella sincronizzazione dei flussi e nell'organizzazione delle sinergie pu\u00f2 anche aiutare a ridurre le scorte e a tagliare i costi.<\/p>\n\t<\/div>\n<\/div>\n\n\n\n\n\t\t\t<\/div> \n\t\t<\/div>\n\t<\/div> \n\n\t<div  class=\"vc_col-sm-6 wpb_column column_container vc_column_container col no-extra-padding inherit_tablet inherit_phone\"  data-padding-pos=\"all\" data-has-bg-color=\"false\" data-bg-color=\"\" data-bg-opacity=\"1\" data-animation=\"\" data-delay=\"0\" >\n\t\t<div class=\"vc_column-inner\" >\n\t\t\t<div class=\"wpb_wrapper\">\n\t\t\t\t<div class=\"divider-wrap\" data-alignment=\"default\"><div style=\"height: 40px;\" class=\"divider\"><\/div><\/div><div class=\"img-with-aniamtion-wrap  nectar-el-parallax-scroll\" data-max-width=\"100%\" data-max-width-mobile=\"default\" data-shadow=\"medium_depth\" data-animation=\"fade-in-from-bottom\" data-scroll-animation=\"true\" data-scroll-animation-movement=\"transform_y\" data-scroll-animation-mobile=\"true\" data-scroll-animation-intensity=\"2\" >\n      <div class=\"inner\">\n        <div class=\"hover-wrap\"> \n          <div class=\"hover-wrap-inner\">\n            <img loading=\"lazy\" decoding=\"async\" class=\"img-with-animation skip-lazy\" data-delay=\"200\" height=\"879\" width=\"1280\" data-animation=\"fade-in-from-bottom\" src=\"https:\/\/mutuallogistics.com\/wp-content\/uploads\/2025\/05\/mutual_logistics_logistique_05_1280x879.jpg\" alt=\"Service LOGISTIQUE - MUTUAL LOGISTICS\" srcset=\"https:\/\/mutuallogistics.com\/wp-content\/uploads\/2025\/05\/mutual_logistics_logistique_05_1280x879.jpg 1280w, https:\/\/mutuallogistics.com\/wp-content\/uploads\/2025\/05\/mutual_logistics_logistique_05_1280x879-300x206.jpg 300w, https:\/\/mutuallogistics.com\/wp-content\/uploads\/2025\/05\/mutual_logistics_logistique_05_1280x879-1024x703.jpg 1024w, https:\/\/mutuallogistics.com\/wp-content\/uploads\/2025\/05\/mutual_logistics_logistique_05_1280x879-768x527.jpg 768w\" sizes=\"auto, (max-width: 1280px) 100vw, 1280px\" \/>\n          <\/div>\n        <\/div>\n      <\/div>\n    <\/div>\n\t\t\t<\/div> \n\t\t<\/div>\n\t<\/div> \n<\/div><\/div>\n\t\t<div id=\"fws_69e8ffcd602cb\"  data-column-margin=\"60px\" data-midnight=\"light\" data-top-percent=\"2%\" data-bottom-percent=\"2%\"  class=\"wpb_row vc_row-fluid vc_row full-width-section parallax_section top_padding_phone_40px\"  style=\"padding-top: calc(100vw * 0.02); padding-bottom: calc(100vw * 0.02); \"><div class=\"row-bg-wrap\" data-bg-animation=\"none\" data-bg-animation-delay=\"\" data-bg-overlay=\"true\"><div class=\"inner-wrap row-bg-layer using-image\" ><div class=\"row-bg viewport-desktop using-image using-bg-color\" data-parallax-speed=\"fixed\" style=\"background-image: url(https:\/\/mutuallogistics.com\/wp-content\/uploads\/2025\/05\/fond-background_MUTUAL_LOGISTICS_1920x1200.png); background-position: center center; background-repeat: no-repeat; background-color: #ceb888; \"><\/div><\/div><div class=\"row-bg-overlay row-bg-layer\" style=\"background: #aa9a72; background: linear-gradient(45deg,#aa9a72 0%,rgba(170,154,114,0.28) 100%);  opacity: 0.8; \"><\/div><\/div><div class=\"row_col_wrap_12 col span_12 light center\">\n\t<div  class=\"vc_col-sm-12 wpb_column column_container vc_column_container col has-animation no-extra-padding inherit_tablet inherit_phone mobile-disable-entrance-animation\"  data-padding-pos=\"all\" data-has-bg-color=\"false\" data-bg-color=\"\" data-bg-opacity=\"1\" data-animation=\"fade-in-from-bottom\" data-delay=\"0\" >\n\t\t<div class=\"vc_column-inner\" >\n\t\t\t<div class=\"wpb_wrapper\">\n\t\t\t\t<div id=\"fws_69e8ffcd60887\" data-midnight=\"\" data-column-margin=\"40px\" class=\"wpb_row vc_row-fluid vc_row inner_row vc_row-o-equal-height vc_row-flex\"  style=\"padding-top: 2%; padding-bottom: 2%; \"><div class=\"row-bg-wrap\"> <div class=\"row-bg\" ><\/div> <\/div><div class=\"row_col_wrap_12_inner col span_12  left\">\n\t<div style=\"\" class=\"vc_col-sm-3 wpb_column column_container vc_column_container col child_column no-extra-padding inherit_tablet inherit_phone\"  data-using-bg=\"true\" data-bg-cover=\"true\" data-padding-pos=\"all\" data-has-bg-color=\"false\" data-bg-color=\"\" data-bg-opacity=\"1\" data-animation=\"\" data-delay=\"0\" >\n\t\t<div class=\"vc_column-inner\" ><div class=\"column-image-bg-wrap column-bg-layer viewport-desktop\" data-bg-pos=\"center center\" data-bg-animation=\"none\" data-bg-overlay=\"false\"><div class=\"inner-wrap\"><div class=\"column-image-bg\" style=\" background-image: url('https:\/\/mutuallogistics.com\/wp-content\/uploads\/2025\/07\/mutual_logistics_logistique_02_480x720.jpg'); \"><\/div><\/div><\/div>\n\t\t<div class=\"wpb_wrapper\">\n\t\t\t<div class=\"divider-wrap\" data-alignment=\"default\"><div style=\"height: 250px;\" class=\"divider\"><\/div><\/div>\n\t\t<\/div> \n\t<\/div>\n\t<\/div> \n\n\t<div  class=\"vc_col-sm-9 wpb_column column_container vc_column_container col child_column no-extra-padding force-desktop-text-align-left inherit_tablet inherit_phone\"   data-padding-pos=\"all\" data-has-bg-color=\"false\" data-bg-color=\"\" data-bg-opacity=\"1\" data-animation=\"\" data-delay=\"0\" >\n\t\t<div class=\"vc_column-inner\" >\n\t\t<div class=\"wpb_wrapper\">\n\t\t\t<div class=\"toggles accordion toggles--minimal-shadow\" data-br=\"5px\" data-starting=\"default\" data-style=\"minimal\"><div class=\"toggle default\" data-inner-wrap=\"true\"><h3 class=\"toggle-title\"><a href=\"#\" role=\"button\" class=\"toggle-heading\"><i role=\"presentation\" class=\"fa fa-plus-circle\"><\/i><strong>LOGISTICA CONDIVISA<\/strong><\/a><\/h3><div><div class=\"inner-toggle-wrap\">\n<div class=\"wpb_text_column wpb_content_element\" >\n\t<div class=\"wpb_wrapper\">\n\t\t<p><strong>Magazzini multi-cliente che riducono i costi logistici, sia in termini di stoccaggio che di trasporto.<\/strong><br \/>\nMutual Logistics ha l'esperienza e la capacit\u00e0 di progettare soluzioni logistiche multi-cliente per produttori e distributori; possiamo combinare le consegne a un singolo distributore preparando i vostri prodotti con quelli di altri produttori in un magazzino condiviso. La nostra tecnologia consente di gestire con estrema precisione le esigenze di rifornimento delle scorte, di raccolta, di preparazione degli ordini e di programmazione dei trasporti. Inoltre, viene fornita un'interfaccia tra i vostri sistemi informatici e quelli dei vostri interlocutori. Questi sono solo alcuni dei vantaggi che spingono verso la logistica condivisa. Potrete inoltre beneficiare di una disponibilit\u00e0 garantita dei prodotti enrayon e di un'impronta di carbonio ridotta.<\/p>\n\t<\/div>\n<\/div>\n\n\n\n<\/div><\/div><\/div><div class=\"toggle default\" data-inner-wrap=\"true\"><h3 class=\"toggle-title\"><a href=\"#\" role=\"button\" class=\"toggle-heading\"><i role=\"presentation\" class=\"fa fa-plus-circle\"><\/i><strong>LOGISTICA CONTRATTUALE<\/strong><\/a><\/h3><div><div class=\"inner-toggle-wrap\">\n<div class=\"wpb_text_column wpb_content_element  vc_custom_1751993026626\" >\n\t<div class=\"wpb_wrapper\">\n\t\t<p><strong>Offrire un servizio logistico completo, su misura per i vostri flussi e i vostri prodotti, per garantire la soddisfazione dei vostri clienti.<br \/>\n<\/strong>Poich\u00e9 il cliente \u00e8 al centro della nostra organizzazione, il nostro ufficio vendite e l'ufficio progettazione lavorano fianco a fianco per costruire un'offerta di servizi su misura per le vostre esigenze. La logistica dedicata prevede la gestione complessiva della vostra catena di fornitura, dalla produzione in fabbrica alla consegna al cliente finale. I flussi di merci sono gestiti su un'unica piattaforma logistica attraverso le operazioni di ricezione, stoccaggio, preparazione degli ordini, carico e trasporto.<\/p>\n\t<\/div>\n<\/div>\n\n\n\n<\/div><\/div><\/div><div class=\"toggle default\" data-inner-wrap=\"true\"><h3 class=\"toggle-title\"><a href=\"#\" role=\"button\" class=\"toggle-heading\"><i role=\"presentation\" class=\"fa fa-plus-circle\"><\/i><strong>TEMPERATURA CONTROLLATA<\/strong><\/a><\/h3><div><div class=\"inner-toggle-wrap\">\n<div class=\"wpb_text_column wpb_content_element  vc_custom_1751386063192\" >\n\t<div class=\"wpb_wrapper\">\n\t\t<p><strong>Un leader nella logistica della catena del freddo per preservare la qualit\u00e0 degli alimenti deperibili, refrigerati e congelati.<br \/>\n<\/strong>In qualit\u00e0 di leader francese nella catena del freddo, Mutual Logistics \u00e8 in grado di trattare, immagazzinare e consegnare i vostri prodotti per ottimizzarne la disponibilit\u00e0, ridurre i costi e mantenere un elevato livello di qualit\u00e0 grazie a controlli rigorosi. Le nostre soluzioni soddisfano tutte le norme igieniche vigenti e includono servizi a valore aggiunto come surgelazione, imballaggio, riconfezionamento e co-produzione. Nei nostri magazzini a temperatura controllata, che rispettano gli standard ambientali, i nostri sofisticati processi operativi velocizzano i flussi, riducono la movimentazione e garantiscono una preparazione coerente degli ordini. Potrete beneficiare di una tracciabilit\u00e0 totale dei prodotti e dei flussi per gestire, in particolare, la sicurezza dei contratti a data garantita, il blocco e lo sblocco, la tracciabilit\u00e0 dei codici dei lotti e delle date e i richiami.<\/p>\n\t<\/div>\n<\/div>\n\n\n\n<\/div><\/div><\/div><\/div>\n\n\n\n\n\n\n\n\n\n\n\n\n\n\n\n\n\n\n\n\n\t\t<\/div> \n\t<\/div>\n\t<\/div> \n<\/div><\/div>\n\t\t\t<\/div> \n\t\t<\/div>\n\t<\/div> \n<\/div><\/div>\n\t\t<div id=\"fws_69e8ffcd61cd5\"  data-column-margin=\"default\" data-midnight=\"light\" data-top-percent=\"5%\" data-bottom-percent=\"4%\"  class=\"wpb_row vc_row-fluid vc_row full-width-section parallax_section top_padding_phone_40px bottom_padding_phone_60px\"  style=\"padding-top: calc(100vw * 0.05); padding-bottom: calc(100vw * 0.04); \"><div class=\"row-bg-wrap\" data-bg-animation=\"none\" data-bg-animation-delay=\"\" data-bg-overlay=\"true\"><div class=\"inner-wrap row-bg-layer using-image\" ><div class=\"row-bg viewport-desktop using-image\" data-parallax-speed=\"fixed\" style=\"background-image: url(https:\/\/mutuallogistics.com\/wp-content\/uploads\/2024\/09\/mutual_logistics_07_1280x854.jpg); background-position: center center; background-repeat: no-repeat; \"><\/div><\/div><div class=\"row-bg-overlay row-bg-layer\" style=\"background: #000000; background: linear-gradient(45deg,#000000 0%,rgba(0,0,0,0.3) 100%);  opacity: 0.8; \"><\/div><\/div><div class=\"row_col_wrap_12 col span_12 light left\">\n\t<div  class=\"vc_col-sm-8 wpb_column column_container vc_column_container col no-extra-padding inherit_tablet inherit_phone\"  data-padding-pos=\"all\" data-has-bg-color=\"false\" data-bg-color=\"\" data-bg-opacity=\"1\" data-animation=\"\" data-delay=\"0\" >\n\t\t<div class=\"vc_column-inner\" >\n\t\t\t<div class=\"wpb_wrapper\">\n\t\t\t\t<div class=\"divider-wrap\" data-alignment=\"default\"><div style=\"height: 10px;\" class=\"divider\"><\/div><\/div><h2 style=\"text-align: center\" class=\"vc_custom_heading vc_do_custom_heading wpb_animate_when_almost_visible wpb_fadeInUp fadeInUp vc_custom_1748428080299\" >Siete alla ricerca di un <strong>soluzione logistica<\/strong><\/h2>\n\t\t\t<\/div> \n\t\t<\/div>\n\t<\/div> \n\n\t<div  class=\"vc_col-sm-4 wpb_column column_container vc_column_container col no-extra-padding force-desktop-text-align-center inherit_tablet inherit_phone\"  data-padding-pos=\"all\" data-has-bg-color=\"false\" data-bg-color=\"\" data-bg-opacity=\"1\" data-animation=\"\" data-delay=\"0\" >\n\t\t<div class=\"vc_column-inner\" >\n\t\t\t<div class=\"wpb_wrapper\">\n\t\t\t\t<a class=\"nectar-button jumbo regular accent-color  wpb_animate_when_almost_visible wpb_fadeInUp fadeInUp regular-button\"  role=\"button\" style=\"\"  href=\"https:\/\/mutuallogistics.com\/it\/contatto\/\" data-color-override=\"false\" data-hover-color-override=\"false\" data-hover-text-color-override=\"#fff\"><span>CONTATTO<\/span><\/a>\n\t\t\t<\/div> \n\t\t<\/div>\n\t<\/div> \n<\/div><\/div>","protected":false},"excerpt":{"rendered":"LogistiqueUne organisation collaborative, \u00e0 la hauteur de vos exigences L\u2019EXPERTISE MUTUAL LOGISTICS : DES SOLUTIONS PERSONNALIS\u00c9ES Dans le domaine de l\u2019entreposage, l\u2019expertise de Mutual Logistics est reconnue et appr\u00e9ci\u00e9e par...","protected":false},"author":1,"featured_media":2986,"parent":0,"menu_order":0,"comment_status":"closed","ping_status":"closed","template":"","meta":{"_seopress_robots_primary_cat":"","_seopress_titles_title":"","_seopress_titles_desc":"Mutual Logistics prend en charge la gestion des op\u00e9rations logistiques et de transport. Le recours \u00e0 un syst\u00e8me d\u2019informations en temps r\u00e9el garantit la qualit\u00e9 des op\u00e9rations et une totale tra\u00e7abilit\u00e9 des informations...","_seopress_robots_index":"","inline_featured_image":false,"footnotes":""},"class_list":["post-3124","page","type-page","status-publish","has-post-thumbnail"],"_links":{"self":[{"href":"https:\/\/mutuallogistics.com\/it\/wp-json\/wp\/v2\/pages\/3124","targetHints":{"allow":["GET"]}}],"collection":[{"href":"https:\/\/mutuallogistics.com\/it\/wp-json\/wp\/v2\/pages"}],"about":[{"href":"https:\/\/mutuallogistics.com\/it\/wp-json\/wp\/v2\/types\/page"}],"author":[{"embeddable":true,"href":"https:\/\/mutuallogistics.com\/it\/wp-json\/wp\/v2\/users\/1"}],"replies":[{"embeddable":true,"href":"https:\/\/mutuallogistics.com\/it\/wp-json\/wp\/v2\/comments?post=3124"}],"version-history":[{"count":15,"href":"https:\/\/mutuallogistics.com\/it\/wp-json\/wp\/v2\/pages\/3124\/revisions"}],"predecessor-version":[{"id":6863,"href":"https:\/\/mutuallogistics.com\/it\/wp-json\/wp\/v2\/pages\/3124\/revisions\/6863"}],"wp:featuredmedia":[{"embeddable":true,"href":"https:\/\/mutuallogistics.com\/it\/wp-json\/wp\/v2\/media\/2986"}],"wp:attachment":[{"href":"https:\/\/mutuallogistics.com\/it\/wp-json\/wp\/v2\/media?parent=3124"}],"curies":[{"name":"wp","href":"https:\/\/api.w.org\/{rel}","templated":true}]}}