{"id":3339,"date":"2025-07-09T12:42:59","date_gmt":"2025-07-09T10:42:59","guid":{"rendered":"https:\/\/mutuallogistics.com\/?page_id=3339"},"modified":"2025-07-11T16:41:03","modified_gmt":"2025-07-11T14:41:03","slug":"unsolicited-application","status":"publish","type":"page","link":"https:\/\/mutuallogistics.com\/en\/candidature-spontanee\/","title":{"rendered":"Unsolicited application"},"content":{"rendered":"<div id=\"fws_69e8ec928ba48\"  data-column-margin=\"default\" data-midnight=\"light\" data-top-percent=\"9%\" data-bottom-percent=\"9%\"  class=\"wpb_row vc_row-fluid vc_row full-width-section parallax_section mobile-disable-bg-image-animation\"  style=\"padding-top: calc(100vw * 0.09); padding-bottom: calc(100vw * 0.09); \"><div class=\"row-bg-wrap\" data-bg-animation=\"zoom-out-slow\" data-bg-animation-delay=\"\" data-bg-overlay=\"true\"><div class=\"inner-wrap row-bg-layer using-image\" ><div class=\"row-bg viewport-desktop using-image using-bg-color\" data-parallax-speed=\"fast\" style=\"background-image: url(https:\/\/mutuallogistics.com\/wp-content\/uploads\/2025\/05\/mutual_logistics_02_1280x720.jpg); background-position: center center; background-repeat: no-repeat; background-color: #aa9a72; \"><\/div><\/div><div class=\"row-bg-overlay row-bg-layer\" style=\"background: rgba(20,20,19,0.85); background: linear-gradient(45deg,rgba(20,20,19,0.85) 0%,rgba(70,70,68,0.42) 100%);  opacity: 0.95; \"><\/div><\/div><div class=\"row_col_wrap_12 col span_12 light center\">\n\t<div  class=\"vc_col-sm-12 wpb_column column_container vc_column_container col no-extra-padding inherit_tablet inherit_phone\"  data-padding-pos=\"all\" data-has-bg-color=\"false\" data-bg-color=\"\" data-bg-opacity=\"1\" data-animation=\"\" data-delay=\"0\" >\n\t\t<div class=\"vc_column-inner\" >\n\t\t\t<div class=\"wpb_wrapper\">\n\t\t\t\t<h1 style=\"text-align: center\" class=\"vc_custom_heading vc_do_custom_heading wpb_animate_when_almost_visible wpb_fadeInUp fadeInUp vc_custom_1752057301866\" >Unsolicited application<\/h1>\n\t\t\t<\/div> \n\t\t<\/div>\n\t<\/div> \n<\/div><\/div>\n\t\t<div id=\"fws_69e8ec928c537\"  data-column-margin=\"60px\" data-midnight=\"dark\" data-top-percent=\"5%\" data-bottom-percent=\"2%\"  class=\"wpb_row vc_row-fluid vc_row vc_row-o-equal-height vc_row-flex vc_row-o-content-middle  reverse_columns_column_tablet reverse_columns_column_phone bottom_padding_tablet_60px bottom_padding_phone_80px\"  style=\"padding-top: calc(100vw * 0.05); padding-bottom: calc(100vw * 0.02); \"><div class=\"row-bg-wrap\" data-bg-animation=\"none\" data-bg-animation-delay=\"\" data-bg-overlay=\"false\"><div class=\"inner-wrap row-bg-layer\" ><div class=\"row-bg viewport-desktop\"  style=\"\"><\/div><\/div><\/div><div class=\"row_col_wrap_12 col span_12 dark left\">\n\t<div style=\"margin-top: 20px; \" class=\"vc_col-sm-3 wpb_column column_container vc_column_container col has-animation no-extra-padding inherit_tablet inherit_phone mobile-disable-entrance-animation\"  data-padding-pos=\"all\" data-has-bg-color=\"false\" data-bg-color=\"\" data-bg-opacity=\"1\" data-animation=\"fade-in-from-bottom\" data-delay=\"0\" >\n\t\t<div class=\"vc_column-inner\" >\n\t\t\t<div class=\"wpb_wrapper\">\n\t\t\t\t\n\t\t\t<\/div> \n\t\t<\/div>\n\t<\/div> \n\n\t<div  class=\"vc_col-sm-6 wpb_column column_container vc_column_container col no-extra-padding inherit_tablet inherit_phone\"  data-padding-pos=\"all\" data-has-bg-color=\"false\" data-bg-color=\"\" data-bg-opacity=\"1\" data-animation=\"\" data-delay=\"0\" >\n\t\t<div class=\"vc_column-inner\" >\n\t\t\t<div class=\"wpb_wrapper\">\n\t\t\t\t\n<div class=\"wpb_text_column wpb_content_element\" >\n\t<div class=\"wpb_wrapper\">\n\t\t<h2>Submit your application<\/h2>\n\t<\/div>\n<\/div>\n\n\n\n<div class=\"toggles\" data-br=\"none\" data-starting=\"default\" data-style=\"default\"><div class=\"toggle default\" data-inner-wrap=\"true\"><h3 class=\"toggle-title\"><a href=\"#\" role=\"button\" class=\"toggle-heading\"><i role=\"presentation\" class=\"fa fa-plus-circle\"><\/i>Your data, your rights. Click here to find out more.<\/a><\/h3><div><div class=\"inner-toggle-wrap\">\n<div class=\"wpb_text_column wpb_content_element\" >\n\t<div class=\"wpb_wrapper\">\n\t\t<p>The personal data collected is processed by Mutual Logistics acting as data controller. The purpose of this data processing, based on your consent, is to manage recruitment. The data marked with an asterisk are compulsory as they are strictly necessary for the purpose indicated. Refusal to provide all or part of this data will make it impossible to process your application. Other data is not compulsory but remains relevant in order to refine your application and improve its processing. The applications submitted may be profiled by scoring according to their correspondence with the expectations of the position(s) (ranking of applications from the closest to the furthest from the expectations of the position in terms of years of experience, for example). This profiling may be taken into account when considering applications, but no fully automated decision may be taken on its sole basis. The data will be kept for 2 years from the last contact from you. The recipients of the data are the Mutual Logistics staff in charge of recruitment as well as the staff of our subcontractor in charge of implementing and maintaining our recruitment platform. Personal data collected in the course of processing in accordance with the agreed purposes will not be transferred to any country outside the European Union. You have a right of access, rectification, opposition, portability of your data, limitation of processing and erasure, and this under the conditions set out in Regulation 2016\/679 of 27 April 2016. You also have the right to lodge a complaint with a supervisory authority. You also have the right to define directives relating to the retention, deletion and communication of your personal data in the event of your death, and this pursuant to the Law for a Digital Republic of 7 October 2016. You may exercise these rights, by accompanying your request with a copy of any signed identity document certified as a true copy of the original, to the Data Protection Officer in the Mutual Logistics Recruitment Department, by email to contact@mutuallogistics.com or by post to Mutual Logistics, 17 bis rue Sadi Carnot, 14000 CAEN.<\/p>\n\t<\/div>\n<\/div>\n\n\n\n<\/div><\/div><\/div><\/div>\n\n\n\n\n\n\n\n\n\n\n\n\n\n\n\n\n\n\n\n\n<div class=\"wpcf7 no-js\" id=\"wpcf7-f3338-o1\" lang=\"fr-FR\" dir=\"ltr\" data-wpcf7-id=\"3338\">\n<div class=\"screen-reader-response\"><p role=\"status\" aria-live=\"polite\" aria-atomic=\"true\"><\/p> <ul><\/ul><\/div>\n<form action=\"\/en\/wp-json\/wp\/v2\/pages\/3339#wpcf7-f3338-o1\" method=\"post\" class=\"wpcf7-form init\" aria-label=\"Contact form\" enctype=\"multipart\/form-data\" novalidate=\"novalidate\" data-status=\"init\" data-trp-original-action=\"\/en\/wp-json\/wp\/v2\/pages\/3339#wpcf7-f3338-o1\">\n<fieldset class=\"hidden-fields-container\"><input type=\"hidden\" name=\"_wpcf7\" value=\"3338\" \/><input type=\"hidden\" name=\"_wpcf7_version\" value=\"6.1.5\" \/><input type=\"hidden\" name=\"_wpcf7_locale\" value=\"fr_FR\" \/><input type=\"hidden\" name=\"_wpcf7_unit_tag\" value=\"wpcf7-f3338-o1\" \/><input type=\"hidden\" name=\"_wpcf7_container_post\" value=\"0\" \/><input type=\"hidden\" name=\"_wpcf7_posted_data_hash\" value=\"\" \/><input type=\"hidden\" name=\"_wpcf7_recaptcha_response\" value=\"\" \/>\n<\/fieldset>\n<div id=\"form-candidature-spontanee\">\n\t<p><label> Civility * <\/label><br \/>\n<span class=\"wpcf7-form-control-wrap\" data-name=\"civilite\"><select class=\"wpcf7-form-control wpcf7-select wpcf7-validates-as-required\" aria-required=\"true\" aria-invalid=\"false\" name=\"civilite\"><option value=\"\">&#8212;Veuillez choisir une option&#8212;<\/option><option value=\"Madame\">Mrs.<\/option><option value=\"Monsieur\">Mr.<\/option><\/select><\/span>\n\t<\/p>\n\t<p><label> Name *<br \/>\n<span class=\"wpcf7-form-control-wrap\" data-name=\"your-name\"><input size=\"40\" maxlength=\"400\" class=\"wpcf7-form-control wpcf7-text wpcf7-validates-as-required\" aria-required=\"true\" aria-invalid=\"false\" value=\"\" type=\"text\" name=\"your-name\" \/><\/span> <\/label>\n\t<\/p>\n\t<p><label> First name *<br \/>\n<span class=\"wpcf7-form-control-wrap\" data-name=\"your-firstname\"><input size=\"40\" maxlength=\"400\" class=\"wpcf7-form-control wpcf7-text wpcf7-validates-as-required\" aria-required=\"true\" aria-invalid=\"false\" value=\"\" type=\"text\" name=\"your-firstname\" \/><\/span> <\/label>\n\t<\/p>\n\t<p><label> E-mail *<br \/>\n<span class=\"wpcf7-form-control-wrap\" data-name=\"your-email\"><input size=\"40\" maxlength=\"400\" class=\"wpcf7-form-control wpcf7-email wpcf7-validates-as-required wpcf7-text wpcf7-validates-as-email\" aria-required=\"true\" aria-invalid=\"false\" value=\"\" type=\"email\" name=\"your-email\" \/><\/span> <\/label>\n\t<\/p>\n\t<p><label> Telephone number <\/label><br \/>\n<span class=\"wpcf7-form-control-wrap\" data-name=\"telephone\"><input size=\"40\" maxlength=\"400\" class=\"wpcf7-form-control wpcf7-tel wpcf7-validates-as-required wpcf7-text wpcf7-validates-as-tel\" aria-required=\"true\" aria-invalid=\"false\" value=\"\" type=\"tel\" name=\"telephone\" \/><\/span>\n\t<\/p>\n\t<p><label> CV *<br \/>\n<span class=\"wpcf7-form-control-wrap\" data-name=\"cv\"><input size=\"40\" class=\"wpcf7-form-control wpcf7-file wpcf7-validates-as-required\" accept=\".jpg,.jpeg,.png,.gif,.pdf,.doc,.docx,.ppt,.pptx,.odt\" aria-required=\"true\" aria-invalid=\"false\" type=\"file\" name=\"cv\" \/><\/span> <\/label>\n\t<\/p>\n\t<p><label> Other document<br \/>\n<span class=\"wpcf7-form-control-wrap\" data-name=\"ldm\"><input size=\"40\" class=\"wpcf7-form-control wpcf7-file\" accept=\".jpg,.jpeg,.png,.gif,.pdf,.doc,.docx,.ppt,.pptx,.odt\" aria-invalid=\"false\" type=\"file\" name=\"ldm\" \/><\/span> <\/label>\n\t<\/p>\n\t<p><label> Message * <\/label><br \/>\n<span class=\"wpcf7-form-control-wrap\" data-name=\"message\"><textarea cols=\"40\" rows=\"10\" maxlength=\"2000\" class=\"wpcf7-form-control wpcf7-textarea wpcf7-validates-as-required\" aria-required=\"true\" aria-invalid=\"false\" name=\"message\"><\/textarea><\/span><br \/>\n<span id=\"wpcf7-69e8ec928f52d-wrapper\" class=\"wpcf7-form-control-wrap honeypot-414-wrap\" ><input type=\"hidden\" name=\"honeypot-414-time-start\" value=\"1776872594\"><input type=\"hidden\" name=\"honeypot-414-time-check\" value=\"4\"><label for=\"ville\" class=\"hp-message\">Veuillez laisser ce champ vide.<\/label><input id=\"ville\"  placeholder=\"City\"  class=\"wpcf7-form-control wpcf7-text\" type=\"text\" name=\"honeypot-414\" value=\"\" size=\"40\" tabindex=\"-1\" autocomplete=\"off\" \/><\/span>\n\t<\/p>\n\t<p style=\"font-size: 14px; font-style: italic; line-height: 1.4em; color: #909090;\">* Les champs signal\u00e9s ci-dessus par un ast\u00e9risque sont obligatoires afin que nous puissions r\u00e9pondre \u00e0 votre demande.\n\t<\/p>\n\t<p>I consent to my data being processed under the conditions set out above (click on the button or link \"Your data, your rights. Click here to find out more\"). I acknowledge that I have the right to withdraw my consent at any time by sending a request by e-mail to contact@mutuallogistics.com\n\t<\/p>\n\t<p><span class=\"wpcf7-form-control-wrap\" data-name=\"Consentement\"><span class=\"wpcf7-form-control wpcf7-checkbox wpcf7-validates-as-required\"><span class=\"wpcf7-list-item first last\"><input type=\"checkbox\" name=\"Consentement[]\" value=\"Accepter le traitement des donn\u00e9es par Mutual Logistics\" \/><span class=\"wpcf7-list-item-label\">Agree to the processing of data by Mutual Logistics<\/span><\/span><\/span><\/span>\n\t<\/p>\n\t<p><input class=\"wpcf7-form-control wpcf7-submit has-spinner\" type=\"submit\" value=\"Send\" \/>\n\t<\/p>\n<\/div><div class=\"wpcf7-response-output\" aria-hidden=\"true\"><\/div>\n<input type=\"hidden\" name=\"trp-form-language\" value=\"en\"\/><\/form>\n<\/div>\n\n\t\t\t<\/div> \n\t\t<\/div>\n\t<\/div> \n\n\t<div  class=\"vc_col-sm-3 wpb_column column_container vc_column_container col no-extra-padding inherit_tablet inherit_phone\"  data-padding-pos=\"all\" data-has-bg-color=\"false\" data-bg-color=\"\" data-bg-opacity=\"1\" data-animation=\"\" data-delay=\"0\" >\n\t\t<div class=\"vc_column-inner\" >\n\t\t\t<div class=\"wpb_wrapper\">\n\t\t\t\t\n\t\t\t<\/div> \n\t\t<\/div>\n\t<\/div> \n<\/div><\/div>\n\t\t<div id=\"fws_69e8ec92902d4\"  data-column-margin=\"default\" data-midnight=\"light\" data-top-percent=\"2%\" data-bottom-percent=\"2%\"  class=\"wpb_row vc_row-fluid vc_row full-width-section vc_row-o-equal-height vc_row-flex vc_row-o-content-middle parallax_section top_padding_phone_40px bottom_padding_phone_60px\"  style=\"padding-top: calc(100vw * 0.02); padding-bottom: calc(100vw * 0.02); \"><div class=\"row-bg-wrap\" data-bg-animation=\"none\" data-bg-animation-delay=\"\" data-bg-overlay=\"false\"><div class=\"inner-wrap row-bg-layer\" ><div class=\"row-bg viewport-desktop using-bg-color\" data-parallax-speed=\"fixed\" style=\"background-color: #AA9A72; \"><\/div><\/div><\/div><div class=\"row_col_wrap_12 col span_12 light left\">\n\t<div  class=\"vc_col-sm-8 wpb_column column_container vc_column_container col no-extra-padding inherit_tablet inherit_phone\"  data-padding-pos=\"all\" data-has-bg-color=\"false\" data-bg-color=\"\" data-bg-opacity=\"1\" data-animation=\"\" data-delay=\"0\" >\n\t\t<div class=\"vc_column-inner\" >\n\t\t\t<div class=\"wpb_wrapper\">\n\t\t\t\t<div class=\"divider-wrap\" data-alignment=\"default\"><div style=\"height: 25px;\" class=\"divider\"><\/div><\/div><h4 style=\"text-align: left\" class=\"vc_custom_heading vc_do_custom_heading wpb_animate_when_almost_visible wpb_fadeInUp fadeInUp vc_custom_1752058787383\" >Ready to take on new challenges? We've got just what you need:<\/h4>\n\t\t\t<\/div> \n\t\t<\/div>\n\t<\/div> \n\n\t<div  class=\"vc_col-sm-4 wpb_column column_container vc_column_container col no-extra-padding force-desktop-text-align-center inherit_tablet inherit_phone\"  data-padding-pos=\"all\" data-has-bg-color=\"false\" data-bg-color=\"\" data-bg-opacity=\"1\" data-animation=\"\" data-delay=\"0\" >\n\t\t<div class=\"vc_column-inner\" >\n\t\t\t<div class=\"wpb_wrapper\">\n\t\t\t\t<a class=\"nectar-button medium see-through-2  wpb_animate_when_almost_visible wpb_fadeInUp fadeInUp\"  role=\"button\" style=\"\"  href=\"https:\/\/mutuallogistics.com\/en\/our-job-offers\/\" data-color-override=\"false\"  data-hover-color-override=\"#CEB888\" data-hover-text-color-override=\"#ffffff\"><span>DISCOVER OUR OFFERS<\/span><\/a>\n\t\t\t<\/div> \n\t\t<\/div>\n\t<\/div> \n<\/div><\/div>","protected":false},"excerpt":{"rendered":"Candidature spontan\u00e9e D\u00e9posez votre candidature Vos donn\u00e9es, vos droits. Cliquez ici pour -&gt; en savoir plus. Les donn\u00e9es \u00e0 caract\u00e8re personnel recueillies font l\u2019objet d\u2019un traitement informatique mis en \u0153uvre...","protected":false},"author":1,"featured_media":2986,"parent":0,"menu_order":0,"comment_status":"closed","ping_status":"closed","template":"","meta":{"_seopress_robots_primary_cat":"","_seopress_titles_title":"","_seopress_titles_desc":"Vous ne trouvez pas d'offre correspondant \u00e0 vos attentes, mais vous pensez avoir le profil id\u00e9al pour rejoindre nos \u00e9quipes ? Postulez en candidature spontan\u00e9e !","_seopress_robots_index":"","inline_featured_image":false,"footnotes":""},"class_list":["post-3339","page","type-page","status-publish","has-post-thumbnail"],"_links":{"self":[{"href":"https:\/\/mutuallogistics.com\/en\/wp-json\/wp\/v2\/pages\/3339","targetHints":{"allow":["GET"]}}],"collection":[{"href":"https:\/\/mutuallogistics.com\/en\/wp-json\/wp\/v2\/pages"}],"about":[{"href":"https:\/\/mutuallogistics.com\/en\/wp-json\/wp\/v2\/types\/page"}],"author":[{"embeddable":true,"href":"https:\/\/mutuallogistics.com\/en\/wp-json\/wp\/v2\/users\/1"}],"replies":[{"embeddable":true,"href":"https:\/\/mutuallogistics.com\/en\/wp-json\/wp\/v2\/comments?post=3339"}],"version-history":[{"count":11,"href":"https:\/\/mutuallogistics.com\/en\/wp-json\/wp\/v2\/pages\/3339\/revisions"}],"predecessor-version":[{"id":6844,"href":"https:\/\/mutuallogistics.com\/en\/wp-json\/wp\/v2\/pages\/3339\/revisions\/6844"}],"wp:featuredmedia":[{"embeddable":true,"href":"https:\/\/mutuallogistics.com\/en\/wp-json\/wp\/v2\/media\/2986"}],"wp:attachment":[{"href":"https:\/\/mutuallogistics.com\/en\/wp-json\/wp\/v2\/media?parent=3339"}],"curies":[{"name":"wp","href":"https:\/\/api.w.org\/{rel}","templated":true}]}}