{"id":3226,"date":"2025-06-24T09:57:48","date_gmt":"2025-06-24T07:57:48","guid":{"rendered":"https:\/\/mutuallogistics.com\/?page_id=3226"},"modified":"2025-07-11T16:35:23","modified_gmt":"2025-07-11T14:35:23","slug":"business-sectors","status":"publish","type":"page","link":"https:\/\/mutuallogistics.com\/en\/secteurs-dactivite\/","title":{"rendered":"Secteurs d&rsquo;activit\u00e9"},"content":{"rendered":"<div id=\"fws_69ea34c044611\"  data-column-margin=\"default\" data-midnight=\"light\" data-top-percent=\"9%\" data-bottom-percent=\"9%\"  class=\"wpb_row vc_row-fluid vc_row full-width-section parallax_section mobile-disable-bg-image-animation\"  style=\"padding-top: calc(100vw * 0.09); padding-bottom: calc(100vw * 0.09); \"><div class=\"row-bg-wrap\" data-bg-animation=\"zoom-out-slow\" data-bg-animation-delay=\"\" data-bg-overlay=\"true\"><div class=\"inner-wrap row-bg-layer using-image\" ><div class=\"row-bg viewport-desktop using-image using-bg-color\" data-parallax-speed=\"fast\" style=\"background-image: url(https:\/\/mutuallogistics.com\/wp-content\/uploads\/2025\/07\/mutual_logistics_co-packing_03_1280x720.jpg); background-position: center center; background-repeat: no-repeat; background-color: #aa9a72; \"><\/div><\/div><div class=\"row-bg-overlay row-bg-layer\" style=\"background: rgba(20,20,19,0.85); background: linear-gradient(45deg,rgba(20,20,19,0.85) 0%,rgba(70,70,68,0.42) 100%);  opacity: 0.95; \"><\/div><\/div><div class=\"row_col_wrap_12 col span_12 light center\">\n\t<div  class=\"vc_col-sm-12 wpb_column column_container vc_column_container col no-extra-padding inherit_tablet inherit_phone\"  data-padding-pos=\"all\" data-has-bg-color=\"false\" data-bg-color=\"\" data-bg-opacity=\"1\" data-animation=\"\" data-delay=\"0\" >\n\t\t<div class=\"vc_column-inner\" >\n\t\t\t<div class=\"wpb_wrapper\">\n\t\t\t\t<h1 style=\"text-align: center\" class=\"vc_custom_heading vc_do_custom_heading wpb_animate_when_almost_visible wpb_fadeInUp fadeInUp vc_custom_1750753629634\" >Sectors of activity<\/h1>\n\t\t\t<\/div> \n\t\t<\/div>\n\t<\/div> \n<\/div><\/div>\n\t\t<div id=\"fws_69ea34c0453ff\"  data-column-margin=\"60px\" data-midnight=\"dark\" data-top-percent=\"5%\" data-bottom-percent=\"5%\"  class=\"wpb_row vc_row-fluid vc_row full-width-section  reverse_columns_column_tablet reverse_columns_column_phone bottom_padding_tablet_60px bottom_padding_phone_80px\"  style=\"padding-top: calc(100vw * 0.05); padding-bottom: calc(100vw * 0.05); \"><div class=\"row-bg-wrap\" data-bg-animation=\"none\" data-bg-animation-delay=\"\" data-bg-overlay=\"true\"><div class=\"inner-wrap row-bg-layer\" ><div class=\"row-bg viewport-desktop\"  style=\"\"><\/div><\/div><div class=\"row-bg-overlay row-bg-layer\" style=\"background: linear-gradient(to bottom,rgba(255,255,255,0.001) 25%,#46464421 100%);  opacity: 0.3; \"><\/div><\/div><div class=\"row_col_wrap_12 col span_12 dark left\">\n\t<div style=\"margin-top: 20px; \" class=\"vc_col-sm-8 wpb_column column_container vc_column_container col has-animation no-extra-padding inherit_tablet inherit_phone mobile-disable-entrance-animation\"  data-padding-pos=\"all\" data-has-bg-color=\"false\" data-bg-color=\"\" data-bg-opacity=\"1\" data-animation=\"fade-in-from-bottom\" data-delay=\"0\" >\n\t\t<div class=\"vc_column-inner\" >\n\t\t\t<div class=\"wpb_wrapper\">\n\t\t\t\t<h2 style=\"text-align: left\" class=\"vc_custom_heading vc_do_custom_heading vc_custom_1750753030988\" ><strong>DISTRIBUTION<\/strong> Flexible solutions for a unique consumer experience for retailers and e-commerce specialists<\/h2>\n<div class=\"wpb_text_column wpb_content_element  vc_custom_1750751846541\" >\n\t<div class=\"wpb_wrapper\">\n\t\t<p><strong>The logistics function is one of the main links in the value chain of commercial enterprises.<\/strong><\/p>\n<p>Its efficiency is crucial to the availability of product ranges on shop shelves and to optimising distribution costs. Our expertise in organising synergies, synchronising flows and operating distribution centres can contribute to this. They are at the service of all distribution channels.<\/p>\n<p>Mutual logistics is present at all levels of the distribution supply chain: inbound transport of goods by road-air-sea, collection and deconsolidation of goods in production areas, bonded warehousing, domestic warehousing at ambient and controlled temperatures, order preparation for all shop formats, from convenience stores to hypermarkets, order preparation for break-down, order preparation for single and multi-owner stocks, delivery to retail shops.<\/p>\n<p>All the logistics operations we manage are supported by information systems, usually in real time, which guarantee traceability and compliance.<\/p>\n\t<\/div>\n<\/div>\n\n\n\n\n\t\t\t<\/div> \n\t\t<\/div>\n\t<\/div> \n\n\t<div  class=\"vc_col-sm-4 wpb_column column_container vc_column_container col no-extra-padding inherit_tablet inherit_phone\"  data-padding-pos=\"all\" data-has-bg-color=\"false\" data-bg-color=\"\" data-bg-opacity=\"1\" data-animation=\"\" data-delay=\"0\" >\n\t\t<div class=\"vc_column-inner\" >\n\t\t\t<div class=\"wpb_wrapper\">\n\t\t\t\t<div class=\"divider-wrap\" data-alignment=\"default\"><div style=\"height: 40px;\" class=\"divider\"><\/div><\/div><div class=\"img-with-aniamtion-wrap  custom-size nectar-el-parallax-scroll\" data-max-width=\"100%\" data-max-width-mobile=\"default\" data-shadow=\"medium_depth\" data-animation=\"fade-in-from-bottom\" data-scroll-animation=\"true\" data-scroll-animation-movement=\"transform_y\" data-scroll-animation-mobile=\"true\" data-scroll-animation-intensity=\"2\" >\n      <div class=\"inner\">\n        <div class=\"hover-wrap\"> \n          <div class=\"hover-wrap-inner\">\n            <img loading=\"lazy\" decoding=\"async\" class=\"img-with-animation skip-lazy\" data-delay=\"200\" height=\"800\" width=\"800\" data-animation=\"fade-in-from-bottom\" src=\"https:\/\/mutuallogistics.com\/wp-content\/uploads\/2025\/06\/logistique_secteur_grande_consommation-800x800.jpg\" alt=\"MUTUAL LOGISTICS pr\u00e9sent \u00e0 tous les niveaux de la supply chain de la distribution\" srcset=\"https:\/\/mutuallogistics.com\/wp-content\/uploads\/2025\/06\/logistique_secteur_grande_consommation-800x800.jpg 800w, https:\/\/mutuallogistics.com\/wp-content\/uploads\/2025\/06\/logistique_secteur_grande_consommation-150x150.jpg 150w, https:\/\/mutuallogistics.com\/wp-content\/uploads\/2025\/06\/logistique_secteur_grande_consommation-140x140.jpg 140w, https:\/\/mutuallogistics.com\/wp-content\/uploads\/2025\/06\/logistique_secteur_grande_consommation-100x100.jpg 100w, https:\/\/mutuallogistics.com\/wp-content\/uploads\/2025\/06\/logistique_secteur_grande_consommation-500x500.jpg 500w, https:\/\/mutuallogistics.com\/wp-content\/uploads\/2025\/06\/logistique_secteur_grande_consommation-350x350.jpg 350w\" sizes=\"auto, (max-width: 800px) 100vw, 800px\" \/>\n          <\/div>\n        <\/div>\n      <\/div>\n    <\/div>\n\t\t\t<\/div> \n\t\t<\/div>\n\t<\/div> \n<\/div><\/div>\n\t\t<div id=\"fws_69ea34c046d1b\"  data-column-margin=\"60px\" data-midnight=\"dark\" data-top-percent=\"5%\" data-bottom-percent=\"5%\"  class=\"wpb_row vc_row-fluid vc_row full-width-section  bottom_padding_tablet_60px bottom_padding_phone_80px\"  style=\"padding-top: calc(100vw * 0.05); padding-bottom: calc(100vw * 0.05); \"><div class=\"row-bg-wrap\" data-bg-animation=\"none\" data-bg-animation-delay=\"\" data-bg-overlay=\"true\"><div class=\"inner-wrap row-bg-layer\" ><div class=\"row-bg viewport-desktop\"  style=\"\"><\/div><\/div><div class=\"row-bg-overlay row-bg-layer\" style=\"background: linear-gradient(to bottom,rgba(255,255,255,0.001) 25%,#46464421 100%);  opacity: 0.3; \"><\/div><\/div><div class=\"row_col_wrap_12 col span_12 dark left\">\n\t<div style=\"margin-top: 20px; \" class=\"vc_col-sm-4 wpb_column column_container vc_column_container col has-animation no-extra-padding inherit_tablet inherit_phone mobile-disable-entrance-animation\"  data-padding-pos=\"all\" data-has-bg-color=\"false\" data-bg-color=\"\" data-bg-opacity=\"1\" data-animation=\"fade-in-from-bottom\" data-delay=\"0\" >\n\t\t<div class=\"vc_column-inner\" >\n\t\t\t<div class=\"wpb_wrapper\">\n\t\t\t\t<div class=\"divider-wrap\" data-alignment=\"default\"><div style=\"height: 40px;\" class=\"divider\"><\/div><\/div><div class=\"img-with-aniamtion-wrap  custom-size nectar-el-parallax-scroll\" data-max-width=\"100%\" data-max-width-mobile=\"default\" data-shadow=\"medium_depth\" data-animation=\"fade-in-from-bottom\" data-scroll-animation=\"true\" data-scroll-animation-movement=\"transform_y\" data-scroll-animation-mobile=\"true\" data-scroll-animation-intensity=\"2\" >\n      <div class=\"inner\">\n        <div class=\"hover-wrap\"> \n          <div class=\"hover-wrap-inner\">\n            <img loading=\"lazy\" decoding=\"async\" class=\"img-with-animation skip-lazy\" data-delay=\"200\" height=\"800\" width=\"800\" data-animation=\"fade-in-from-bottom\" src=\"https:\/\/mutuallogistics.com\/wp-content\/uploads\/2025\/07\/logistique_secteur_industriel_production_alimentaire_01-800x800.jpg\" alt=\"MUTUAL LOGISTICS pr\u00e9sent tout au long de la supply chain industrielle pour les industriels du secteur de la Grande Consommation\" srcset=\"https:\/\/mutuallogistics.com\/wp-content\/uploads\/2025\/07\/logistique_secteur_industriel_production_alimentaire_01-800x800.jpg 800w, https:\/\/mutuallogistics.com\/wp-content\/uploads\/2025\/07\/logistique_secteur_industriel_production_alimentaire_01-150x150.jpg 150w, https:\/\/mutuallogistics.com\/wp-content\/uploads\/2025\/07\/logistique_secteur_industriel_production_alimentaire_01-140x140.jpg 140w, https:\/\/mutuallogistics.com\/wp-content\/uploads\/2025\/07\/logistique_secteur_industriel_production_alimentaire_01-100x100.jpg 100w, https:\/\/mutuallogistics.com\/wp-content\/uploads\/2025\/07\/logistique_secteur_industriel_production_alimentaire_01-500x500.jpg 500w, https:\/\/mutuallogistics.com\/wp-content\/uploads\/2025\/07\/logistique_secteur_industriel_production_alimentaire_01-350x350.jpg 350w\" sizes=\"auto, (max-width: 800px) 100vw, 800px\" \/>\n          <\/div>\n        <\/div>\n      <\/div>\n    <\/div>\n\t\t\t<\/div> \n\t\t<\/div>\n\t<\/div> \n\n\t<div  class=\"vc_col-sm-8 wpb_column column_container vc_column_container col no-extra-padding inherit_tablet inherit_phone\"  data-padding-pos=\"all\" data-has-bg-color=\"false\" data-bg-color=\"\" data-bg-opacity=\"1\" data-animation=\"\" data-delay=\"0\" >\n\t\t<div class=\"vc_column-inner\" >\n\t\t\t<div class=\"wpb_wrapper\">\n\t\t\t\t<h2 style=\"text-align: left\" class=\"vc_custom_heading vc_do_custom_heading vc_custom_1750753398466\" ><strong>MASS CONSUMPTION<\/strong> : Dedicated or shared logistics<\/h2>\n<div class=\"wpb_text_column wpb_content_element  vc_custom_1750753410359\" >\n\t<div class=\"wpb_wrapper\">\n\t\t<p><b>Our logistics solutions provide companies in the FMCG sector with answers to the challenges of improving service levels, streamlining flows and reducing distribution costs.\u00a0<\/b><\/p>\n<p>Specialising in the operation of warehouses and multi-customer transport, we implement massification schemes that improve the competitiveness of goods sectors and enable their players to meet supply chain challenges.<\/p>\n<p>Mutual logistics supports manufacturers in the FMCG sector throughout the industrial supply chain: raw materials procurement, internal logistics operations for transformation and production processes, storage of semi-finished and finished products, stock-keeping and management with web access portal, inter-site transport, order preparation, packaging operations, customer deliveries.<\/p>\n<p>The quality and safety of the processes used at these various stages, which are described in specifications, are certified by independent bodies.<\/p>\n\t<\/div>\n<\/div>\n\n\n\n\n\t\t\t<\/div> \n\t\t<\/div>\n\t<\/div> \n<\/div><\/div>\n\t\t<div id=\"fws_69ea34c047b9f\"  data-column-margin=\"60px\" data-midnight=\"dark\" data-top-percent=\"5%\" data-bottom-percent=\"5%\"  class=\"wpb_row vc_row-fluid vc_row full-width-section  reverse_columns_column_tablet reverse_columns_column_phone bottom_padding_tablet_60px bottom_padding_phone_80px\"  style=\"padding-top: calc(100vw * 0.05); padding-bottom: calc(100vw * 0.05); \"><div class=\"row-bg-wrap\" data-bg-animation=\"none\" data-bg-animation-delay=\"\" data-bg-overlay=\"true\"><div class=\"inner-wrap row-bg-layer\" ><div class=\"row-bg viewport-desktop\"  style=\"\"><\/div><\/div><div class=\"row-bg-overlay row-bg-layer\" style=\"background: linear-gradient(to bottom,rgba(255,255,255,0.001) 25%,#46464421 100%);  opacity: 0.3; \"><\/div><\/div><div class=\"row_col_wrap_12 col span_12 dark left\">\n\t<div style=\"margin-top: 20px; \" class=\"vc_col-sm-8 wpb_column column_container vc_column_container col has-animation no-extra-padding inherit_tablet inherit_phone mobile-disable-entrance-animation\"  data-padding-pos=\"all\" data-has-bg-color=\"false\" data-bg-color=\"\" data-bg-opacity=\"1\" data-animation=\"fade-in-from-bottom\" data-delay=\"0\" >\n\t\t<div class=\"vc_column-inner\" >\n\t\t\t<div class=\"wpb_wrapper\">\n\t\t\t\t<h2 style=\"text-align: left\" class=\"vc_custom_heading vc_do_custom_heading vc_custom_1750753436779\" ><strong>INDUSTRY<\/strong> : Tailor-made logistics<\/h2>\n<div class=\"wpb_text_column wpb_content_element  vc_custom_1750753445795\" >\n\t<div class=\"wpb_wrapper\">\n\t\t<p>Against a backdrop of tense flows and reduced lead times, costs and stocks, the logistics function is a source of competitiveness for industrial companies. The technologies we provide and the expertise of our teams enable us to meet all their transport, warehousing and overseas requirements, whatever the characteristics of their products.<\/p>\n<p>Mutual logistics is involved at every stage of the industrial supply chain: raw materials procurement, internal logistics operations for transformation and production processes, storage of semi-finished and finished products, inter-site transport, containerisation, order preparation and customer deliveries.<\/p>\n<p>The quality and safety of the processes used at these various stages, which are described in specifications, are certified by independent bodies.<\/p>\n\t<\/div>\n<\/div>\n\n\n\n\n\t\t\t<\/div> \n\t\t<\/div>\n\t<\/div> \n\n\t<div  class=\"vc_col-sm-4 wpb_column column_container vc_column_container col no-extra-padding inherit_tablet inherit_phone\"  data-padding-pos=\"all\" data-has-bg-color=\"false\" data-bg-color=\"\" data-bg-opacity=\"1\" data-animation=\"\" data-delay=\"0\" >\n\t\t<div class=\"vc_column-inner\" >\n\t\t\t<div class=\"wpb_wrapper\">\n\t\t\t\t<div class=\"divider-wrap\" data-alignment=\"default\"><div style=\"height: 40px;\" class=\"divider\"><\/div><\/div><div class=\"img-with-aniamtion-wrap  custom-size nectar-el-parallax-scroll\" data-max-width=\"100%\" data-max-width-mobile=\"default\" data-shadow=\"medium_depth\" data-animation=\"fade-in-from-bottom\" data-scroll-animation=\"true\" data-scroll-animation-movement=\"transform_y\" data-scroll-animation-mobile=\"true\" data-scroll-animation-intensity=\"2\" >\n      <div class=\"inner\">\n        <div class=\"hover-wrap\"> \n          <div class=\"hover-wrap-inner\">\n            <img loading=\"lazy\" decoding=\"async\" class=\"img-with-animation skip-lazy\" data-delay=\"200\" height=\"800\" width=\"800\" data-animation=\"fade-in-from-bottom\" src=\"https:\/\/mutuallogistics.com\/wp-content\/uploads\/2025\/06\/logistique_secteur_industriel-800x800.jpg\" alt=\"Logistique s\u00fbr-mesure, MUTUAL LOGISTICS intervient \u00e0 tous les stades de la supply chain industrielle\" srcset=\"https:\/\/mutuallogistics.com\/wp-content\/uploads\/2025\/06\/logistique_secteur_industriel-800x800.jpg 800w, https:\/\/mutuallogistics.com\/wp-content\/uploads\/2025\/06\/logistique_secteur_industriel-150x150.jpg 150w, https:\/\/mutuallogistics.com\/wp-content\/uploads\/2025\/06\/logistique_secteur_industriel-140x140.jpg 140w, https:\/\/mutuallogistics.com\/wp-content\/uploads\/2025\/06\/logistique_secteur_industriel-100x100.jpg 100w, https:\/\/mutuallogistics.com\/wp-content\/uploads\/2025\/06\/logistique_secteur_industriel-500x500.jpg 500w, https:\/\/mutuallogistics.com\/wp-content\/uploads\/2025\/06\/logistique_secteur_industriel-350x350.jpg 350w\" sizes=\"auto, (max-width: 800px) 100vw, 800px\" \/>\n          <\/div>\n        <\/div>\n      <\/div>\n    <\/div>\n\t\t\t<\/div> \n\t\t<\/div>\n\t<\/div> \n<\/div><\/div>","protected":false},"excerpt":{"rendered":"Secteurs d'activit\u00e9 DISTRIBUTION : Des solutions flexible pour une exp\u00e9rience de consommation unique \u00e0 destination des distributeurs et sp\u00e9cialistes du e-commerce La fonction logistique\u00a0est l\u2019un des principaux maillons de la...","protected":false},"author":1,"featured_media":2986,"parent":0,"menu_order":0,"comment_status":"closed","ping_status":"closed","template":"","meta":{"_seopress_robots_primary_cat":"","_seopress_titles_title":"","_seopress_titles_desc":"Logistique \u00e0 destination des distributeurs et sp\u00e9cialistes du e-commerce, logistique d\u00e9di\u00e9e ou mutualis\u00e9e pour la grande consommation et logistique s\u00fbr-mesure pour l'industrie...","_seopress_robots_index":"","inline_featured_image":false,"footnotes":""},"class_list":["post-3226","page","type-page","status-publish","has-post-thumbnail"],"_links":{"self":[{"href":"https:\/\/mutuallogistics.com\/en\/wp-json\/wp\/v2\/pages\/3226","targetHints":{"allow":["GET"]}}],"collection":[{"href":"https:\/\/mutuallogistics.com\/en\/wp-json\/wp\/v2\/pages"}],"about":[{"href":"https:\/\/mutuallogistics.com\/en\/wp-json\/wp\/v2\/types\/page"}],"author":[{"embeddable":true,"href":"https:\/\/mutuallogistics.com\/en\/wp-json\/wp\/v2\/users\/1"}],"replies":[{"embeddable":true,"href":"https:\/\/mutuallogistics.com\/en\/wp-json\/wp\/v2\/comments?post=3226"}],"version-history":[{"count":7,"href":"https:\/\/mutuallogistics.com\/en\/wp-json\/wp\/v2\/pages\/3226\/revisions"}],"predecessor-version":[{"id":3371,"href":"https:\/\/mutuallogistics.com\/en\/wp-json\/wp\/v2\/pages\/3226\/revisions\/3371"}],"wp:featuredmedia":[{"embeddable":true,"href":"https:\/\/mutuallogistics.com\/en\/wp-json\/wp\/v2\/media\/2986"}],"wp:attachment":[{"href":"https:\/\/mutuallogistics.com\/en\/wp-json\/wp\/v2\/media?parent=3226"}],"curies":[{"name":"wp","href":"https:\/\/api.w.org\/{rel}","templated":true}]}}