{"id":181,"date":"2022-01-06T11:34:52","date_gmt":"2022-01-06T10:34:52","guid":{"rendered":"https:\/\/mutuallogistics.com\/?page_id=181"},"modified":"2025-07-11T16:48:52","modified_gmt":"2025-07-11T14:48:52","slug":"mentions-legales-et-politique-de-confidentialite","status":"publish","type":"page","link":"https:\/\/mutuallogistics.com\/en\/mentions-legales-et-politique-de-confidentialite\/","title":{"rendered":"Legal information and privacy policy"},"content":{"rendered":"<div id=\"fws_69d625f6d0914\"  data-column-margin=\"default\" data-midnight=\"light\" data-top-percent=\"9%\" data-bottom-percent=\"9%\"  class=\"wpb_row vc_row-fluid vc_row full-width-section parallax_section mobile-disable-bg-image-animation\"  style=\"padding-top: calc(100vw * 0.09); padding-bottom: calc(100vw * 0.09); \"><div class=\"row-bg-wrap\" data-bg-animation=\"zoom-out-slow\" data-bg-animation-delay=\"\" data-bg-overlay=\"true\"><div class=\"inner-wrap row-bg-layer using-image\" ><div class=\"row-bg viewport-desktop using-image using-bg-color\" data-parallax-speed=\"fast\" style=\"background-image: url(https:\/\/mutuallogistics.com\/wp-content\/uploads\/2025\/05\/mutual-logistics_1280x720.jpg); background-position: center center; background-repeat: no-repeat; background-color: #aa9a72; \"><\/div><\/div><div class=\"row-bg-overlay row-bg-layer\" style=\"background: #232322; background: linear-gradient(45deg,#232322 0%,rgba(70,70,68,0.42) 100%);  opacity: 0.8; \"><\/div><\/div><div class=\"row_col_wrap_12 col span_12 light center\">\n\t<div  class=\"vc_col-sm-12 wpb_column column_container vc_column_container col no-extra-padding inherit_tablet inherit_phone\"  data-padding-pos=\"all\" data-has-bg-color=\"false\" data-bg-color=\"\" data-bg-opacity=\"1\" data-animation=\"\" data-delay=\"0\" >\n\t\t<div class=\"vc_column-inner\" >\n\t\t\t<div class=\"wpb_wrapper\">\n\t\t\t\t<h1 style=\"text-align: center\" class=\"vc_custom_heading vc_do_custom_heading wpb_animate_when_almost_visible wpb_fadeInUp fadeInUp vc_custom_1664693774519\" >Legal information and privacy policy<\/h1>\n\t\t\t<\/div> \n\t\t<\/div>\n\t<\/div> \n<\/div><\/div>\n\t\t<div id=\"fws_69d625f6d112f\"  data-column-margin=\"default\" data-midnight=\"dark\" data-top-percent=\"5%\" data-bottom-percent=\"6%\"  class=\"wpb_row vc_row-fluid vc_row\"  style=\"padding-top: calc(100vw * 0.05); padding-bottom: calc(100vw * 0.06); \"><div class=\"row-bg-wrap\" data-bg-animation=\"none\" data-bg-animation-delay=\"\" data-bg-overlay=\"false\"><div class=\"inner-wrap row-bg-layer\" ><div class=\"row-bg viewport-desktop\"  style=\"\"><\/div><\/div><\/div><div class=\"row_col_wrap_12 col span_12 dark left\">\n\t<div  class=\"vc_col-sm-12 wpb_column column_container vc_column_container col no-extra-padding inherit_tablet inherit_phone\"  data-padding-pos=\"all\" data-has-bg-color=\"false\" data-bg-color=\"\" data-bg-opacity=\"1\" data-animation=\"\" data-delay=\"0\" >\n\t\t<div class=\"vc_column-inner\" >\n\t\t\t<div class=\"wpb_wrapper\">\n\t\t\t\t\n<div class=\"wpb_text_column wpb_content_element\" >\n\t<div class=\"wpb_wrapper\">\n\t\t<h2 class=\"wp-block-heading\">MUTUAL LOGISTICS<\/h2>\n<p>L\u2019adresse de notre site Web est :\u00a0<strong>www.mutuallogistics.com<\/strong><\/p>\n<h4 class=\"wp-block-heading\">Donn\u00e9es personnelles et cookies<\/h4>\n<p>Une utilisation de cookies est faite de fa\u00e7on anonyme pour permettre de r\u00e9aliser des statistiques de visites via Google Analytics.<br \/>\nLes donn\u00e9es (anonymes) recueillies sont conserv\u00e9es durant 6 mois.<\/p>\n<h4>Copyright \u00a9<\/h4>\n<p>La reproduction ou la repr\u00e9sentation en tout ou partie des \u00e9l\u00e9ments se trouvant sur le site est strictement interdite.<\/p>\n<h4>Droit d\u2019auteur<\/h4>\n<p>Les droits de reproduction et de repr\u00e9sentation de l\u2019ensemble des \u0153uvres repr\u00e9sent\u00e9es sur le site sont strictement r\u00e9serv\u00e9s.<br \/>\nEn cons\u00e9quence, la reproduction et la repr\u00e9sentation de tout ou partie de ce site, sur quelque support que ce soit, est formellement interdite sauf autorisation \u00e9crite expresse du responsable de la publication.<\/p>\n<h4 class=\"wp-block-heading\">Informations de contact<\/h4>\n<p>MUTUAL LOGISTICS<br \/>\n17 bis rue Sadi Carnot<br \/>\n14000 CAEN<br \/>\n02 31 24 92 38<br \/>\n<a href=\"\/en\/contact\/\">&gt; Formulaire de contact<\/a><\/p>\n<h4 class=\"wp-block-heading\">Directeur de publication<\/h4>\n<p>Le site Internet\u00a0<strong><a href=\"https:\/\/mutuallogistics.com\/en\/\" rel=\"nofollow\">www.mutuallogistics.com<\/a><\/strong> est la propri\u00e9t\u00e9 de Mutual Logistics dont le si\u00e8ge est situ\u00e9 17 bis rue Sadi Carnot 14000 CAEN, t\u00e9l : 02 31 24 92 38.<br \/>\nLe directeur de la publication est Perrine Denis.<\/p>\n<h4>H\u00e9bergement<\/h4>\n<p><strong>OVH<\/strong><br \/>\n2 rue Kellermann<br \/>\n59100 ROUBAIX \u2013 France<br \/>\nT\u00e9l : 1007<\/p>\n<h4>R\u00e9alisation<\/h4>\n<p><strong>Jean-Michel CHEMIN<\/strong><br \/>\n5 rue du Moulin Neuf<br \/>\n35520 La Chapelle-des-Fougeretz<br \/>\n<a href=\"https:\/\/cheminjm.fr\" target=\"_blank\" rel=\"noopener\">www.cheminjm.fr<\/a><\/p>\n\t<\/div>\n<\/div>\n\n\n\n\n\t\t\t<\/div> \n\t\t<\/div>\n\t<\/div> \n<\/div><\/div>","protected":false},"excerpt":{"rendered":"Mentions l\u00e9gales et politique de confidentialit\u00e9 MUTUAL LOGISTICS L\u2019adresse de notre site Web est :\u00a0www.mutuallogistics.com Donn\u00e9es personnelles et cookies Une utilisation de cookies est faite de fa\u00e7on anonyme pour permettre...","protected":false},"author":1,"featured_media":2986,"parent":0,"menu_order":0,"comment_status":"closed","ping_status":"closed","template":"","meta":{"_seopress_robots_primary_cat":"","_seopress_titles_title":"Mentions l\u00e9gales et Politique de Confidentialit\u00e9 - Mutual Logistics","_seopress_titles_desc":"D\u00e9couvrez nos Mentions l\u00e9gales et Politique de Confidentialit\u00e9","_seopress_robots_index":"","inline_featured_image":false,"footnotes":""},"class_list":["post-181","page","type-page","status-publish","has-post-thumbnail"],"_links":{"self":[{"href":"https:\/\/mutuallogistics.com\/en\/wp-json\/wp\/v2\/pages\/181","targetHints":{"allow":["GET"]}}],"collection":[{"href":"https:\/\/mutuallogistics.com\/en\/wp-json\/wp\/v2\/pages"}],"about":[{"href":"https:\/\/mutuallogistics.com\/en\/wp-json\/wp\/v2\/types\/page"}],"author":[{"embeddable":true,"href":"https:\/\/mutuallogistics.com\/en\/wp-json\/wp\/v2\/users\/1"}],"replies":[{"embeddable":true,"href":"https:\/\/mutuallogistics.com\/en\/wp-json\/wp\/v2\/comments?post=181"}],"version-history":[{"count":13,"href":"https:\/\/mutuallogistics.com\/en\/wp-json\/wp\/v2\/pages\/181\/revisions"}],"predecessor-version":[{"id":3250,"href":"https:\/\/mutuallogistics.com\/en\/wp-json\/wp\/v2\/pages\/181\/revisions\/3250"}],"wp:featuredmedia":[{"embeddable":true,"href":"https:\/\/mutuallogistics.com\/en\/wp-json\/wp\/v2\/media\/2986"}],"wp:attachment":[{"href":"https:\/\/mutuallogistics.com\/en\/wp-json\/wp\/v2\/media?parent=181"}],"curies":[{"name":"wp","href":"https:\/\/api.w.org\/{rel}","templated":true}]}}